{"id":6353,"date":"2024-07-17T01:55:40","date_gmt":"2024-07-16T23:55:40","guid":{"rendered":"https:\/\/carniaflex.com\/careers"},"modified":"2025-04-09T23:49:50","modified_gmt":"2025-04-09T21:49:50","slug":"careers","status":"publish","type":"page","link":"https:\/\/carniaflex.com\/de\/careers","title":{"rendered":"Careers"},"content":{"rendered":"\n<div class=\"wp-block-group alignfull has-global-padding is-layout-constrained wp-container-core-group-is-layout-1 wp-block-group-is-layout-constrained\" style=\"padding-top:var(--wp--preset--spacing--40);padding-right:var(--wp--preset--spacing--20);padding-bottom:var(--wp--preset--spacing--40);padding-left:var(--wp--preset--spacing--20)\">\n<div class=\"wp-block-columns alignwide tw-cols-stack-md is-layout-flex wp-container-core-columns-is-layout-1 wp-block-columns-is-layout-flex tw-block-animation tw-animation-fade-in-up tw-large-gap\" style=\"margin-bottom:60px\">\n<div class=\"wp-block-column is-layout-flow wp-block-column-is-layout-flow\">\n<h2 class=\"wp-block-heading tw-block-animation tw-animation-fade-in-up\">Schlie\u00dfen Sie sich uns an<\/h2>\n<\/div>\n\n\n\n<div class=\"wp-block-column is-layout-flow wp-block-column-is-layout-flow\">\n<p class=\"tw-block-animation tw-animation-fade-in-up\" style=\"--tw-animation-delay:0.3s;line-height:1.4\">Bei Carniaflex sind wir stets auf der Suche nach leidenschaftlichen und motivierten Talenten, um unser Team zu bereichern. Wir glauben, dass unser Erfolg von den Menschen abh\u00e4ngt, die mit uns arbeiten. Deshalb bieten wir ein dynamisches, inspirierendes Arbeitsumfeld mit Fokus auf berufliches Wachstum.<\/p>\n\n\n\n<div class=\"wp-block-buttons is-layout-flex wp-block-buttons-is-layout-flex tw-block-animation tw-animation-fade-in-up\" style=\"--tw-animation-delay:0.6s;margin-top:var(--wp--preset--spacing--20);margin-bottom:var(--wp--preset--spacing--20)\">\n<div class=\"wp-block-button is-style-outline is-style-outline--1\"><a class=\"wp-block-button__link wp-element-button\" href=\"#Offene-Stellen\">Offene Stellen ansehen<\/a><\/div>\n<\/div>\n<\/div>\n<\/div>\n\n\n\n<figure class=\"wp-block-image alignwide size-large tw-block-animation tw-animation-wipe-left\"><img data-recalc-dims=\"1\" loading=\"lazy\" decoding=\"async\" width=\"1024\" height=\"768\" src=\"https:\/\/i0.wp.com\/carniaflex.com\/wp-content\/uploads\/2024\/07\/DSCN8007-1.jpg?resize=1024%2C768&#038;ssl=1\" alt=\"\" class=\"wp-image-5277\" srcset=\"https:\/\/i0.wp.com\/carniaflex.com\/wp-content\/uploads\/2024\/07\/DSCN8007-1-scaled.jpg?resize=1024%2C768&amp;ssl=1 1024w, https:\/\/i0.wp.com\/carniaflex.com\/wp-content\/uploads\/2024\/07\/DSCN8007-1-scaled.jpg?resize=300%2C225&amp;ssl=1 300w, https:\/\/i0.wp.com\/carniaflex.com\/wp-content\/uploads\/2024\/07\/DSCN8007-1-scaled.jpg?resize=768%2C576&amp;ssl=1 768w, https:\/\/i0.wp.com\/carniaflex.com\/wp-content\/uploads\/2024\/07\/DSCN8007-1-scaled.jpg?resize=50%2C38&amp;ssl=1 50w, https:\/\/i0.wp.com\/carniaflex.com\/wp-content\/uploads\/2024\/07\/DSCN8007-1-scaled.jpg?resize=1600%2C1200&amp;ssl=1 1600w, https:\/\/i0.wp.com\/carniaflex.com\/wp-content\/uploads\/2024\/07\/DSCN8007-1-scaled.jpg?resize=1536%2C1152&amp;ssl=1 1536w, https:\/\/i0.wp.com\/carniaflex.com\/wp-content\/uploads\/2024\/07\/DSCN8007-1-scaled.jpg?resize=2048%2C1536&amp;ssl=1 2048w\" sizes=\"auto, (max-width: 1000px) 100vw, 1000px\" \/><\/figure>\n<\/div>\n\n\n\n<div class=\"wp-block-group alignfull has-global-padding is-layout-constrained wp-container-core-group-is-layout-2 wp-block-group-is-layout-constrained\" style=\"padding-top:var(--wp--preset--spacing--40);padding-right:var(--wp--preset--spacing--20);padding-bottom:var(--wp--preset--spacing--40);padding-left:var(--wp--preset--spacing--20)\">\n<div class=\"wp-block-columns alignwide tw-cols-stack-md is-layout-flex wp-container-core-columns-is-layout-2 wp-block-columns-is-layout-flex tw-block-animation tw-animation-fade-in-up tw-large-gap\" style=\"margin-bottom:60px\">\n<div class=\"wp-block-column is-layout-flow wp-block-column-is-layout-flow\">\n<h2 style=\"--tw-animation-delay:0.3s;\" class=\"wp-block-heading tw-block-animation tw-animation-fade-in-up\"><strong>Warum Carniaflex?<\/strong><\/h2>\n<\/div>\n\n\n\n<div class=\"wp-block-column is-layout-flow wp-block-column-is-layout-flow\">\n<ul class=\"wp-block-list is-style-tw-border\">\n<li>St\u00e4ndige Innovation \u2013 Arbeiten bei uns bedeutet, Teil eines Unternehmens zu sein, das kontinuierlich in Forschung und Entwicklung investiert und modernste Technologien und L\u00f6sungen erkundet.<\/li>\n\n\n\n<li class=\"tw-block-animation tw-animation-fade-in\" style=\"--tw-animation-delay:0.6s;\">Kollaboratives Arbeitsumfeld \u2013 Wir f\u00f6rdern eine Unternehmenskultur, die auf Zusammenarbeit, gegenseitigem Respekt und der Wertsch\u00e4tzung individueller Kompetenzen basiert.<\/li>\n\n\n\n<li>Fortbildung und Entwicklung \u2013 Wir bieten kontinuierliche Schulungsprogramme, um das Wachstum und die Entwicklung unserer Mitarbeiter zu unterst\u00fctzen.<\/li>\n\n\n\n<li>Nachhaltigkeit und soziale Verantwortung \u2013 Wir setzen uns f\u00fcr nachhaltiges Wirtschaften ein und tragen positiv zum Wohl unserer Gemeinschaft und der Umwelt bei.<\/li>\n<\/ul>\n<\/div>\n<\/div>\n<\/div>\n\n\n\n<div class=\"wp-block-group alignfull has-base-2-background-color has-background has-global-padding is-layout-constrained wp-container-core-group-is-layout-3 wp-block-group-is-layout-constrained\" id=\"posizioni-aperte\" style=\"padding-top:25vh;padding-right:var(--wp--preset--spacing--20);padding-bottom:25vh;padding-left:var(--wp--preset--spacing--20)\">\n<div class=\"wp-block-columns alignwide tw-cols-stack-md is-layout-flex wp-container-core-columns-is-layout-3 wp-block-columns-is-layout-flex tw-block-animation tw-animation-fade-in-up tw-large-gap\" style=\"margin-bottom:60px\">\n<div class=\"wp-block-column is-layout-flow wp-block-column-is-layout-flow\">\n<h2 style=\"--tw-animation-delay:0.3s;\" class=\"wp-block-heading tw-block-animation tw-animation-fade-in-up\"><strong>Offene Stellen<\/strong><\/h2>\n<\/div>\n\n\n\n<div class=\"wp-block-column is-layout-flow wp-block-column-is-layout-flow\">\n<ul style=\"--tw-animation-delay:0.6s;\" class=\"wp-block-list is-style-tw-border tw-block-animation tw-animation-fade-in-up\">\n<li>Aktuell gibt es keine offenen Stellen.<\/li>\n<\/ul>\n<\/div>\n<\/div>\n<\/div>\n\n\n\n<div class=\"wp-block-group alignfull has-global-padding is-layout-constrained wp-container-core-group-is-layout-4 wp-block-group-is-layout-constrained\" style=\"padding-top:var(--wp--preset--spacing--40);padding-right:var(--wp--preset--spacing--20);padding-bottom:var(--wp--preset--spacing--40);padding-left:var(--wp--preset--spacing--20)\">\n<div class=\"wp-block-columns alignwide tw-cols-stack-md is-layout-flex wp-container-core-columns-is-layout-4 wp-block-columns-is-layout-flex tw-block-animation tw-animation-fade-in-up tw-large-gap\" style=\"margin-bottom:60px\">\n<div class=\"wp-block-column is-layout-flow wp-container-core-column-is-layout-7 wp-block-column-is-layout-flow\">\n<figure class=\"wp-block-image size-large wp-duotone-212121-f9f8f5-2 tw-block-animation tw-animation-wipe-right\"><img data-recalc-dims=\"1\" loading=\"lazy\" decoding=\"async\" width=\"1630\" height=\"1630\" src=\"https:\/\/i0.wp.com\/carniaflex.com\/wp-content\/uploads\/2025\/04\/DSCN7850-scaled-e1743586839699.jpg?resize=1630%2C1630&#038;ssl=1\" alt=\"\" class=\"wp-image-6775\" style=\"aspect-ratio:16\/9;object-fit:cover\" srcset=\"https:\/\/i0.wp.com\/carniaflex.com\/wp-content\/uploads\/2025\/04\/DSCN7850-scaled-e1743586839699.jpg?w=1630&amp;ssl=1 1630w, https:\/\/i0.wp.com\/carniaflex.com\/wp-content\/uploads\/2025\/04\/DSCN7850-scaled-e1743586839699.jpg?resize=300%2C300&amp;ssl=1 300w, https:\/\/i0.wp.com\/carniaflex.com\/wp-content\/uploads\/2025\/04\/DSCN7850-scaled-e1743586839699.jpg?resize=1024%2C1024&amp;ssl=1 1024w, https:\/\/i0.wp.com\/carniaflex.com\/wp-content\/uploads\/2025\/04\/DSCN7850-scaled-e1743586839699.jpg?resize=150%2C150&amp;ssl=1 150w, https:\/\/i0.wp.com\/carniaflex.com\/wp-content\/uploads\/2025\/04\/DSCN7850-scaled-e1743586839699.jpg?resize=768%2C768&amp;ssl=1 768w, https:\/\/i0.wp.com\/carniaflex.com\/wp-content\/uploads\/2025\/04\/DSCN7850-scaled-e1743586839699.jpg?resize=1536%2C1536&amp;ssl=1 1536w\" sizes=\"auto, (max-width: 1000px) 100vw, 1000px\" \/><\/figure>\n\n\n\n<figure class=\"wp-block-image size-large wp-duotone-212121-f9f8f5-3 tw-block-animation tw-animation-wipe-right\"><img data-recalc-dims=\"1\" loading=\"lazy\" decoding=\"async\" width=\"768\" height=\"1024\" src=\"https:\/\/i0.wp.com\/carniaflex.com\/wp-content\/uploads\/2024\/07\/DSCN7976-1.jpg?resize=768%2C1024&#038;ssl=1\" alt=\"\" class=\"wp-image-5461\" style=\"aspect-ratio:16\/9;object-fit:cover\" srcset=\"https:\/\/i0.wp.com\/carniaflex.com\/wp-content\/uploads\/2024\/07\/DSCN7976-1-scaled.jpg?resize=768%2C1024&amp;ssl=1 768w, https:\/\/i0.wp.com\/carniaflex.com\/wp-content\/uploads\/2024\/07\/DSCN7976-1-scaled.jpg?resize=225%2C300&amp;ssl=1 225w, https:\/\/i0.wp.com\/carniaflex.com\/wp-content\/uploads\/2024\/07\/DSCN7976-1-scaled.jpg?resize=1152%2C1536&amp;ssl=1 1152w, https:\/\/i0.wp.com\/carniaflex.com\/wp-content\/uploads\/2024\/07\/DSCN7976-1-scaled.jpg?resize=1536%2C2048&amp;ssl=1 1536w, https:\/\/i0.wp.com\/carniaflex.com\/wp-content\/uploads\/2024\/07\/DSCN7976-1-scaled.jpg?w=1920&amp;ssl=1 1920w\" sizes=\"auto, (max-width: 768px) 100vw, 768px\" \/><\/figure>\n<\/div>\n\n\n\n<div class=\"wp-block-column is-layout-flow wp-container-core-column-is-layout-8 wp-block-column-is-layout-flow tw-block-animation tw-animation-fade-in-up\">\n<h3 class=\"wp-block-heading\"><strong>Bewerbung<\/strong><\/h3>\n\n\n\n<p>Senden Sie uns Ihren Lebenslauf und ein Anschreiben. Geben Sie dabei klar an, f\u00fcr welche Position Sie sich bewerben und warum Sie der ideale Kandidat f\u00fcr Carniaflex sind.<\/p>\n\n\n\n<hr class=\"wp-block-separator has-text-color has-alpha-channel-opacity has-background is-style-wide\" style=\"margin-top:var(--wp--preset--spacing--40);margin-bottom:var(--wp--preset--spacing--40);background-color:#d1cdcd;color:#d1cdcd\"\/>\n\n\n\n<h3 class=\"wp-block-heading\"><strong>Keine passende Stelle gefunden?<\/strong><\/h3>\n\n\n\n<p>Sollte derzeit keine offene Position mit Ihren F\u00e4higkeiten \u00fcbereinstimmen, senden Sie uns dennoch Ihren Lebenslauf. Wir sind immer auf der Suche nach neuen Talenten und k\u00f6nnten Sie f\u00fcr zuk\u00fcnftige M\u00f6glichkeiten kontaktieren.<\/p>\n\n\n\n<p class=\"is-style-default\">Schreiben Sie uns an <a href=\"mailto:carniaflex@carniaflex.it\"><strong>carniaflex@carniaflex.it<\/strong><\/a><\/p>\n<\/div>\n<\/div>\n<\/div>\n","protected":false},"excerpt":{"rendered":"<p>Schlie\u00dfen Sie sich uns an Bei Carniaflex sind wir stets auf der Suche nach leidenschaftlichen und motivierten Talenten, um unser Team zu bereichern. Wir glauben, dass unser Erfolg von den Menschen abh\u00e4ngt, die mit uns arbeiten. Deshalb bieten wir ein dynamisches, inspirierendes Arbeitsumfeld mit Fokus auf berufliches Wachstum. Warum Carniaflex? Offene Stellen Bewerbung Senden Sie [&hellip;]<\/p>\n","protected":false},"author":1,"featured_media":0,"parent":0,"menu_order":0,"comment_status":"closed","ping_status":"closed","template":"","meta":{"_coblocks_attr":"","_coblocks_dimensions":"","_coblocks_responsive_height":"","_coblocks_accordion_ie_support":"","footnotes":""},"class_list":["post-6353","page","type-page","status-publish","hentry"],"yoast_head":"<!-- This site is optimized with the Yoast SEO plugin v24.5 - https:\/\/yoast.com\/wordpress\/plugins\/seo\/ -->\n<title>Careers - Carniaflex<\/title>\n<meta name=\"robots\" content=\"index, follow, max-snippet:-1, max-image-preview:large, max-video-preview:-1\" \/>\n<link rel=\"canonical\" href=\"https:\/\/carniaflex.com\/de\/careers\" \/>\n<meta property=\"og:locale\" content=\"de_DE\" \/>\n<meta property=\"og:type\" content=\"article\" \/>\n<meta property=\"og:title\" content=\"Careers - Carniaflex\" \/>\n<meta property=\"og:description\" content=\"Schlie\u00dfen Sie sich uns an Bei Carniaflex sind wir stets auf der Suche nach leidenschaftlichen und motivierten Talenten, um unser Team zu bereichern. Wir glauben, dass unser Erfolg von den Menschen abh\u00e4ngt, die mit uns arbeiten. Deshalb bieten wir ein dynamisches, inspirierendes Arbeitsumfeld mit Fokus auf berufliches Wachstum. Warum Carniaflex? Offene Stellen Bewerbung Senden Sie [&hellip;]\" \/>\n<meta property=\"og:url\" content=\"https:\/\/carniaflex.com\/de\/careers\" \/>\n<meta property=\"og:site_name\" content=\"Carniaflex\" \/>\n<meta property=\"article:modified_time\" content=\"2025-04-09T21:49:50+00:00\" \/>\n<meta property=\"og:image\" content=\"https:\/\/carniaflex.com\/wp-content\/uploads\/2024\/07\/DSCN8007-1-1024x768.jpg\" \/>\n<meta name=\"twitter:card\" content=\"summary_large_image\" \/>\n<meta name=\"twitter:label1\" content=\"Gesch\u00e4tzte Lesezeit\" \/>\n\t<meta name=\"twitter:data1\" content=\"2\u00a0Minuten\" \/>\n<script type=\"application\/ld+json\" class=\"yoast-schema-graph\">{\"@context\":\"https:\/\/schema.org\",\"@graph\":[{\"@type\":\"WebPage\",\"@id\":\"https:\/\/carniaflex.com\/de\/careers\",\"url\":\"https:\/\/carniaflex.com\/de\/careers\",\"name\":\"Careers - Carniaflex\",\"isPartOf\":{\"@id\":\"https:\/\/carniaflex.com\/de#website\"},\"primaryImageOfPage\":{\"@id\":\"https:\/\/carniaflex.com\/de\/careers#primaryimage\"},\"image\":{\"@id\":\"https:\/\/carniaflex.com\/de\/careers#primaryimage\"},\"thumbnailUrl\":\"https:\/\/carniaflex.com\/wp-content\/uploads\/2024\/07\/DSCN8007-1-1024x768.jpg\",\"datePublished\":\"2024-07-16T23:55:40+00:00\",\"dateModified\":\"2025-04-09T21:49:50+00:00\",\"breadcrumb\":{\"@id\":\"https:\/\/carniaflex.com\/de\/careers#breadcrumb\"},\"inLanguage\":\"de\",\"potentialAction\":[{\"@type\":\"ReadAction\",\"target\":[\"https:\/\/carniaflex.com\/de\/careers\"]}]},{\"@type\":\"ImageObject\",\"inLanguage\":\"de\",\"@id\":\"https:\/\/carniaflex.com\/de\/careers#primaryimage\",\"url\":\"https:\/\/carniaflex.com\/wp-content\/uploads\/2024\/07\/DSCN8007-1-1024x768.jpg\",\"contentUrl\":\"https:\/\/carniaflex.com\/wp-content\/uploads\/2024\/07\/DSCN8007-1-1024x768.jpg\"},{\"@type\":\"BreadcrumbList\",\"@id\":\"https:\/\/carniaflex.com\/de\/careers#breadcrumb\",\"itemListElement\":[{\"@type\":\"ListItem\",\"position\":1,\"name\":\"Home\",\"item\":\"https:\/\/carniaflex.com\/de\"},{\"@type\":\"ListItem\",\"position\":2,\"name\":\"Careers\"}]},{\"@type\":\"WebSite\",\"@id\":\"https:\/\/carniaflex.com\/de#website\",\"url\":\"https:\/\/carniaflex.com\/de\",\"name\":\"Carniaflex\",\"description\":\"\",\"publisher\":{\"@id\":\"https:\/\/carniaflex.com\/de#organization\"},\"potentialAction\":[{\"@type\":\"SearchAction\",\"target\":{\"@type\":\"EntryPoint\",\"urlTemplate\":\"https:\/\/carniaflex.com\/de?s={search_term_string}\"},\"query-input\":{\"@type\":\"PropertyValueSpecification\",\"valueRequired\":true,\"valueName\":\"search_term_string\"}}],\"inLanguage\":\"de\"},{\"@type\":\"Organization\",\"@id\":\"https:\/\/carniaflex.com\/de#organization\",\"name\":\"Carniaflex\",\"url\":\"https:\/\/carniaflex.com\/de\",\"logo\":{\"@type\":\"ImageObject\",\"inLanguage\":\"de\",\"@id\":\"https:\/\/carniaflex.com\/de#\/schema\/logo\/image\/\",\"url\":\"https:\/\/carniaflex.com\/wp-content\/uploads\/2023\/05\/carniaflex_logo.svg\",\"contentUrl\":\"https:\/\/carniaflex.com\/wp-content\/uploads\/2023\/05\/carniaflex_logo.svg\",\"width\":1132,\"height\":279,\"caption\":\"Carniaflex\"},\"image\":{\"@id\":\"https:\/\/carniaflex.com\/de#\/schema\/logo\/image\/\"}}]}<\/script>\n<!-- \/ Yoast SEO plugin. -->","yoast_head_json":{"title":"Careers - Carniaflex","robots":{"index":"index","follow":"follow","max-snippet":"max-snippet:-1","max-image-preview":"max-image-preview:large","max-video-preview":"max-video-preview:-1"},"canonical":"https:\/\/carniaflex.com\/de\/careers","og_locale":"de_DE","og_type":"article","og_title":"Careers - Carniaflex","og_description":"Schlie\u00dfen Sie sich uns an Bei Carniaflex sind wir stets auf der Suche nach leidenschaftlichen und motivierten Talenten, um unser Team zu bereichern. Wir glauben, dass unser Erfolg von den Menschen abh\u00e4ngt, die mit uns arbeiten. Deshalb bieten wir ein dynamisches, inspirierendes Arbeitsumfeld mit Fokus auf berufliches Wachstum. Warum Carniaflex? Offene Stellen Bewerbung Senden Sie [&hellip;]","og_url":"https:\/\/carniaflex.com\/de\/careers","og_site_name":"Carniaflex","article_modified_time":"2025-04-09T21:49:50+00:00","og_image":[{"url":"https:\/\/carniaflex.com\/wp-content\/uploads\/2024\/07\/DSCN8007-1-1024x768.jpg","type":"","width":"","height":""}],"twitter_card":"summary_large_image","twitter_misc":{"Gesch\u00e4tzte Lesezeit":"2\u00a0Minuten"},"schema":{"@context":"https:\/\/schema.org","@graph":[{"@type":"WebPage","@id":"https:\/\/carniaflex.com\/de\/careers","url":"https:\/\/carniaflex.com\/de\/careers","name":"Careers - Carniaflex","isPartOf":{"@id":"https:\/\/carniaflex.com\/de#website"},"primaryImageOfPage":{"@id":"https:\/\/carniaflex.com\/de\/careers#primaryimage"},"image":{"@id":"https:\/\/carniaflex.com\/de\/careers#primaryimage"},"thumbnailUrl":"https:\/\/carniaflex.com\/wp-content\/uploads\/2024\/07\/DSCN8007-1-1024x768.jpg","datePublished":"2024-07-16T23:55:40+00:00","dateModified":"2025-04-09T21:49:50+00:00","breadcrumb":{"@id":"https:\/\/carniaflex.com\/de\/careers#breadcrumb"},"inLanguage":"de","potentialAction":[{"@type":"ReadAction","target":["https:\/\/carniaflex.com\/de\/careers"]}]},{"@type":"ImageObject","inLanguage":"de","@id":"https:\/\/carniaflex.com\/de\/careers#primaryimage","url":"https:\/\/carniaflex.com\/wp-content\/uploads\/2024\/07\/DSCN8007-1-1024x768.jpg","contentUrl":"https:\/\/carniaflex.com\/wp-content\/uploads\/2024\/07\/DSCN8007-1-1024x768.jpg"},{"@type":"BreadcrumbList","@id":"https:\/\/carniaflex.com\/de\/careers#breadcrumb","itemListElement":[{"@type":"ListItem","position":1,"name":"Home","item":"https:\/\/carniaflex.com\/de"},{"@type":"ListItem","position":2,"name":"Careers"}]},{"@type":"WebSite","@id":"https:\/\/carniaflex.com\/de#website","url":"https:\/\/carniaflex.com\/de","name":"Carniaflex","description":"","publisher":{"@id":"https:\/\/carniaflex.com\/de#organization"},"potentialAction":[{"@type":"SearchAction","target":{"@type":"EntryPoint","urlTemplate":"https:\/\/carniaflex.com\/de?s={search_term_string}"},"query-input":{"@type":"PropertyValueSpecification","valueRequired":true,"valueName":"search_term_string"}}],"inLanguage":"de"},{"@type":"Organization","@id":"https:\/\/carniaflex.com\/de#organization","name":"Carniaflex","url":"https:\/\/carniaflex.com\/de","logo":{"@type":"ImageObject","inLanguage":"de","@id":"https:\/\/carniaflex.com\/de#\/schema\/logo\/image\/","url":"https:\/\/carniaflex.com\/wp-content\/uploads\/2023\/05\/carniaflex_logo.svg","contentUrl":"https:\/\/carniaflex.com\/wp-content\/uploads\/2023\/05\/carniaflex_logo.svg","width":1132,"height":279,"caption":"Carniaflex"},"image":{"@id":"https:\/\/carniaflex.com\/de#\/schema\/logo\/image\/"}}]}},"jetpack_sharing_enabled":true,"mfb_rest_fields":["yoast_head","yoast_head_json","jetpack_sharing_enabled"],"_links":{"self":[{"href":"https:\/\/carniaflex.com\/de\/wp-json\/wp\/v2\/pages\/6353","targetHints":{"allow":["GET"]}}],"collection":[{"href":"https:\/\/carniaflex.com\/de\/wp-json\/wp\/v2\/pages"}],"about":[{"href":"https:\/\/carniaflex.com\/de\/wp-json\/wp\/v2\/types\/page"}],"author":[{"embeddable":true,"href":"https:\/\/carniaflex.com\/de\/wp-json\/wp\/v2\/users\/1"}],"replies":[{"embeddable":true,"href":"https:\/\/carniaflex.com\/de\/wp-json\/wp\/v2\/comments?post=6353"}],"version-history":[{"count":5,"href":"https:\/\/carniaflex.com\/de\/wp-json\/wp\/v2\/pages\/6353\/revisions"}],"predecessor-version":[{"id":6830,"href":"https:\/\/carniaflex.com\/de\/wp-json\/wp\/v2\/pages\/6353\/revisions\/6830"}],"wp:attachment":[{"href":"https:\/\/carniaflex.com\/de\/wp-json\/wp\/v2\/media?parent=6353"}],"curies":[{"name":"wp","href":"https:\/\/api.w.org\/{rel}","templated":true}]}}