{"id":6361,"date":"2024-07-16T12:55:54","date_gmt":"2024-07-16T10:55:54","guid":{"rendered":"https:\/\/carniaflex.com\/anreise-zu-uns"},"modified":"2025-02-18T21:26:22","modified_gmt":"2025-02-18T20:26:22","slug":"anreise-zu-uns","status":"publish","type":"page","link":"https:\/\/carniaflex.com\/de\/anreise-zu-uns","title":{"rendered":"Anfahrt"},"content":{"rendered":"\n<div class=\"wp-block-group alignfull has-global-padding is-layout-constrained wp-container-core-group-is-layout-6 wp-block-group-is-layout-constrained tw-block-animation tw-animation-fade-in\" style=\"padding-top:4rem;padding-right:2rem;padding-bottom:4rem;padding-left:2rem\">\n<div class=\"wp-block-columns alignwide are-vertically-aligned-center is-layout-flex wp-container-core-columns-is-layout-1 wp-block-columns-is-layout-flex tw-block-animation tw-animation-fade-in-up\">\n<div class=\"wp-block-column is-vertically-aligned-center is-layout-flow wp-container-core-column-is-layout-1 wp-block-column-is-layout-flow\" style=\"--col-width:50%;padding-top:0;padding-right:0;padding-bottom:0;padding-left:0;flex-basis:50%\">\n<div class=\"wp-block-group has-global-padding is-layout-constrained wp-container-core-group-is-layout-4 wp-block-group-is-layout-constrained\">\n<p class=\"has-medium-font-size\">Carniaflex befindet sich im Herzen der Carnia und ist sowohl mit dem Auto als auch mit \u00f6ffentlichen Verkehrsmitteln leicht erreichbar. Hier finden Sie die Anfahrtsbeschreibung zu unserem Standort: <\/p>\n\n\n\n<div style=\"--tw-animation-delay:0.3s;\" class=\"wp-block-group has-global-padding is-layout-constrained wp-block-group-is-layout-constrained tw-block-animation tw-animation-fade-in\">\n<h3 class=\"wp-block-heading\" style=\"font-size:clamp(1.125rem, 1.125rem + ((1vw - 0.2rem) * 0.625), 1.5rem);\"><strong>Mit dem Auto<\/strong><\/h3>\n\n\n\n<p>Nehmen Sie die Autobahn A23 bis zur Ausfahrt Carnia. Folgen Sie den Schildern nach Tolmezzo, dann nach Villa Santina und schlie\u00dflich zu Carniaflex. <\/p>\n<\/div>\n\n\n\n<div style=\"--tw-animation-delay:0.6s;\" class=\"wp-block-group has-global-padding is-layout-constrained wp-block-group-is-layout-constrained tw-block-animation tw-animation-fade-in\">\n<h3 class=\"wp-block-heading\" style=\"font-size:clamp(1.125rem, 1.125rem + ((1vw - 0.2rem) * 0.625), 1.5rem);\"><strong>Mit dem Zug<\/strong><\/h3>\n\n\n\n<p>Steigen Sie an der Bahnhof Carnia aus. Von dort aus k\u00f6nnen Sie entweder ein Taxi oder einen \u00f6rtlichen Bus nehmen, um unser Unternehmen zu erreichen. <\/p>\n<\/div>\n\n\n\n<div style=\"--tw-animation-delay:0.9s;\" class=\"wp-block-group has-global-padding is-layout-constrained wp-block-group-is-layout-constrained tw-block-animation tw-animation-fade-in\">\n<h3 class=\"wp-block-heading\" style=\"font-size:clamp(1.125rem, 1.125rem + ((1vw - 0.2rem) * 0.625), 1.5rem);\"><strong>Mit dem Flugzeug<\/strong><\/h3>\n\n\n\n<p>Die n\u00e4chstgelegenen Flugh\u00e4fen sind Triest (Trieste Airport &#8211; Ronchi dei Legionari) und Venedig (Marco Polo). Von beiden Flugh\u00e4fen aus k\u00f6nnen Sie entweder mit dem Zug anreisen oder ein Auto mieten, um Carniaflex zu erreichen. <\/p>\n<\/div>\n<\/div>\n<\/div>\n\n\n\n<div class=\"wp-block-column is-vertically-aligned-center is-layout-flow wp-block-column-is-layout-flow\" style=\"--col-width:50%;flex-basis:50%\">\n<div class=\"wp-block-group has-global-padding is-layout-constrained wp-block-group-is-layout-constrained tw-block-animation tw-animation-fade-in-up\">\t\t<div id=\"wpmapblock_6c8b65f0\" data-settings='{&quot;map_marker&quot;:[{&quot;id&quot;:&quot;0&quot;,&quot;lat&quot;:&quot;46.522795731203&quot;,&quot;lng&quot;:&quot;13.007673025131&quot;,&quot;title&quot;:&quot;Carniaflex&quot;,&quot;content&quot;:&quot;&quot;,&quot;iconType&quot;:&quot;custom&quot;,&quot;customIconUrl&quot;:&quot;https:\\\/\\\/carniaflex.com\\\/wp-content\\\/uploads\\\/2024\\\/07\\\/logo-300x300-1.png&quot;,&quot;customIconWidth&quot;:&quot;32&quot;,&quot;customIconHeight&quot;:&quot;32&quot;}],&quot;map_zoom&quot;:&quot;12&quot;,&quot;scroll_wheel_zoom&quot;:false,&quot;map_type&quot;:&quot;GM&quot;,&quot;center_index&quot;:0}' class=\"wpmapblockrender\" style=\"\n\t\t\twidth: 100%;\n\t\t\theight: 500px;\n\t\t\"><\/div>\n        <\/div>\n<\/div>\n<\/div>\n<\/div>\n","protected":false},"excerpt":{"rendered":"<p>Carniaflex befindet sich im Herzen der Carnia und ist sowohl mit dem Auto als auch mit \u00f6ffentlichen Verkehrsmitteln leicht erreichbar. Hier finden Sie die Anfahrtsbeschreibung zu unserem Standort: Mit dem Auto Nehmen Sie die Autobahn A23 bis zur Ausfahrt Carnia. Folgen Sie den Schildern nach Tolmezzo, dann nach Villa Santina und schlie\u00dflich zu Carniaflex. Mit [&hellip;]<\/p>\n","protected":false},"author":1,"featured_media":0,"parent":0,"menu_order":0,"comment_status":"closed","ping_status":"closed","template":"","meta":{"_coblocks_attr":"","_coblocks_dimensions":"","_coblocks_responsive_height":"","_coblocks_accordion_ie_support":"","footnotes":""},"class_list":["post-6361","page","type-page","status-publish","hentry"],"yoast_head":"<!-- This site is optimized with the Yoast SEO plugin v24.5 - https:\/\/yoast.com\/wordpress\/plugins\/seo\/ -->\n<title>Anfahrt - Carniaflex<\/title>\n<meta name=\"robots\" content=\"index, follow, max-snippet:-1, max-image-preview:large, max-video-preview:-1\" \/>\n<link rel=\"canonical\" href=\"https:\/\/carniaflex.com\/de\/anreise-zu-uns\" \/>\n<meta property=\"og:locale\" content=\"de_DE\" \/>\n<meta property=\"og:type\" content=\"article\" \/>\n<meta property=\"og:title\" content=\"Anfahrt - Carniaflex\" \/>\n<meta property=\"og:description\" content=\"Carniaflex befindet sich im Herzen der Carnia und ist sowohl mit dem Auto als auch mit \u00f6ffentlichen Verkehrsmitteln leicht erreichbar. Hier finden Sie die Anfahrtsbeschreibung zu unserem Standort: Mit dem Auto Nehmen Sie die Autobahn A23 bis zur Ausfahrt Carnia. Folgen Sie den Schildern nach Tolmezzo, dann nach Villa Santina und schlie\u00dflich zu Carniaflex. Mit [&hellip;]\" \/>\n<meta property=\"og:url\" content=\"https:\/\/carniaflex.com\/de\/anreise-zu-uns\" \/>\n<meta property=\"og:site_name\" content=\"Carniaflex\" \/>\n<meta property=\"article:modified_time\" content=\"2025-02-18T20:26:22+00:00\" \/>\n<meta name=\"twitter:card\" content=\"summary_large_image\" \/>\n<meta name=\"twitter:label1\" content=\"Gesch\u00e4tzte Lesezeit\" \/>\n\t<meta name=\"twitter:data1\" content=\"1\u00a0Minute\" \/>\n<script type=\"application\/ld+json\" class=\"yoast-schema-graph\">{\"@context\":\"https:\/\/schema.org\",\"@graph\":[{\"@type\":\"WebPage\",\"@id\":\"https:\/\/carniaflex.com\/de\/anreise-zu-uns\",\"url\":\"https:\/\/carniaflex.com\/de\/anreise-zu-uns\",\"name\":\"Anfahrt - Carniaflex\",\"isPartOf\":{\"@id\":\"https:\/\/carniaflex.com\/de#website\"},\"datePublished\":\"2024-07-16T10:55:54+00:00\",\"dateModified\":\"2025-02-18T20:26:22+00:00\",\"breadcrumb\":{\"@id\":\"https:\/\/carniaflex.com\/de\/anreise-zu-uns#breadcrumb\"},\"inLanguage\":\"de\",\"potentialAction\":[{\"@type\":\"ReadAction\",\"target\":[\"https:\/\/carniaflex.com\/de\/anreise-zu-uns\"]}]},{\"@type\":\"BreadcrumbList\",\"@id\":\"https:\/\/carniaflex.com\/de\/anreise-zu-uns#breadcrumb\",\"itemListElement\":[{\"@type\":\"ListItem\",\"position\":1,\"name\":\"Home\",\"item\":\"https:\/\/carniaflex.com\/de\"},{\"@type\":\"ListItem\",\"position\":2,\"name\":\"Anfahrt\"}]},{\"@type\":\"WebSite\",\"@id\":\"https:\/\/carniaflex.com\/de#website\",\"url\":\"https:\/\/carniaflex.com\/de\",\"name\":\"Carniaflex\",\"description\":\"\",\"publisher\":{\"@id\":\"https:\/\/carniaflex.com\/de#organization\"},\"potentialAction\":[{\"@type\":\"SearchAction\",\"target\":{\"@type\":\"EntryPoint\",\"urlTemplate\":\"https:\/\/carniaflex.com\/de?s={search_term_string}\"},\"query-input\":{\"@type\":\"PropertyValueSpecification\",\"valueRequired\":true,\"valueName\":\"search_term_string\"}}],\"inLanguage\":\"de\"},{\"@type\":\"Organization\",\"@id\":\"https:\/\/carniaflex.com\/de#organization\",\"name\":\"Carniaflex\",\"url\":\"https:\/\/carniaflex.com\/de\",\"logo\":{\"@type\":\"ImageObject\",\"inLanguage\":\"de\",\"@id\":\"https:\/\/carniaflex.com\/de#\/schema\/logo\/image\/\",\"url\":\"https:\/\/carniaflex.com\/wp-content\/uploads\/2023\/05\/carniaflex_logo.svg\",\"contentUrl\":\"https:\/\/carniaflex.com\/wp-content\/uploads\/2023\/05\/carniaflex_logo.svg\",\"width\":1132,\"height\":279,\"caption\":\"Carniaflex\"},\"image\":{\"@id\":\"https:\/\/carniaflex.com\/de#\/schema\/logo\/image\/\"}}]}<\/script>\n<!-- \/ Yoast SEO plugin. -->","yoast_head_json":{"title":"Anfahrt - Carniaflex","robots":{"index":"index","follow":"follow","max-snippet":"max-snippet:-1","max-image-preview":"max-image-preview:large","max-video-preview":"max-video-preview:-1"},"canonical":"https:\/\/carniaflex.com\/de\/anreise-zu-uns","og_locale":"de_DE","og_type":"article","og_title":"Anfahrt - Carniaflex","og_description":"Carniaflex befindet sich im Herzen der Carnia und ist sowohl mit dem Auto als auch mit \u00f6ffentlichen Verkehrsmitteln leicht erreichbar. Hier finden Sie die Anfahrtsbeschreibung zu unserem Standort: Mit dem Auto Nehmen Sie die Autobahn A23 bis zur Ausfahrt Carnia. Folgen Sie den Schildern nach Tolmezzo, dann nach Villa Santina und schlie\u00dflich zu Carniaflex. Mit [&hellip;]","og_url":"https:\/\/carniaflex.com\/de\/anreise-zu-uns","og_site_name":"Carniaflex","article_modified_time":"2025-02-18T20:26:22+00:00","twitter_card":"summary_large_image","twitter_misc":{"Gesch\u00e4tzte Lesezeit":"1\u00a0Minute"},"schema":{"@context":"https:\/\/schema.org","@graph":[{"@type":"WebPage","@id":"https:\/\/carniaflex.com\/de\/anreise-zu-uns","url":"https:\/\/carniaflex.com\/de\/anreise-zu-uns","name":"Anfahrt - Carniaflex","isPartOf":{"@id":"https:\/\/carniaflex.com\/de#website"},"datePublished":"2024-07-16T10:55:54+00:00","dateModified":"2025-02-18T20:26:22+00:00","breadcrumb":{"@id":"https:\/\/carniaflex.com\/de\/anreise-zu-uns#breadcrumb"},"inLanguage":"de","potentialAction":[{"@type":"ReadAction","target":["https:\/\/carniaflex.com\/de\/anreise-zu-uns"]}]},{"@type":"BreadcrumbList","@id":"https:\/\/carniaflex.com\/de\/anreise-zu-uns#breadcrumb","itemListElement":[{"@type":"ListItem","position":1,"name":"Home","item":"https:\/\/carniaflex.com\/de"},{"@type":"ListItem","position":2,"name":"Anfahrt"}]},{"@type":"WebSite","@id":"https:\/\/carniaflex.com\/de#website","url":"https:\/\/carniaflex.com\/de","name":"Carniaflex","description":"","publisher":{"@id":"https:\/\/carniaflex.com\/de#organization"},"potentialAction":[{"@type":"SearchAction","target":{"@type":"EntryPoint","urlTemplate":"https:\/\/carniaflex.com\/de?s={search_term_string}"},"query-input":{"@type":"PropertyValueSpecification","valueRequired":true,"valueName":"search_term_string"}}],"inLanguage":"de"},{"@type":"Organization","@id":"https:\/\/carniaflex.com\/de#organization","name":"Carniaflex","url":"https:\/\/carniaflex.com\/de","logo":{"@type":"ImageObject","inLanguage":"de","@id":"https:\/\/carniaflex.com\/de#\/schema\/logo\/image\/","url":"https:\/\/carniaflex.com\/wp-content\/uploads\/2023\/05\/carniaflex_logo.svg","contentUrl":"https:\/\/carniaflex.com\/wp-content\/uploads\/2023\/05\/carniaflex_logo.svg","width":1132,"height":279,"caption":"Carniaflex"},"image":{"@id":"https:\/\/carniaflex.com\/de#\/schema\/logo\/image\/"}}]}},"jetpack_sharing_enabled":true,"mfb_rest_fields":["yoast_head","yoast_head_json","jetpack_sharing_enabled"],"_links":{"self":[{"href":"https:\/\/carniaflex.com\/de\/wp-json\/wp\/v2\/pages\/6361","targetHints":{"allow":["GET"]}}],"collection":[{"href":"https:\/\/carniaflex.com\/de\/wp-json\/wp\/v2\/pages"}],"about":[{"href":"https:\/\/carniaflex.com\/de\/wp-json\/wp\/v2\/types\/page"}],"author":[{"embeddable":true,"href":"https:\/\/carniaflex.com\/de\/wp-json\/wp\/v2\/users\/1"}],"replies":[{"embeddable":true,"href":"https:\/\/carniaflex.com\/de\/wp-json\/wp\/v2\/comments?post=6361"}],"version-history":[{"count":2,"href":"https:\/\/carniaflex.com\/de\/wp-json\/wp\/v2\/pages\/6361\/revisions"}],"predecessor-version":[{"id":6463,"href":"https:\/\/carniaflex.com\/de\/wp-json\/wp\/v2\/pages\/6361\/revisions\/6463"}],"wp:attachment":[{"href":"https:\/\/carniaflex.com\/de\/wp-json\/wp\/v2\/media?parent=6361"}],"curies":[{"name":"wp","href":"https:\/\/api.w.org\/{rel}","templated":true}]}}