{"id":6453,"date":"2024-09-09T23:46:10","date_gmt":"2024-09-09T21:46:10","guid":{"rendered":"https:\/\/carniaflex.com\/flexible-schlaeuche-fuer-mikrofonie"},"modified":"2025-02-19T17:49:17","modified_gmt":"2025-02-19T16:49:17","slug":"flexible-schlaeuche-fuer-mikrofonie","status":"publish","type":"page","link":"https:\/\/carniaflex.com\/de\/flexible-schlaeuche\/flexible-schlaeuche-fuer-mikrofonie","title":{"rendered":"Flexible Schl\u00e4uche f\u00fcr Mikrofonie"},"content":{"rendered":"\n<div class=\"wp-block-group alignfull has-global-padding is-layout-constrained wp-block-group-is-layout-constrained\">\n<div class=\"wp-block-columns alignwide tw-cols-stack-md is-layout-flex wp-container-core-columns-is-layout-1 wp-block-columns-is-layout-flex\" style=\"margin-bottom:60px\">\n<div class=\"wp-block-column is-layout-flow wp-block-column-is-layout-flow\" style=\"--col-width:40%;flex-basis:40%\"><\/div>\n\n\n\n<div class=\"wp-block-column is-layout-flow wp-block-column-is-layout-flow\">\n<p style=\"font-size:clamp(1.125rem, 1.125rem + ((1vw - 0.2rem) * 0.208), 1.25rem);line-height:1.4\">Stabile und verstellbare Mikrofonhalterungen f\u00fcr den professionellen und privaten Einsatz. Dank ihrer einzigartigen Kombination aus Flexibilit\u00e4t und Steifigkeit lassen sich diese flexiblen Schl\u00e4uche in jede gew\u00fcnschte Position bringen und erm\u00f6glichen eine pr\u00e4zise Ausrichtung des Mikrofons. Zudem k\u00f6nnen sie elektrische Kabel und andere Anschl\u00fcsse in ihrem Inneren aufnehmen, was eine integrierte und aufger\u00e4umte L\u00f6sung bietet, die den Platzbedarf reduziert und die Raumorganisation verbessert.  <\/p>\n<\/div>\n<\/div>\n\n\n\n<div style=\"height:4rem\" aria-hidden=\"true\" class=\"wp-block-spacer\"><\/div>\n\n\n\n<figure class=\"wp-block-video alignwide tw-block-animation tw-animation-wipe-left\"><video controls=\"\" poster=\"https:\/\/carniaflex.com\/wp-content\/uploads\/2024\/07\/Screenshot-2024-07-01-alle-23.15.49.png\" src=\"https:\/\/carniaflex.com\/wp-content\/uploads\/2024\/09\/FlexStay-low.mp4\"><\/video><\/figure>\n<\/div>\n\n<div class=\"wp-block-group alignfull has-accent-2-background-color has-background has-global-padding is-layout-constrained wp-container-core-group-is-layout-2 wp-block-group-is-layout-constrained\" style=\"margin-top:0;margin-bottom:0;padding-top:4rem;padding-right:2rem;padding-bottom:4rem;padding-left:2rem\">\n<div class=\"wp-block-columns alignwide is-layout-flex wp-container-core-columns-is-layout-2 wp-block-columns-is-layout-flex\">\n<div class=\"wp-block-column has-global-padding is-layout-constrained wp-block-column-is-layout-constrained\" style=\"--col-width:40%;flex-basis:40%\">\n<h2 class=\"wp-block-heading\"><strong>Eigenschaften unseres flexiblen Schlauchs<\/strong><\/h2>\n<\/div>\n\n\n\n<div class=\"wp-block-column is-layout-flow wp-block-column-is-layout-flow\" style=\"--col-width:60%;flex-basis:60%\">\n<p style=\"font-size:clamp(1.125rem, 1.125rem + ((1vw - 0.2rem) * 0.208), 1.25rem);line-height:1.4\">Der flexible Schlauch von Carniaflex kombiniert Flexibilit\u00e4t mit hoher Stabilit\u00e4t, wodurch er ideal f\u00fcr industrielle Anwendungen ist, bei denen eine feste Form ohne Einbu\u00dfen oder Vibrationen erforderlich ist. Er besteht aus einer Feder aus Federstahl oder Edelstahl und ist mit Messing, Aluminium oder Stahl ummantelt, was eine hohe Langlebigkeit und Widerstandsf\u00e4higkeit auch unter anspruchsvollen Bedingungen garantiert. <\/p>\n<\/div>\n<\/div>\n<\/div>\n\n<div class=\"wp-block-group alignfull has-global-padding is-layout-constrained wp-container-core-group-is-layout-3 wp-block-group-is-layout-constrained\" style=\"min-height:40vh;padding-top:4rem;padding-right:2rem;padding-bottom:4rem;padding-left:2rem\">\n<figure class=\"wp-block-gallery alignwide has-nested-images columns-default is-cropped tw-img-ratio-1-1 has-lightbox wp-block-gallery-1 is-layout-flex wp-block-gallery-is-layout-flex\">\n<figure class=\"wp-block-image size-large\"><img data-recalc-dims=\"1\" loading=\"lazy\" decoding=\"async\" width=\"1024\" height=\"574\" data-id=\"5135\" src=\"https:\/\/i0.wp.com\/carniaflex.com\/wp-content\/uploads\/2024\/07\/Screenshot-2024-07-01-alle-23.19.06.png?resize=1024%2C574&#038;ssl=1\" alt=\"\" class=\"wp-image-5135\" srcset=\"https:\/\/i0.wp.com\/carniaflex.com\/wp-content\/uploads\/2024\/07\/Screenshot-2024-07-01-alle-23.19.06.png?resize=1024%2C574&amp;ssl=1 1024w, https:\/\/i0.wp.com\/carniaflex.com\/wp-content\/uploads\/2024\/07\/Screenshot-2024-07-01-alle-23.19.06.png?resize=300%2C168&amp;ssl=1 300w, https:\/\/i0.wp.com\/carniaflex.com\/wp-content\/uploads\/2024\/07\/Screenshot-2024-07-01-alle-23.19.06.png?resize=768%2C431&amp;ssl=1 768w, https:\/\/i0.wp.com\/carniaflex.com\/wp-content\/uploads\/2024\/07\/Screenshot-2024-07-01-alle-23.19.06.png?resize=50%2C28&amp;ssl=1 50w, https:\/\/i0.wp.com\/carniaflex.com\/wp-content\/uploads\/2024\/07\/Screenshot-2024-07-01-alle-23.19.06.png?resize=1600%2C897&amp;ssl=1 1600w, https:\/\/i0.wp.com\/carniaflex.com\/wp-content\/uploads\/2024\/07\/Screenshot-2024-07-01-alle-23.19.06.png?resize=1536%2C861&amp;ssl=1 1536w, https:\/\/i0.wp.com\/carniaflex.com\/wp-content\/uploads\/2024\/07\/Screenshot-2024-07-01-alle-23.19.06.png?w=1912&amp;ssl=1 1912w\" sizes=\"auto, (max-width: 1000px) 100vw, 1000px\" \/><\/figure>\n\n\n\n<figure class=\"wp-block-image size-large\"><img data-recalc-dims=\"1\" loading=\"lazy\" decoding=\"async\" width=\"1024\" height=\"573\" data-id=\"5259\" src=\"https:\/\/i0.wp.com\/carniaflex.com\/wp-content\/uploads\/2024\/07\/Screenshot-2024-07-01-alle-23.17.41.png?resize=1024%2C573&#038;ssl=1\" alt=\"\" class=\"wp-image-5259\" srcset=\"https:\/\/i0.wp.com\/carniaflex.com\/wp-content\/uploads\/2024\/07\/Screenshot-2024-07-01-alle-23.17.41.png?resize=1024%2C573&amp;ssl=1 1024w, https:\/\/i0.wp.com\/carniaflex.com\/wp-content\/uploads\/2024\/07\/Screenshot-2024-07-01-alle-23.17.41.png?resize=300%2C168&amp;ssl=1 300w, https:\/\/i0.wp.com\/carniaflex.com\/wp-content\/uploads\/2024\/07\/Screenshot-2024-07-01-alle-23.17.41.png?resize=768%2C430&amp;ssl=1 768w, https:\/\/i0.wp.com\/carniaflex.com\/wp-content\/uploads\/2024\/07\/Screenshot-2024-07-01-alle-23.17.41.png?resize=50%2C28&amp;ssl=1 50w, https:\/\/i0.wp.com\/carniaflex.com\/wp-content\/uploads\/2024\/07\/Screenshot-2024-07-01-alle-23.17.41.png?resize=1600%2C896&amp;ssl=1 1600w, https:\/\/i0.wp.com\/carniaflex.com\/wp-content\/uploads\/2024\/07\/Screenshot-2024-07-01-alle-23.17.41.png?resize=1536%2C860&amp;ssl=1 1536w, https:\/\/i0.wp.com\/carniaflex.com\/wp-content\/uploads\/2024\/07\/Screenshot-2024-07-01-alle-23.17.41.png?w=1913&amp;ssl=1 1913w\" sizes=\"auto, (max-width: 1000px) 100vw, 1000px\" \/><\/figure>\n\n\n\n<figure class=\"wp-block-image size-large\"><img data-recalc-dims=\"1\" loading=\"lazy\" decoding=\"async\" width=\"1024\" height=\"572\" data-id=\"5149\" src=\"https:\/\/i0.wp.com\/carniaflex.com\/wp-content\/uploads\/2024\/07\/Screenshot-2024-07-01-alle-23.17.24.png?resize=1024%2C572&#038;ssl=1\" alt=\"\" class=\"wp-image-5149\" srcset=\"https:\/\/i0.wp.com\/carniaflex.com\/wp-content\/uploads\/2024\/07\/Screenshot-2024-07-01-alle-23.17.24.png?resize=1024%2C572&amp;ssl=1 1024w, https:\/\/i0.wp.com\/carniaflex.com\/wp-content\/uploads\/2024\/07\/Screenshot-2024-07-01-alle-23.17.24.png?resize=300%2C168&amp;ssl=1 300w, https:\/\/i0.wp.com\/carniaflex.com\/wp-content\/uploads\/2024\/07\/Screenshot-2024-07-01-alle-23.17.24.png?resize=768%2C429&amp;ssl=1 768w, https:\/\/i0.wp.com\/carniaflex.com\/wp-content\/uploads\/2024\/07\/Screenshot-2024-07-01-alle-23.17.24.png?resize=50%2C28&amp;ssl=1 50w, https:\/\/i0.wp.com\/carniaflex.com\/wp-content\/uploads\/2024\/07\/Screenshot-2024-07-01-alle-23.17.24.png?resize=1600%2C894&amp;ssl=1 1600w, https:\/\/i0.wp.com\/carniaflex.com\/wp-content\/uploads\/2024\/07\/Screenshot-2024-07-01-alle-23.17.24.png?resize=1536%2C858&amp;ssl=1 1536w, https:\/\/i0.wp.com\/carniaflex.com\/wp-content\/uploads\/2024\/07\/Screenshot-2024-07-01-alle-23.17.24.png?w=1912&amp;ssl=1 1912w\" sizes=\"auto, (max-width: 1000px) 100vw, 1000px\" \/><\/figure>\n<\/figure>\n<\/div>\n\n<div class=\"wp-block-group alignfull has-base-background-color has-background has-global-padding is-layout-constrained wp-container-core-group-is-layout-4 wp-block-group-is-layout-constrained\" style=\"margin-top:0;margin-bottom:0;padding-top:4rem;padding-right:2rem;padding-bottom:4rem;padding-left:2rem\">\n<div class=\"wp-block-columns alignwide is-layout-flex wp-container-core-columns-is-layout-3 wp-block-columns-is-layout-flex\">\n<div class=\"wp-block-column has-global-padding is-content-justification-left is-layout-constrained wp-container-core-column-is-layout-5 wp-block-column-is-layout-constrained\" style=\"--col-width:40%;flex-basis:40%\">\n<h2 class=\"wp-block-heading\"><strong>Gr\u00f6\u00dfen und Oberfl\u00e4chenbehandlungen<\/strong><\/h2>\n<\/div>\n\n\n\n<div class=\"wp-block-column is-layout-flow wp-container-core-column-is-layout-6 wp-block-column-is-layout-flow\" style=\"--col-width:60%;flex-basis:60%\">\n<p style=\"font-size:clamp(1.125rem, 1.125rem + ((1vw - 0.2rem) * 0.208), 1.25rem);line-height:1.4\">Wir bieten flexible Schl\u00e4uche in Rollen von ca. 20 Metern mit unterschiedlichen Durchmessern an:<br\/>Au\u00dfendurchmesser: 4,0 bis 25 mm<br\/>Innendurchmesser: 1,5 bis 16 mm<br\/><br\/>Diese Varianten erm\u00f6glichen unterschiedliche Steifigkeiten, die in unseren technischen Datenbl\u00e4ttern spezifiziert sind. Unsere Schl\u00e4uche sind in Rohform oder mit verschiedenen Oberfl\u00e4chenbehandlungen erh\u00e4ltlich, abh\u00e4ngig vom Material:<br\/>\u2714 Lackiert<br\/>\u2714 Verchromt<br\/>\u2714 Vernickelt<br\/>\u2714 Geb\u00fcrstet<br\/>\u2714 Poliert<br\/><br\/>Zus\u00e4tzlich k\u00f6nnen sie mit Schrumpfschl\u00e4uchen aus Polyolefin, Geweben oder kundenspezifisch gelieferten Materialien beschichtet werden.  <\/p>\n<\/div>\n<\/div>\n<\/div>\n\n<div class=\"wp-block-cover alignfull has-parallax\" style=\"padding-top:var(--wp--preset--spacing--50);padding-right:var(--wp--preset--spacing--50);padding-bottom:var(--wp--preset--spacing--50);padding-left:var(--wp--preset--spacing--50);min-height:80vh;aspect-ratio:unset;aspect-ratio:unset;\"><span aria-hidden=\"true\" class=\"wp-block-cover__background has-base-background-color has-background-dim-0 has-background-dim\"><\/span><div class=\"wp-block-cover__image-background wp-image-5139 has-parallax\" style=\"background-position:50% 50%;background-image:url(https:\/\/carniaflex.com\/wp-content\/uploads\/2024\/07\/Screenshot-2024-07-01-alle-23.17.12.png)\"><\/div><div class=\"wp-block-cover__inner-container has-global-padding is-layout-constrained wp-container-core-cover-is-layout-1 wp-block-cover-is-layout-constrained\">\n<p class=\"has-text-align-center has-large-font-size\"><\/p>\n<\/div><\/div>\n\n<div class=\"wp-block-group alignfull has-base-background-color has-background has-global-padding is-layout-constrained wp-container-core-group-is-layout-5 wp-block-group-is-layout-constrained\" style=\"margin-top:0;margin-bottom:0;padding-top:4rem;padding-right:2rem;padding-bottom:4rem;padding-left:2rem\">\n<div class=\"wp-block-columns alignwide is-layout-flex wp-container-core-columns-is-layout-4 wp-block-columns-is-layout-flex\">\n<div class=\"wp-block-column has-global-padding is-content-justification-left is-layout-constrained wp-container-core-column-is-layout-7 wp-block-column-is-layout-constrained\" style=\"--col-width:40%;flex-basis:40%\">\n<h2 class=\"wp-block-heading\"><strong>Individuelle Anpassung und Service<\/strong><\/h2>\n<\/div>\n\n\n\n<div class=\"wp-block-column is-layout-flow wp-container-core-column-is-layout-8 wp-block-column-is-layout-flow\" style=\"--col-width:60%;flex-basis:60%\">\n<p style=\"font-size:clamp(1.125rem, 1.125rem + ((1vw - 0.2rem) * 0.208), 1.25rem);line-height:1.4\">Carniaflex bietet ma\u00dfgeschneiderte L\u00f6sungen, um die Anforderungen von Industriekunden optimal zu erf\u00fcllen:<\/p>\n\n\n\n<ul style=\"margin-top:var(--wp--preset--spacing--20);margin-bottom:var(--wp--preset--spacing--20)\" class=\"wp-block-list\">\n<li style=\"font-size:clamp(1.125rem, 1.125rem + ((1vw - 0.2rem) * 0.208), 1.25rem);\">In Rollen von ca. 20 Metern<\/li>\n\n\n\n<li style=\"font-size:clamp(1.125rem, 1.125rem + ((1vw - 0.2rem) * 0.208), 1.25rem);\">Als vorgeschnittene St\u00fccke in gew\u00fcnschter L\u00e4nge<\/li>\n\n\n\n<li style=\"font-size:clamp(1.125rem, 1.125rem + ((1vw - 0.2rem) * 0.208), 1.25rem);\">Als montagefertige Produkte nach Zeichnung in verschiedenen Formen und L\u00e4ngen<\/li>\n<\/ul>\n\n\n\n<p style=\"font-size:clamp(1.125rem, 1.125rem + ((1vw - 0.2rem) * 0.208), 1.25rem);line-height:1.4\">Diese Flexibilit\u00e4t in der Fertigung erm\u00f6glicht es uns, spezifische Anforderungen zu erf\u00fcllen und Produkte anzubieten, die perfekt auf die Bed\u00fcrfnisse unserer Kunden zugeschnitten sind.<\/p>\n<\/div>\n<\/div>\n<\/div>\n\n<div class=\"wp-block-group alignfull has-base-background-color has-background has-global-padding is-layout-constrained wp-container-core-group-is-layout-6 wp-block-group-is-layout-constrained\" style=\"margin-top:0;margin-bottom:0;padding-top:4rem;padding-right:2rem;padding-bottom:4rem;padding-left:2rem\">\n<div class=\"wp-block-columns alignwide is-layout-flex wp-container-core-columns-is-layout-5 wp-block-columns-is-layout-flex\">\n<div class=\"wp-block-column has-global-padding is-content-justification-left is-layout-constrained wp-container-core-column-is-layout-9 wp-block-column-is-layout-constrained\" style=\"--col-width:40%;flex-basis:40%\">\n<h2 class=\"wp-block-heading\"><strong>Vorteile<\/strong><\/h2>\n<\/div>\n\n\n\n<div class=\"wp-block-column is-layout-flow wp-container-core-column-is-layout-10 wp-block-column-is-layout-flow\" style=\"--col-width:60%;flex-basis:60%\">\n<p style=\"font-size:clamp(1.125rem, 1.125rem + ((1vw - 0.2rem) * 0.208), 1.25rem);line-height:1.4\">Mit Carniaflex entscheiden Sie sich f\u00fcr ein Produkt, das Flexibilit\u00e4t, Widerstandsf\u00e4higkeit und h\u00f6chste Qualit\u00e4t vereint \u2013 eine effektive und innovative L\u00f6sung f\u00fcr die Herausforderungen der modernen Industrie.<br\/>Wir bieten einen umfassenden Service, von der Prototypenentwicklung bis zur Serienproduktion, um unsere Kunden bei der erfolgreichen Umsetzung ihrer Projekte zu unterst\u00fctzen. <\/p>\n<\/div>\n<\/div>\n<\/div>\n\n<div class=\"wp-block-group alignfull has-contrast-background-color has-background has-global-padding is-layout-constrained wp-container-core-group-is-layout-7 wp-block-group-is-layout-constrained\" style=\"margin-top:0;margin-bottom:0;padding-top:6rem;padding-right:2rem;padding-bottom:6rem;padding-left:2rem\">\n<p class=\"has-base-color has-text-color has-link-color wp-elements-7650684a268f6939ca1952c90d97e10d\" style=\"margin-bottom:2rem;font-size:clamp(1.125rem, 1.125rem + ((1vw - 0.2rem) * 0.208), 1.25rem);\">\u2014 Lesen und laden Sie die technische Dokumentation f\u00fcr die flexiblen Schl\u00e4uche von Carniaflex herunter.<\/p>\n\n\n\n<div class=\"wp-block-buttons is-content-justification-right is-layout-flex wp-container-core-buttons-is-layout-1 wp-block-buttons-is-layout-flex\">\n<div class=\"wp-block-button is-style-outline is-style-outline--2\"><a class=\"wp-block-button__link has-base-color has-text-color has-link-color wp-element-button\" href=\"https:\/\/carniaflex.com\/de\/flexible-schlaeuche\/dokumentation\">Technische Dokumentation<\/a><\/div>\n<\/div>\n<\/div>\n","protected":false},"excerpt":{"rendered":"<p>Stabile und verstellbare Mikrofonhalterungen f\u00fcr den professionellen und privaten Einsatz. Dank ihrer einzigartigen Kombination aus Flexibilit\u00e4t und Steifigkeit lassen sich diese flexiblen Schl\u00e4uche in jede gew\u00fcnschte Position bringen und erm\u00f6glichen eine pr\u00e4zise Ausrichtung des Mikrofons. Zudem k\u00f6nnen sie elektrische Kabel und andere Anschl\u00fcsse in ihrem Inneren aufnehmen, was eine integrierte und aufger\u00e4umte L\u00f6sung bietet, die [&hellip;]<\/p>\n","protected":false},"author":1,"featured_media":0,"parent":6497,"menu_order":0,"comment_status":"closed","ping_status":"closed","template":"","meta":{"_coblocks_attr":"","_coblocks_dimensions":"","_coblocks_responsive_height":"","_coblocks_accordion_ie_support":"","footnotes":""},"class_list":["post-6453","page","type-page","status-publish","hentry"],"yoast_head":"<!-- This site is optimized with the Yoast SEO plugin v24.5 - https:\/\/yoast.com\/wordpress\/plugins\/seo\/ -->\n<title>Flexible Schl\u00e4uche f\u00fcr Mikrofonie - Carniaflex<\/title>\n<meta name=\"robots\" content=\"index, follow, max-snippet:-1, max-image-preview:large, max-video-preview:-1\" \/>\n<link rel=\"canonical\" href=\"https:\/\/carniaflex.com\/de\/flexible-schlaeuche\/flexible-schlaeuche-fuer-mikrofonie\" \/>\n<meta property=\"og:locale\" content=\"de_DE\" \/>\n<meta property=\"og:type\" content=\"article\" \/>\n<meta property=\"og:title\" content=\"Flexible Schl\u00e4uche f\u00fcr Mikrofonie - Carniaflex\" \/>\n<meta property=\"og:description\" content=\"Stabile und verstellbare Mikrofonhalterungen f\u00fcr den professionellen und privaten Einsatz. Dank ihrer einzigartigen Kombination aus Flexibilit\u00e4t und Steifigkeit lassen sich diese flexiblen Schl\u00e4uche in jede gew\u00fcnschte Position bringen und erm\u00f6glichen eine pr\u00e4zise Ausrichtung des Mikrofons. Zudem k\u00f6nnen sie elektrische Kabel und andere Anschl\u00fcsse in ihrem Inneren aufnehmen, was eine integrierte und aufger\u00e4umte L\u00f6sung bietet, die [&hellip;]\" \/>\n<meta property=\"og:url\" content=\"https:\/\/carniaflex.com\/de\/flexible-schlaeuche\/flexible-schlaeuche-fuer-mikrofonie\" \/>\n<meta property=\"og:site_name\" content=\"Carniaflex\" \/>\n<meta property=\"article:modified_time\" content=\"2025-02-19T16:49:17+00:00\" \/>\n<meta property=\"og:image\" content=\"https:\/\/carniaflex.com\/wp-content\/uploads\/2024\/07\/Screenshot-2024-07-01-alle-23.19.06-1024x574.png\" \/>\n<meta name=\"twitter:card\" content=\"summary_large_image\" \/>\n<meta name=\"twitter:label1\" content=\"Gesch\u00e4tzte Lesezeit\" \/>\n\t<meta name=\"twitter:data1\" content=\"2\u00a0Minuten\" \/>\n<script type=\"application\/ld+json\" class=\"yoast-schema-graph\">{\"@context\":\"https:\/\/schema.org\",\"@graph\":[{\"@type\":\"WebPage\",\"@id\":\"https:\/\/carniaflex.com\/de\/flexible-schlaeuche\/flexible-schlaeuche-fuer-mikrofonie\",\"url\":\"https:\/\/carniaflex.com\/de\/flexible-schlaeuche\/flexible-schlaeuche-fuer-mikrofonie\",\"name\":\"Flexible Schl\u00e4uche f\u00fcr Mikrofonie - Carniaflex\",\"isPartOf\":{\"@id\":\"https:\/\/carniaflex.com\/de#website\"},\"primaryImageOfPage\":{\"@id\":\"https:\/\/carniaflex.com\/de\/flexible-schlaeuche\/flexible-schlaeuche-fuer-mikrofonie#primaryimage\"},\"image\":{\"@id\":\"https:\/\/carniaflex.com\/de\/flexible-schlaeuche\/flexible-schlaeuche-fuer-mikrofonie#primaryimage\"},\"thumbnailUrl\":\"https:\/\/carniaflex.com\/wp-content\/uploads\/2024\/07\/Screenshot-2024-07-01-alle-23.19.06-1024x574.png\",\"datePublished\":\"2024-09-09T21:46:10+00:00\",\"dateModified\":\"2025-02-19T16:49:17+00:00\",\"breadcrumb\":{\"@id\":\"https:\/\/carniaflex.com\/de\/flexible-schlaeuche\/flexible-schlaeuche-fuer-mikrofonie#breadcrumb\"},\"inLanguage\":\"de\",\"potentialAction\":[{\"@type\":\"ReadAction\",\"target\":[\"https:\/\/carniaflex.com\/de\/flexible-schlaeuche\/flexible-schlaeuche-fuer-mikrofonie\"]}]},{\"@type\":\"ImageObject\",\"inLanguage\":\"de\",\"@id\":\"https:\/\/carniaflex.com\/de\/flexible-schlaeuche\/flexible-schlaeuche-fuer-mikrofonie#primaryimage\",\"url\":\"https:\/\/carniaflex.com\/wp-content\/uploads\/2024\/07\/Screenshot-2024-07-01-alle-23.19.06-1024x574.png\",\"contentUrl\":\"https:\/\/carniaflex.com\/wp-content\/uploads\/2024\/07\/Screenshot-2024-07-01-alle-23.19.06-1024x574.png\"},{\"@type\":\"BreadcrumbList\",\"@id\":\"https:\/\/carniaflex.com\/de\/flexible-schlaeuche\/flexible-schlaeuche-fuer-mikrofonie#breadcrumb\",\"itemListElement\":[{\"@type\":\"ListItem\",\"position\":1,\"name\":\"Home\",\"item\":\"https:\/\/carniaflex.com\/de\"},{\"@type\":\"ListItem\",\"position\":2,\"name\":\"Flexible Metallschl\u00e4uche\",\"item\":\"https:\/\/carniaflex.com\/de\/flexible-schlaeuche\"},{\"@type\":\"ListItem\",\"position\":3,\"name\":\"Flexible Schl\u00e4uche f\u00fcr Mikrofonie\"}]},{\"@type\":\"WebSite\",\"@id\":\"https:\/\/carniaflex.com\/de#website\",\"url\":\"https:\/\/carniaflex.com\/de\",\"name\":\"Carniaflex\",\"description\":\"\",\"publisher\":{\"@id\":\"https:\/\/carniaflex.com\/de#organization\"},\"potentialAction\":[{\"@type\":\"SearchAction\",\"target\":{\"@type\":\"EntryPoint\",\"urlTemplate\":\"https:\/\/carniaflex.com\/de?s={search_term_string}\"},\"query-input\":{\"@type\":\"PropertyValueSpecification\",\"valueRequired\":true,\"valueName\":\"search_term_string\"}}],\"inLanguage\":\"de\"},{\"@type\":\"Organization\",\"@id\":\"https:\/\/carniaflex.com\/de#organization\",\"name\":\"Carniaflex\",\"url\":\"https:\/\/carniaflex.com\/de\",\"logo\":{\"@type\":\"ImageObject\",\"inLanguage\":\"de\",\"@id\":\"https:\/\/carniaflex.com\/de#\/schema\/logo\/image\/\",\"url\":\"https:\/\/carniaflex.com\/wp-content\/uploads\/2023\/05\/carniaflex_logo.svg\",\"contentUrl\":\"https:\/\/carniaflex.com\/wp-content\/uploads\/2023\/05\/carniaflex_logo.svg\",\"width\":1132,\"height\":279,\"caption\":\"Carniaflex\"},\"image\":{\"@id\":\"https:\/\/carniaflex.com\/de#\/schema\/logo\/image\/\"}}]}<\/script>\n<!-- \/ Yoast SEO plugin. -->","yoast_head_json":{"title":"Flexible Schl\u00e4uche f\u00fcr Mikrofonie - Carniaflex","robots":{"index":"index","follow":"follow","max-snippet":"max-snippet:-1","max-image-preview":"max-image-preview:large","max-video-preview":"max-video-preview:-1"},"canonical":"https:\/\/carniaflex.com\/de\/flexible-schlaeuche\/flexible-schlaeuche-fuer-mikrofonie","og_locale":"de_DE","og_type":"article","og_title":"Flexible Schl\u00e4uche f\u00fcr Mikrofonie - Carniaflex","og_description":"Stabile und verstellbare Mikrofonhalterungen f\u00fcr den professionellen und privaten Einsatz. Dank ihrer einzigartigen Kombination aus Flexibilit\u00e4t und Steifigkeit lassen sich diese flexiblen Schl\u00e4uche in jede gew\u00fcnschte Position bringen und erm\u00f6glichen eine pr\u00e4zise Ausrichtung des Mikrofons. Zudem k\u00f6nnen sie elektrische Kabel und andere Anschl\u00fcsse in ihrem Inneren aufnehmen, was eine integrierte und aufger\u00e4umte L\u00f6sung bietet, die [&hellip;]","og_url":"https:\/\/carniaflex.com\/de\/flexible-schlaeuche\/flexible-schlaeuche-fuer-mikrofonie","og_site_name":"Carniaflex","article_modified_time":"2025-02-19T16:49:17+00:00","og_image":[{"url":"https:\/\/carniaflex.com\/wp-content\/uploads\/2024\/07\/Screenshot-2024-07-01-alle-23.19.06-1024x574.png","type":"","width":"","height":""}],"twitter_card":"summary_large_image","twitter_misc":{"Gesch\u00e4tzte Lesezeit":"2\u00a0Minuten"},"schema":{"@context":"https:\/\/schema.org","@graph":[{"@type":"WebPage","@id":"https:\/\/carniaflex.com\/de\/flexible-schlaeuche\/flexible-schlaeuche-fuer-mikrofonie","url":"https:\/\/carniaflex.com\/de\/flexible-schlaeuche\/flexible-schlaeuche-fuer-mikrofonie","name":"Flexible Schl\u00e4uche f\u00fcr Mikrofonie - Carniaflex","isPartOf":{"@id":"https:\/\/carniaflex.com\/de#website"},"primaryImageOfPage":{"@id":"https:\/\/carniaflex.com\/de\/flexible-schlaeuche\/flexible-schlaeuche-fuer-mikrofonie#primaryimage"},"image":{"@id":"https:\/\/carniaflex.com\/de\/flexible-schlaeuche\/flexible-schlaeuche-fuer-mikrofonie#primaryimage"},"thumbnailUrl":"https:\/\/carniaflex.com\/wp-content\/uploads\/2024\/07\/Screenshot-2024-07-01-alle-23.19.06-1024x574.png","datePublished":"2024-09-09T21:46:10+00:00","dateModified":"2025-02-19T16:49:17+00:00","breadcrumb":{"@id":"https:\/\/carniaflex.com\/de\/flexible-schlaeuche\/flexible-schlaeuche-fuer-mikrofonie#breadcrumb"},"inLanguage":"de","potentialAction":[{"@type":"ReadAction","target":["https:\/\/carniaflex.com\/de\/flexible-schlaeuche\/flexible-schlaeuche-fuer-mikrofonie"]}]},{"@type":"ImageObject","inLanguage":"de","@id":"https:\/\/carniaflex.com\/de\/flexible-schlaeuche\/flexible-schlaeuche-fuer-mikrofonie#primaryimage","url":"https:\/\/carniaflex.com\/wp-content\/uploads\/2024\/07\/Screenshot-2024-07-01-alle-23.19.06-1024x574.png","contentUrl":"https:\/\/carniaflex.com\/wp-content\/uploads\/2024\/07\/Screenshot-2024-07-01-alle-23.19.06-1024x574.png"},{"@type":"BreadcrumbList","@id":"https:\/\/carniaflex.com\/de\/flexible-schlaeuche\/flexible-schlaeuche-fuer-mikrofonie#breadcrumb","itemListElement":[{"@type":"ListItem","position":1,"name":"Home","item":"https:\/\/carniaflex.com\/de"},{"@type":"ListItem","position":2,"name":"Flexible Metallschl\u00e4uche","item":"https:\/\/carniaflex.com\/de\/flexible-schlaeuche"},{"@type":"ListItem","position":3,"name":"Flexible Schl\u00e4uche f\u00fcr Mikrofonie"}]},{"@type":"WebSite","@id":"https:\/\/carniaflex.com\/de#website","url":"https:\/\/carniaflex.com\/de","name":"Carniaflex","description":"","publisher":{"@id":"https:\/\/carniaflex.com\/de#organization"},"potentialAction":[{"@type":"SearchAction","target":{"@type":"EntryPoint","urlTemplate":"https:\/\/carniaflex.com\/de?s={search_term_string}"},"query-input":{"@type":"PropertyValueSpecification","valueRequired":true,"valueName":"search_term_string"}}],"inLanguage":"de"},{"@type":"Organization","@id":"https:\/\/carniaflex.com\/de#organization","name":"Carniaflex","url":"https:\/\/carniaflex.com\/de","logo":{"@type":"ImageObject","inLanguage":"de","@id":"https:\/\/carniaflex.com\/de#\/schema\/logo\/image\/","url":"https:\/\/carniaflex.com\/wp-content\/uploads\/2023\/05\/carniaflex_logo.svg","contentUrl":"https:\/\/carniaflex.com\/wp-content\/uploads\/2023\/05\/carniaflex_logo.svg","width":1132,"height":279,"caption":"Carniaflex"},"image":{"@id":"https:\/\/carniaflex.com\/de#\/schema\/logo\/image\/"}}]}},"jetpack_sharing_enabled":true,"mfb_rest_fields":["yoast_head","yoast_head_json","jetpack_sharing_enabled"],"_links":{"self":[{"href":"https:\/\/carniaflex.com\/de\/wp-json\/wp\/v2\/pages\/6453","targetHints":{"allow":["GET"]}}],"collection":[{"href":"https:\/\/carniaflex.com\/de\/wp-json\/wp\/v2\/pages"}],"about":[{"href":"https:\/\/carniaflex.com\/de\/wp-json\/wp\/v2\/types\/page"}],"author":[{"embeddable":true,"href":"https:\/\/carniaflex.com\/de\/wp-json\/wp\/v2\/users\/1"}],"replies":[{"embeddable":true,"href":"https:\/\/carniaflex.com\/de\/wp-json\/wp\/v2\/comments?post=6453"}],"version-history":[{"count":3,"href":"https:\/\/carniaflex.com\/de\/wp-json\/wp\/v2\/pages\/6453\/revisions"}],"predecessor-version":[{"id":6489,"href":"https:\/\/carniaflex.com\/de\/wp-json\/wp\/v2\/pages\/6453\/revisions\/6489"}],"up":[{"embeddable":true,"href":"https:\/\/carniaflex.com\/de\/wp-json\/wp\/v2\/pages\/6497"}],"wp:attachment":[{"href":"https:\/\/carniaflex.com\/de\/wp-json\/wp\/v2\/media?parent=6453"}],"curies":[{"name":"wp","href":"https:\/\/api.w.org\/{rel}","templated":true}]}}