{"id":6466,"date":"2024-05-31T17:55:08","date_gmt":"2024-05-31T15:55:08","guid":{"rendered":"https:\/\/carniaflex.com\/corporate\/team"},"modified":"2025-02-19T15:54:49","modified_gmt":"2025-02-19T14:54:49","slug":"team","status":"publish","type":"page","link":"https:\/\/carniaflex.com\/de\/corporate\/team","title":{"rendered":"Team"},"content":{"rendered":"\n<p class=\"has-medium-font-size\">Carniaflex ist stolz darauf, ein familiengef\u00fchrtes Unternehmen zu sein. Unsere St\u00e4rke liegt in unserem Team, das aus <strong>hochqualifizierten Fachkr\u00e4ften<\/strong> besteht, die ein gemeinsames Engagement f\u00fcr <strong>Exzellenz<\/strong> und <strong>Innovation<\/strong> teilen. <\/p>\n\n<p class=\"has-medium-font-size\">Von spezialisierten Technikern bis hin zu Experten f\u00fcr Forschung und Entwicklung \u2013 jedes Teammitglied arbeitet in Synergie, um ma\u00dfgeschneiderte L\u00f6sungen und Produkte von h\u00f6chster Qualit\u00e4t anzubieten.<br\/><strong>Zusammenarbeit <\/strong>und <strong>gegenseitiger Respekt<\/strong> bilden die Grundlage unseres Arbeitsumfelds und f\u00f6rdern eine dynamische, kundenorientierte Unternehmenskultur. Unsere Organisationsstruktur ist darauf ausgelegt, Effizienz, Zusammenarbeit und Innovation zu beg\u00fcnstigen.  <\/p>\n\n<div style=\"height:4rem\" aria-hidden=\"true\" class=\"wp-block-spacer\"><\/div>\n\n<section class=\"wp-block-group alignfull has-contrast-2-background-color has-background has-global-padding is-layout-constrained wp-container-core-group-is-layout-5 wp-block-group-is-layout-constrained\" style=\"padding-top:6rem;padding-right:2rem;padding-bottom:6rem;padding-left:2rem\">\n<div class=\"wp-block-group is-nowrap is-layout-flex wp-container-core-group-is-layout-1 wp-block-group-is-layout-flex\" style=\"margin-bottom:var(--wp--preset--spacing--40)\">\n<h2 class=\"wp-block-heading has-base-color has-text-color has-link-color wp-elements-067a34468469dd360265eb70d96629d0 tw-block-animation tw-animation-fade-in\" style=\"margin-bottom:0\">BOARD<\/h2>\n\n\n\n<hr style=\"width:50px; max-width:100%;height:1px;\" class=\"wp-block-separator has-text-color has-base-color has-alpha-channel-opacity has-base-background-color has-background tw-block-animation tw-animation-wipe-left\"\/>\n<\/div>\n\n\n\n<div class=\"wp-block-columns is-layout-flex wp-container-core-columns-is-layout-1 wp-block-columns-is-layout-flex\">\n<div class=\"wp-block-column is-vertically-aligned-stretch is-layout-flow wp-container-core-column-is-layout-1 wp-block-column-is-layout-flow tw-block-animation tw-animation-fade-in-up\" style=\"padding-top:0;padding-bottom:0\">\n<figure class=\"wp-block-image aligncenter size-full has-custom-border is-style-default\"><img data-recalc-dims=\"1\" loading=\"lazy\" decoding=\"async\" width=\"184\" height=\"180\" src=\"https:\/\/i0.wp.com\/carniaflex.com\/wp-content\/uploads\/2025\/02\/Screenshot-2025-02-03-alle-09.41.28.png?resize=184%2C180&#038;ssl=1\" alt=\"Daniela Cantarutti, Pr&#xE4;sidentin von Carniaflex\" class=\"wp-image-6335\" style=\"border-style:none;border-width:0px;border-radius:100%\"\/><\/figure>\n\n\n\n<div class=\"wp-block-group is-vertical is-content-justification-center is-layout-flex wp-container-core-group-is-layout-2 wp-block-group-is-layout-flex tw-block-animation tw-animation-fade-in-up\" style=\"margin-top:1rem;margin-bottom:1rem\">\n<p class=\"has-text-align-left has-base-color has-text-color has-link-color wp-elements-8e0cb61da742260ec3bfc1ec5de3f031\" style=\"font-size:clamp(1.125rem, 1.125rem + ((1vw - 0.2rem) * 0.208), 1.25rem);font-style:normal;font-weight:600\">Daniela Cescutti<\/p>\n\n\n\n<p class=\"has-text-align-left has-base-color has-text-color has-link-color wp-elements-fb213457c312dfa902c7b94071f74224\">Pr\u00e4sidentin<\/p>\n<\/div>\n\n\n\n<ul class=\"wp-block-social-links has-icon-color has-icon-background-color is-style-default tw-hover-opacity is-content-justification-center is-layout-flex wp-container-core-social-links-is-layout-1 wp-block-social-links-is-layout-flex tw-block-animation tw-animation-fade-in-up\" style=\"--tw-animation-delay:0.8s;margin-top:2rem;margin-bottom:2rem\">\n\n<li style=\"color: #ed1c24; background-color: #F9F8F5; \" class=\"wp-social-link wp-social-link-mail has-contrast-2-color has-base-background-color wp-block-social-link\"><a href=\"mailto:carn&#105;&#097;fl&#101;x&#064;&#099;a&#114;n&#105;&#097;f&#108;ex.&#105;t\" class=\"wp-block-social-link-anchor\"><svg width=\"24\" height=\"24\" viewBox=\"0 0 24 24\" version=\"1.1\" xmlns=\"http:\/\/www.w3.org\/2000\/svg\" aria-hidden=\"true\" focusable=\"false\"><path d=\"M19,5H5c-1.1,0-2,.9-2,2v10c0,1.1.9,2,2,2h14c1.1,0,2-.9,2-2V7c0-1.1-.9-2-2-2zm.5,12c0,.3-.2.5-.5.5H5c-.3,0-.5-.2-.5-.5V9.8l7.5,5.6,7.5-5.6V17zm0-9.1L12,13.6,4.5,7.9V7c0-.3.2-.5.5-.5h14c.3,0,.5.2.5.5v.9z\"><\/path><\/svg><span class=\"wp-block-social-link-label screen-reader-text\">Mail<\/span><\/a><\/li><\/ul>\n<\/div>\n\n\n\n<div style=\"--tw-animation-delay:0.3s;\" class=\"wp-block-column is-vertically-aligned-stretch is-layout-flow wp-block-column-is-layout-flow tw-block-animation tw-animation-fade-in-up\">\n<figure class=\"wp-block-image aligncenter size-full is-resized has-custom-border is-style-default\"><img data-recalc-dims=\"1\" loading=\"lazy\" decoding=\"async\" width=\"255\" height=\"226\" src=\"https:\/\/i0.wp.com\/carniaflex.com\/wp-content\/uploads\/2025\/02\/Screenshot-2025-02-03-alle-09.40.41.png?resize=255%2C226&#038;ssl=1\" alt=\"Angelo Rovere, Manager von Carniaflex\" class=\"wp-image-6338\" style=\"border-style:none;border-width:0px;border-radius:100%;object-fit:cover;width:180px;height:180px\"\/><\/figure>\n\n\n\n<div class=\"wp-block-group is-vertical is-content-justification-center is-layout-flex wp-container-core-group-is-layout-3 wp-block-group-is-layout-flex tw-block-animation tw-animation-fade-in-up\" style=\"margin-top:1rem;margin-bottom:1rem\">\n<p class=\"has-text-align-left has-base-color has-text-color has-link-color wp-elements-8d7536dd0c281d152e633bba746f6ea1\" style=\"font-size:clamp(1.125rem, 1.125rem + ((1vw - 0.2rem) * 0.208), 1.25rem);font-style:normal;font-weight:600\">Angelo Rovere<\/p>\n\n\n\n<p class=\"has-text-align-left has-base-color has-text-color has-link-color wp-elements-5c8f65933fcde4281578695e1c160da2\">Manager<\/p>\n<\/div>\n\n\n\n<ul class=\"wp-block-social-links has-icon-color has-icon-background-color is-style-default tw-hover-opacity is-content-justification-center is-layout-flex wp-container-core-social-links-is-layout-2 wp-block-social-links-is-layout-flex tw-block-animation tw-animation-fade-in-up\" style=\"--tw-animation-delay:0.8s;margin-top:2rem;margin-bottom:2rem\"><li style=\"color: #ed1c24; background-color: #f3efef; \" class=\"wp-social-link wp-social-link-linkedin has-contrast-2-color has-base-2-background-color wp-block-social-link\"><a href=\"https:\/\/www.linkedin.com\/in\/angelo-rovere-8a206012a\" class=\"wp-block-social-link-anchor\"><svg width=\"24\" height=\"24\" viewBox=\"0 0 24 24\" version=\"1.1\" xmlns=\"http:\/\/www.w3.org\/2000\/svg\" aria-hidden=\"true\" focusable=\"false\"><path d=\"M19.7,3H4.3C3.582,3,3,3.582,3,4.3v15.4C3,20.418,3.582,21,4.3,21h15.4c0.718,0,1.3-0.582,1.3-1.3V4.3 C21,3.582,20.418,3,19.7,3z M8.339,18.338H5.667v-8.59h2.672V18.338z M7.004,8.574c-0.857,0-1.549-0.694-1.549-1.548 c0-0.855,0.691-1.548,1.549-1.548c0.854,0,1.547,0.694,1.547,1.548C8.551,7.881,7.858,8.574,7.004,8.574z M18.339,18.338h-2.669 v-4.177c0-0.996-0.017-2.278-1.387-2.278c-1.389,0-1.601,1.086-1.601,2.206v4.249h-2.667v-8.59h2.559v1.174h0.037 c0.356-0.675,1.227-1.387,2.526-1.387c2.703,0,3.203,1.779,3.203,4.092V18.338z\"><\/path><\/svg><span class=\"wp-block-social-link-label screen-reader-text\">LinkedIn<\/span><\/a><\/li>\n\n<li style=\"color: #ed1c24; background-color: #f3efef; \" class=\"wp-social-link wp-social-link-mail has-contrast-2-color has-base-2-background-color wp-block-social-link\"><a href=\"mailto:carniaflex@carniaflex.it\" class=\"wp-block-social-link-anchor\"><svg width=\"24\" height=\"24\" viewBox=\"0 0 24 24\" version=\"1.1\" xmlns=\"http:\/\/www.w3.org\/2000\/svg\" aria-hidden=\"true\" focusable=\"false\"><path d=\"M19,5H5c-1.1,0-2,.9-2,2v10c0,1.1.9,2,2,2h14c1.1,0,2-.9,2-2V7c0-1.1-.9-2-2-2zm.5,12c0,.3-.2.5-.5.5H5c-.3,0-.5-.2-.5-.5V9.8l7.5,5.6,7.5-5.6V17zm0-9.1L12,13.6,4.5,7.9V7c0-.3.2-.5.5-.5h14c.3,0,.5.2.5.5v.9z\"><\/path><\/svg><span class=\"wp-block-social-link-label screen-reader-text\">Mail<\/span><\/a><\/li><\/ul>\n<\/div>\n\n\n\n<div style=\"--tw-animation-delay:0.6s;\" class=\"wp-block-column is-layout-flow wp-block-column-is-layout-flow tw-block-animation tw-animation-fade-in-up\">\n<figure class=\"wp-block-image aligncenter size-full is-resized has-custom-border is-style-default\"><img data-recalc-dims=\"1\" loading=\"lazy\" decoding=\"async\" width=\"229\" height=\"227\" src=\"https:\/\/i0.wp.com\/carniaflex.com\/wp-content\/uploads\/2025\/02\/Screenshot-2025-02-03-alle-09.39.51.png?resize=229%2C227&#038;ssl=1\" alt=\"Federico Rovere, Manager von Carniaflex\" class=\"wp-image-6342\" style=\"border-style:none;border-width:0px;border-radius:100%;object-fit:cover;width:180px;height:180px\" srcset=\"https:\/\/i0.wp.com\/carniaflex.com\/wp-content\/uploads\/2025\/02\/Screenshot-2025-02-03-alle-09.39.51.png?w=229&amp;ssl=1 229w, https:\/\/i0.wp.com\/carniaflex.com\/wp-content\/uploads\/2025\/02\/Screenshot-2025-02-03-alle-09.39.51.png?resize=150%2C150&amp;ssl=1 150w\" sizes=\"auto, (max-width: 229px) 100vw, 229px\" \/><\/figure>\n\n\n\n<div class=\"wp-block-group is-vertical is-content-justification-center is-layout-flex wp-container-core-group-is-layout-4 wp-block-group-is-layout-flex tw-block-animation tw-animation-fade-in-up\" style=\"margin-top:1rem;margin-bottom:1rem\">\n<p class=\"has-text-align-left has-base-color has-text-color has-link-color wp-elements-8de51a260363a24262ed4069b54706b0\" style=\"font-size:clamp(1.125rem, 1.125rem + ((1vw - 0.2rem) * 0.208), 1.25rem);font-style:normal;font-weight:600\">Federico Rovere<\/p>\n\n\n\n<p class=\"has-text-align-left has-base-color has-text-color has-link-color wp-elements-5c8f65933fcde4281578695e1c160da2\">Manager<\/p>\n<\/div>\n\n\n\n<ul class=\"wp-block-social-links has-icon-color has-icon-background-color is-style-default tw-hover-opacity is-content-justification-center is-layout-flex wp-container-core-social-links-is-layout-3 wp-block-social-links-is-layout-flex tw-block-animation tw-animation-fade-in-up\" style=\"--tw-animation-delay:0.8s;margin-top:2rem;margin-bottom:2rem\"><li style=\"color: #ed1c24; background-color: #f3efef; \" class=\"wp-social-link wp-social-link-linkedin has-contrast-2-color has-base-2-background-color wp-block-social-link\"><a href=\"https:\/\/www.linkedin.com\/in\/federico-rovere-095878221\" class=\"wp-block-social-link-anchor\"><svg width=\"24\" height=\"24\" viewBox=\"0 0 24 24\" version=\"1.1\" xmlns=\"http:\/\/www.w3.org\/2000\/svg\" aria-hidden=\"true\" focusable=\"false\"><path d=\"M19.7,3H4.3C3.582,3,3,3.582,3,4.3v15.4C3,20.418,3.582,21,4.3,21h15.4c0.718,0,1.3-0.582,1.3-1.3V4.3 C21,3.582,20.418,3,19.7,3z M8.339,18.338H5.667v-8.59h2.672V18.338z M7.004,8.574c-0.857,0-1.549-0.694-1.549-1.548 c0-0.855,0.691-1.548,1.549-1.548c0.854,0,1.547,0.694,1.547,1.548C8.551,7.881,7.858,8.574,7.004,8.574z M18.339,18.338h-2.669 v-4.177c0-0.996-0.017-2.278-1.387-2.278c-1.389,0-1.601,1.086-1.601,2.206v4.249h-2.667v-8.59h2.559v1.174h0.037 c0.356-0.675,1.227-1.387,2.526-1.387c2.703,0,3.203,1.779,3.203,4.092V18.338z\"><\/path><\/svg><span class=\"wp-block-social-link-label screen-reader-text\">LinkedIn<\/span><\/a><\/li><\/ul>\n<\/div>\n<\/div>\n<\/section>\n","protected":false},"excerpt":{"rendered":"<p>Carniaflex ist stolz darauf, ein familiengef\u00fchrtes Unternehmen zu sein. Unsere St\u00e4rke liegt in unserem Team, das aus hochqualifizierten Fachkr\u00e4ften besteht, die ein gemeinsames Engagement f\u00fcr Exzellenz und Innovation teilen. Von spezialisierten Technikern bis hin zu Experten f\u00fcr Forschung und Entwicklung \u2013 jedes Teammitglied arbeitet in Synergie, um ma\u00dfgeschneiderte L\u00f6sungen und Produkte von h\u00f6chster Qualit\u00e4t anzubieten.Zusammenarbeit [&hellip;]<\/p>\n","protected":false},"author":1,"featured_media":0,"parent":6457,"menu_order":0,"comment_status":"closed","ping_status":"closed","template":"","meta":{"_coblocks_attr":"","_coblocks_dimensions":"","_coblocks_responsive_height":"","_coblocks_accordion_ie_support":"","footnotes":""},"class_list":["post-6466","page","type-page","status-publish","hentry"],"yoast_head":"<!-- This site is optimized with the Yoast SEO plugin v24.5 - https:\/\/yoast.com\/wordpress\/plugins\/seo\/ -->\n<title>Team - Carniaflex<\/title>\n<meta name=\"robots\" content=\"index, follow, max-snippet:-1, max-image-preview:large, max-video-preview:-1\" \/>\n<link rel=\"canonical\" href=\"https:\/\/carniaflex.com\/de\/corporate\/team\" \/>\n<meta property=\"og:locale\" content=\"de_DE\" \/>\n<meta property=\"og:type\" content=\"article\" \/>\n<meta property=\"og:title\" content=\"Team - Carniaflex\" \/>\n<meta property=\"og:description\" content=\"Carniaflex ist stolz darauf, ein familiengef\u00fchrtes Unternehmen zu sein. Unsere St\u00e4rke liegt in unserem Team, das aus hochqualifizierten Fachkr\u00e4ften besteht, die ein gemeinsames Engagement f\u00fcr Exzellenz und Innovation teilen. Von spezialisierten Technikern bis hin zu Experten f\u00fcr Forschung und Entwicklung \u2013 jedes Teammitglied arbeitet in Synergie, um ma\u00dfgeschneiderte L\u00f6sungen und Produkte von h\u00f6chster Qualit\u00e4t anzubieten.Zusammenarbeit [&hellip;]\" \/>\n<meta property=\"og:url\" content=\"https:\/\/carniaflex.com\/de\/corporate\/team\" \/>\n<meta property=\"og:site_name\" content=\"Carniaflex\" \/>\n<meta property=\"article:modified_time\" content=\"2025-02-19T14:54:49+00:00\" \/>\n<meta property=\"og:image\" content=\"https:\/\/carniaflex.com\/wp-content\/uploads\/2025\/02\/Screenshot-2025-02-03-alle-09.41.28.png\" \/>\n<meta name=\"twitter:card\" content=\"summary_large_image\" \/>\n<meta name=\"twitter:label1\" content=\"Gesch\u00e4tzte Lesezeit\" \/>\n\t<meta name=\"twitter:data1\" content=\"1\u00a0Minute\" \/>\n<script type=\"application\/ld+json\" class=\"yoast-schema-graph\">{\"@context\":\"https:\/\/schema.org\",\"@graph\":[{\"@type\":\"WebPage\",\"@id\":\"https:\/\/carniaflex.com\/de\/corporate\/team\",\"url\":\"https:\/\/carniaflex.com\/de\/corporate\/team\",\"name\":\"Team - Carniaflex\",\"isPartOf\":{\"@id\":\"https:\/\/carniaflex.com\/de#website\"},\"primaryImageOfPage\":{\"@id\":\"https:\/\/carniaflex.com\/de\/corporate\/team#primaryimage\"},\"image\":{\"@id\":\"https:\/\/carniaflex.com\/de\/corporate\/team#primaryimage\"},\"thumbnailUrl\":\"https:\/\/carniaflex.com\/wp-content\/uploads\/2025\/02\/Screenshot-2025-02-03-alle-09.41.28.png\",\"datePublished\":\"2024-05-31T15:55:08+00:00\",\"dateModified\":\"2025-02-19T14:54:49+00:00\",\"breadcrumb\":{\"@id\":\"https:\/\/carniaflex.com\/de\/corporate\/team#breadcrumb\"},\"inLanguage\":\"de\",\"potentialAction\":[{\"@type\":\"ReadAction\",\"target\":[\"https:\/\/carniaflex.com\/de\/corporate\/team\"]}]},{\"@type\":\"ImageObject\",\"inLanguage\":\"de\",\"@id\":\"https:\/\/carniaflex.com\/de\/corporate\/team#primaryimage\",\"url\":\"https:\/\/carniaflex.com\/wp-content\/uploads\/2025\/02\/Screenshot-2025-02-03-alle-09.41.28.png\",\"contentUrl\":\"https:\/\/carniaflex.com\/wp-content\/uploads\/2025\/02\/Screenshot-2025-02-03-alle-09.41.28.png\"},{\"@type\":\"BreadcrumbList\",\"@id\":\"https:\/\/carniaflex.com\/de\/corporate\/team#breadcrumb\",\"itemListElement\":[{\"@type\":\"ListItem\",\"position\":1,\"name\":\"Home\",\"item\":\"https:\/\/carniaflex.com\/de\"},{\"@type\":\"ListItem\",\"position\":2,\"name\":\"Corporate\",\"item\":\"https:\/\/carniaflex.com\/de\/corporate\"},{\"@type\":\"ListItem\",\"position\":3,\"name\":\"Team\"}]},{\"@type\":\"WebSite\",\"@id\":\"https:\/\/carniaflex.com\/de#website\",\"url\":\"https:\/\/carniaflex.com\/de\",\"name\":\"Carniaflex\",\"description\":\"\",\"publisher\":{\"@id\":\"https:\/\/carniaflex.com\/de#organization\"},\"potentialAction\":[{\"@type\":\"SearchAction\",\"target\":{\"@type\":\"EntryPoint\",\"urlTemplate\":\"https:\/\/carniaflex.com\/de?s={search_term_string}\"},\"query-input\":{\"@type\":\"PropertyValueSpecification\",\"valueRequired\":true,\"valueName\":\"search_term_string\"}}],\"inLanguage\":\"de\"},{\"@type\":\"Organization\",\"@id\":\"https:\/\/carniaflex.com\/de#organization\",\"name\":\"Carniaflex\",\"url\":\"https:\/\/carniaflex.com\/de\",\"logo\":{\"@type\":\"ImageObject\",\"inLanguage\":\"de\",\"@id\":\"https:\/\/carniaflex.com\/de#\/schema\/logo\/image\/\",\"url\":\"https:\/\/carniaflex.com\/wp-content\/uploads\/2023\/05\/carniaflex_logo.svg\",\"contentUrl\":\"https:\/\/carniaflex.com\/wp-content\/uploads\/2023\/05\/carniaflex_logo.svg\",\"width\":1132,\"height\":279,\"caption\":\"Carniaflex\"},\"image\":{\"@id\":\"https:\/\/carniaflex.com\/de#\/schema\/logo\/image\/\"}}]}<\/script>\n<!-- \/ Yoast SEO plugin. -->","yoast_head_json":{"title":"Team - Carniaflex","robots":{"index":"index","follow":"follow","max-snippet":"max-snippet:-1","max-image-preview":"max-image-preview:large","max-video-preview":"max-video-preview:-1"},"canonical":"https:\/\/carniaflex.com\/de\/corporate\/team","og_locale":"de_DE","og_type":"article","og_title":"Team - Carniaflex","og_description":"Carniaflex ist stolz darauf, ein familiengef\u00fchrtes Unternehmen zu sein. Unsere St\u00e4rke liegt in unserem Team, das aus hochqualifizierten Fachkr\u00e4ften besteht, die ein gemeinsames Engagement f\u00fcr Exzellenz und Innovation teilen. Von spezialisierten Technikern bis hin zu Experten f\u00fcr Forschung und Entwicklung \u2013 jedes Teammitglied arbeitet in Synergie, um ma\u00dfgeschneiderte L\u00f6sungen und Produkte von h\u00f6chster Qualit\u00e4t anzubieten.Zusammenarbeit [&hellip;]","og_url":"https:\/\/carniaflex.com\/de\/corporate\/team","og_site_name":"Carniaflex","article_modified_time":"2025-02-19T14:54:49+00:00","og_image":[{"url":"https:\/\/carniaflex.com\/wp-content\/uploads\/2025\/02\/Screenshot-2025-02-03-alle-09.41.28.png","type":"","width":"","height":""}],"twitter_card":"summary_large_image","twitter_misc":{"Gesch\u00e4tzte Lesezeit":"1\u00a0Minute"},"schema":{"@context":"https:\/\/schema.org","@graph":[{"@type":"WebPage","@id":"https:\/\/carniaflex.com\/de\/corporate\/team","url":"https:\/\/carniaflex.com\/de\/corporate\/team","name":"Team - Carniaflex","isPartOf":{"@id":"https:\/\/carniaflex.com\/de#website"},"primaryImageOfPage":{"@id":"https:\/\/carniaflex.com\/de\/corporate\/team#primaryimage"},"image":{"@id":"https:\/\/carniaflex.com\/de\/corporate\/team#primaryimage"},"thumbnailUrl":"https:\/\/carniaflex.com\/wp-content\/uploads\/2025\/02\/Screenshot-2025-02-03-alle-09.41.28.png","datePublished":"2024-05-31T15:55:08+00:00","dateModified":"2025-02-19T14:54:49+00:00","breadcrumb":{"@id":"https:\/\/carniaflex.com\/de\/corporate\/team#breadcrumb"},"inLanguage":"de","potentialAction":[{"@type":"ReadAction","target":["https:\/\/carniaflex.com\/de\/corporate\/team"]}]},{"@type":"ImageObject","inLanguage":"de","@id":"https:\/\/carniaflex.com\/de\/corporate\/team#primaryimage","url":"https:\/\/carniaflex.com\/wp-content\/uploads\/2025\/02\/Screenshot-2025-02-03-alle-09.41.28.png","contentUrl":"https:\/\/carniaflex.com\/wp-content\/uploads\/2025\/02\/Screenshot-2025-02-03-alle-09.41.28.png"},{"@type":"BreadcrumbList","@id":"https:\/\/carniaflex.com\/de\/corporate\/team#breadcrumb","itemListElement":[{"@type":"ListItem","position":1,"name":"Home","item":"https:\/\/carniaflex.com\/de"},{"@type":"ListItem","position":2,"name":"Corporate","item":"https:\/\/carniaflex.com\/de\/corporate"},{"@type":"ListItem","position":3,"name":"Team"}]},{"@type":"WebSite","@id":"https:\/\/carniaflex.com\/de#website","url":"https:\/\/carniaflex.com\/de","name":"Carniaflex","description":"","publisher":{"@id":"https:\/\/carniaflex.com\/de#organization"},"potentialAction":[{"@type":"SearchAction","target":{"@type":"EntryPoint","urlTemplate":"https:\/\/carniaflex.com\/de?s={search_term_string}"},"query-input":{"@type":"PropertyValueSpecification","valueRequired":true,"valueName":"search_term_string"}}],"inLanguage":"de"},{"@type":"Organization","@id":"https:\/\/carniaflex.com\/de#organization","name":"Carniaflex","url":"https:\/\/carniaflex.com\/de","logo":{"@type":"ImageObject","inLanguage":"de","@id":"https:\/\/carniaflex.com\/de#\/schema\/logo\/image\/","url":"https:\/\/carniaflex.com\/wp-content\/uploads\/2023\/05\/carniaflex_logo.svg","contentUrl":"https:\/\/carniaflex.com\/wp-content\/uploads\/2023\/05\/carniaflex_logo.svg","width":1132,"height":279,"caption":"Carniaflex"},"image":{"@id":"https:\/\/carniaflex.com\/de#\/schema\/logo\/image\/"}}]}},"jetpack_sharing_enabled":true,"mfb_rest_fields":["yoast_head","yoast_head_json","jetpack_sharing_enabled"],"_links":{"self":[{"href":"https:\/\/carniaflex.com\/de\/wp-json\/wp\/v2\/pages\/6466","targetHints":{"allow":["GET"]}}],"collection":[{"href":"https:\/\/carniaflex.com\/de\/wp-json\/wp\/v2\/pages"}],"about":[{"href":"https:\/\/carniaflex.com\/de\/wp-json\/wp\/v2\/types\/page"}],"author":[{"embeddable":true,"href":"https:\/\/carniaflex.com\/de\/wp-json\/wp\/v2\/users\/1"}],"replies":[{"embeddable":true,"href":"https:\/\/carniaflex.com\/de\/wp-json\/wp\/v2\/comments?post=6466"}],"version-history":[{"count":1,"href":"https:\/\/carniaflex.com\/de\/wp-json\/wp\/v2\/pages\/6466\/revisions"}],"predecessor-version":[{"id":6467,"href":"https:\/\/carniaflex.com\/de\/wp-json\/wp\/v2\/pages\/6466\/revisions\/6467"}],"up":[{"embeddable":true,"href":"https:\/\/carniaflex.com\/de\/wp-json\/wp\/v2\/pages\/6457"}],"wp:attachment":[{"href":"https:\/\/carniaflex.com\/de\/wp-json\/wp\/v2\/media?parent=6466"}],"curies":[{"name":"wp","href":"https:\/\/api.w.org\/{rel}","templated":true}]}}