{"id":6479,"date":"2024-05-31T17:54:09","date_gmt":"2024-05-31T15:54:09","guid":{"rendered":"https:\/\/carniaflex.com\/corporate\/der-hauptsitz"},"modified":"2025-02-19T16:30:31","modified_gmt":"2025-02-19T15:30:31","slug":"der-hauptsitz","status":"publish","type":"page","link":"https:\/\/carniaflex.com\/de\/corporate\/der-hauptsitz","title":{"rendered":"Der Hauptsitz"},"content":{"rendered":"\n<div class=\"wp-block-group alignfull has-global-padding is-layout-constrained wp-block-group-is-layout-constrained\">\n<div class=\"wp-block-columns alignwide tw-cols-stack-md is-layout-flex wp-container-core-columns-is-layout-1 wp-block-columns-is-layout-flex tw-large-gap\" style=\"margin-bottom:60px\">\n<div class=\"wp-block-column tw-lg-hidden tw-md-hidden tw-sm-hidden is-layout-flow wp-block-column-is-layout-flow\">\n<p class=\"has-large-font-size tw-block-animation tw-animation-fade-in-up\">500mq spazio produttivo<\/p>\n\n\n\n<p style=\"--tw-animation-delay:0.3s;\" class=\"has-large-font-size tw-block-animation tw-animation-fade-in-up\">30 torni ad alta precisione<\/p>\n\n\n\n<p style=\"--tw-animation-delay:0.6s;\" class=\"has-large-font-size tw-block-animation tw-animation-fade-in-up\">40 metrica<\/p>\n\n\n\n<p style=\"--tw-animation-delay:0.9s;\" class=\"has-large-font-size tw-block-animation tw-animation-fade-in-up\">15 metrica<\/p>\n<\/div>\n\n\n\n<div class=\"wp-block-column is-layout-flow wp-block-column-is-layout-flow\">\n<p class=\"has-medium-font-size tw-block-animation tw-animation-fade-in-up\">Carniaflex befindet sich im Herzen der Carnia, einer Region, die Tradition und Innovation vereint. Unser Firmensitz umfasst zwei Produktionshallen, die mit modernster Technologie ausgestattet sind, um h\u00f6chste Pr\u00e4zision und Qualit\u00e4t zu gew\u00e4hrleisten. <\/p>\n<\/div>\n<\/div>\n\n\n\n<div style=\"height:var(--wp--preset--spacing--30)\" aria-hidden=\"true\" class=\"wp-block-spacer\"><\/div>\n\n\n\n<figure class=\"wp-block-image alignwide size-large tw-block-animation tw-animation-wipe-left\"><img data-recalc-dims=\"1\" loading=\"lazy\" decoding=\"async\" width=\"1024\" height=\"768\" src=\"https:\/\/i0.wp.com\/carniaflex.com\/wp-content\/uploads\/2024\/07\/DSCN7999.jpg?resize=1024%2C768&#038;ssl=1\" alt=\"\" class=\"wp-image-5231\" srcset=\"https:\/\/i0.wp.com\/carniaflex.com\/wp-content\/uploads\/2024\/07\/DSCN7999-scaled.jpg?resize=1024%2C768&amp;ssl=1 1024w, https:\/\/i0.wp.com\/carniaflex.com\/wp-content\/uploads\/2024\/07\/DSCN7999-scaled.jpg?resize=300%2C225&amp;ssl=1 300w, https:\/\/i0.wp.com\/carniaflex.com\/wp-content\/uploads\/2024\/07\/DSCN7999-scaled.jpg?resize=768%2C576&amp;ssl=1 768w, https:\/\/i0.wp.com\/carniaflex.com\/wp-content\/uploads\/2024\/07\/DSCN7999-scaled.jpg?resize=50%2C38&amp;ssl=1 50w, https:\/\/i0.wp.com\/carniaflex.com\/wp-content\/uploads\/2024\/07\/DSCN7999-scaled.jpg?resize=1600%2C1200&amp;ssl=1 1600w, https:\/\/i0.wp.com\/carniaflex.com\/wp-content\/uploads\/2024\/07\/DSCN7999-scaled.jpg?resize=1536%2C1152&amp;ssl=1 1536w, https:\/\/i0.wp.com\/carniaflex.com\/wp-content\/uploads\/2024\/07\/DSCN7999-scaled.jpg?resize=2048%2C1536&amp;ssl=1 2048w\" sizes=\"auto, (max-width: 1000px) 100vw, 1000px\" \/><\/figure>\n\n\n\n<div style=\"height:var(--wp--preset--spacing--30)\" aria-hidden=\"true\" class=\"wp-block-spacer\"><\/div>\n<\/div>\n\n<p class=\"has-medium-font-size tw-block-animation tw-animation-fade-in-up\">Unser Werk beherbergt Dutzende hochpr\u00e4ziser Drehmaschinen, mit denen wir innovative Produkte f\u00fcr verschiedene Branchen fertigen.<\/p>\n\n<p class=\"has-medium-font-size tw-block-animation tw-animation-fade-in-up\">Durch kontinuierliche Investitionen in Technologie und Ressourcen sind wir in der Lage, die Anforderungen unserer Kunden bestm\u00f6glich zu erf\u00fcllen und dabei hohe Standards in Effizienz und Nachhaltigkeit zu wahren.<\/p>\n\n<div class=\"wp-block-group alignfull has-global-padding is-layout-constrained wp-container-core-group-is-layout-2 wp-block-group-is-layout-constrained\" style=\"margin-top:0;margin-bottom:0;padding-top:var(--wp--preset--spacing--50);padding-right:var(--wp--preset--spacing--50);padding-bottom:var(--wp--preset--spacing--50);padding-left:var(--wp--preset--spacing--50)\">\n<figure class=\"wp-block-gallery alignwide has-nested-images columns-default is-cropped has-lightbox wp-block-gallery-1 is-layout-flex wp-block-gallery-is-layout-flex tw-block-animation tw-animation-fade-in\">\n<figure class=\"wp-block-image size-large\"><img data-recalc-dims=\"1\" loading=\"lazy\" decoding=\"async\" width=\"1024\" height=\"556\" data-id=\"5283\" src=\"https:\/\/i0.wp.com\/carniaflex.com\/wp-content\/uploads\/2024\/07\/Screenshot-2024-07-02-alle-22.24.09-3.png?resize=1024%2C556&#038;ssl=1\" alt=\"Image gallery image\" class=\"wp-image-5283\" srcset=\"https:\/\/i0.wp.com\/carniaflex.com\/wp-content\/uploads\/2024\/07\/Screenshot-2024-07-02-alle-22.24.09-3.png?resize=1024%2C556&amp;ssl=1 1024w, https:\/\/i0.wp.com\/carniaflex.com\/wp-content\/uploads\/2024\/07\/Screenshot-2024-07-02-alle-22.24.09-3.png?resize=300%2C163&amp;ssl=1 300w, https:\/\/i0.wp.com\/carniaflex.com\/wp-content\/uploads\/2024\/07\/Screenshot-2024-07-02-alle-22.24.09-3.png?resize=768%2C417&amp;ssl=1 768w, https:\/\/i0.wp.com\/carniaflex.com\/wp-content\/uploads\/2024\/07\/Screenshot-2024-07-02-alle-22.24.09-3.png?resize=50%2C27&amp;ssl=1 50w, https:\/\/i0.wp.com\/carniaflex.com\/wp-content\/uploads\/2024\/07\/Screenshot-2024-07-02-alle-22.24.09-3.png?resize=1600%2C869&amp;ssl=1 1600w, https:\/\/i0.wp.com\/carniaflex.com\/wp-content\/uploads\/2024\/07\/Screenshot-2024-07-02-alle-22.24.09-3.png?resize=1536%2C834&amp;ssl=1 1536w, https:\/\/i0.wp.com\/carniaflex.com\/wp-content\/uploads\/2024\/07\/Screenshot-2024-07-02-alle-22.24.09-3.png?w=1903&amp;ssl=1 1903w\" sizes=\"auto, (max-width: 1000px) 100vw, 1000px\" \/><\/figure>\n\n\n\n<figure class=\"wp-block-image size-large\"><img data-recalc-dims=\"1\" loading=\"lazy\" decoding=\"async\" width=\"1024\" height=\"768\" data-id=\"5256\" src=\"https:\/\/i0.wp.com\/carniaflex.com\/wp-content\/uploads\/2024\/07\/DSCN7996.jpg?resize=1024%2C768&#038;ssl=1\" alt=\"Image gallery image\" class=\"wp-image-5256\" srcset=\"https:\/\/i0.wp.com\/carniaflex.com\/wp-content\/uploads\/2024\/07\/DSCN7996-scaled.jpg?resize=1024%2C768&amp;ssl=1 1024w, https:\/\/i0.wp.com\/carniaflex.com\/wp-content\/uploads\/2024\/07\/DSCN7996-scaled.jpg?resize=300%2C225&amp;ssl=1 300w, https:\/\/i0.wp.com\/carniaflex.com\/wp-content\/uploads\/2024\/07\/DSCN7996-scaled.jpg?resize=768%2C576&amp;ssl=1 768w, https:\/\/i0.wp.com\/carniaflex.com\/wp-content\/uploads\/2024\/07\/DSCN7996-scaled.jpg?resize=50%2C38&amp;ssl=1 50w, https:\/\/i0.wp.com\/carniaflex.com\/wp-content\/uploads\/2024\/07\/DSCN7996-scaled.jpg?resize=1600%2C1200&amp;ssl=1 1600w, https:\/\/i0.wp.com\/carniaflex.com\/wp-content\/uploads\/2024\/07\/DSCN7996-scaled.jpg?resize=1536%2C1152&amp;ssl=1 1536w, https:\/\/i0.wp.com\/carniaflex.com\/wp-content\/uploads\/2024\/07\/DSCN7996-scaled.jpg?resize=2048%2C1536&amp;ssl=1 2048w\" sizes=\"auto, (max-width: 1000px) 100vw, 1000px\" \/><\/figure>\n\n\n\n<figure class=\"wp-block-image size-large\"><img data-recalc-dims=\"1\" loading=\"lazy\" decoding=\"async\" width=\"1024\" height=\"768\" data-id=\"5286\" src=\"https:\/\/i0.wp.com\/carniaflex.com\/wp-content\/uploads\/2024\/07\/DSCN7984.jpg?resize=1024%2C768&#038;ssl=1\" alt=\"\" class=\"wp-image-5286\" srcset=\"https:\/\/i0.wp.com\/carniaflex.com\/wp-content\/uploads\/2024\/07\/DSCN7984-scaled.jpg?resize=1024%2C768&amp;ssl=1 1024w, https:\/\/i0.wp.com\/carniaflex.com\/wp-content\/uploads\/2024\/07\/DSCN7984-scaled.jpg?resize=300%2C225&amp;ssl=1 300w, https:\/\/i0.wp.com\/carniaflex.com\/wp-content\/uploads\/2024\/07\/DSCN7984-scaled.jpg?resize=768%2C576&amp;ssl=1 768w, https:\/\/i0.wp.com\/carniaflex.com\/wp-content\/uploads\/2024\/07\/DSCN7984-scaled.jpg?resize=50%2C38&amp;ssl=1 50w, https:\/\/i0.wp.com\/carniaflex.com\/wp-content\/uploads\/2024\/07\/DSCN7984-scaled.jpg?resize=1600%2C1200&amp;ssl=1 1600w, https:\/\/i0.wp.com\/carniaflex.com\/wp-content\/uploads\/2024\/07\/DSCN7984-scaled.jpg?resize=1536%2C1152&amp;ssl=1 1536w, https:\/\/i0.wp.com\/carniaflex.com\/wp-content\/uploads\/2024\/07\/DSCN7984-scaled.jpg?resize=2048%2C1536&amp;ssl=1 2048w\" sizes=\"auto, (max-width: 1000px) 100vw, 1000px\" \/><\/figure>\n\n\n\n<figure class=\"wp-block-image size-large\"><img data-recalc-dims=\"1\" loading=\"lazy\" decoding=\"async\" width=\"1024\" height=\"768\" data-id=\"5244\" src=\"https:\/\/i0.wp.com\/carniaflex.com\/wp-content\/uploads\/2024\/07\/DSCN8007.jpg?resize=1024%2C768&#038;ssl=1\" alt=\"Image gallery image\" class=\"wp-image-5244\" srcset=\"https:\/\/i0.wp.com\/carniaflex.com\/wp-content\/uploads\/2024\/07\/DSCN8007-scaled.jpg?resize=1024%2C768&amp;ssl=1 1024w, https:\/\/i0.wp.com\/carniaflex.com\/wp-content\/uploads\/2024\/07\/DSCN8007-scaled.jpg?resize=300%2C225&amp;ssl=1 300w, https:\/\/i0.wp.com\/carniaflex.com\/wp-content\/uploads\/2024\/07\/DSCN8007-scaled.jpg?resize=768%2C576&amp;ssl=1 768w, https:\/\/i0.wp.com\/carniaflex.com\/wp-content\/uploads\/2024\/07\/DSCN8007-scaled.jpg?resize=50%2C38&amp;ssl=1 50w, https:\/\/i0.wp.com\/carniaflex.com\/wp-content\/uploads\/2024\/07\/DSCN8007-scaled.jpg?resize=1600%2C1200&amp;ssl=1 1600w, https:\/\/i0.wp.com\/carniaflex.com\/wp-content\/uploads\/2024\/07\/DSCN8007-scaled.jpg?resize=1536%2C1152&amp;ssl=1 1536w, https:\/\/i0.wp.com\/carniaflex.com\/wp-content\/uploads\/2024\/07\/DSCN8007-scaled.jpg?resize=2048%2C1536&amp;ssl=1 2048w\" sizes=\"auto, (max-width: 1000px) 100vw, 1000px\" \/><\/figure>\n\n\n\n<figure class=\"wp-block-image size-large\"><img data-recalc-dims=\"1\" height=\"768\" width=\"1024\" decoding=\"async\" data-id=\"5247\" src=\"https:\/\/i0.wp.com\/carniaflex.com\/wp-content\/uploads\/2024\/07\/DSCN8020.jpg?resize=1024%2C768&#038;ssl=1\" alt=\"Image gallery image\" class=\"wp-image-5247\"\/><\/figure>\n\n\n\n<figure class=\"wp-block-image size-large\"><img data-recalc-dims=\"1\" loading=\"lazy\" decoding=\"async\" width=\"1024\" height=\"768\" data-id=\"5410\" src=\"https:\/\/i0.wp.com\/carniaflex.com\/wp-content\/uploads\/2024\/07\/DSCN8024.jpg?resize=1024%2C768&#038;ssl=1\" alt=\"Image gallery image\" class=\"wp-image-5410\" srcset=\"https:\/\/i0.wp.com\/carniaflex.com\/wp-content\/uploads\/2024\/07\/DSCN8024-scaled.jpg?resize=1024%2C768&amp;ssl=1 1024w, https:\/\/i0.wp.com\/carniaflex.com\/wp-content\/uploads\/2024\/07\/DSCN8024-scaled.jpg?resize=300%2C225&amp;ssl=1 300w, https:\/\/i0.wp.com\/carniaflex.com\/wp-content\/uploads\/2024\/07\/DSCN8024-scaled.jpg?resize=768%2C576&amp;ssl=1 768w, https:\/\/i0.wp.com\/carniaflex.com\/wp-content\/uploads\/2024\/07\/DSCN8024-scaled.jpg?resize=1536%2C1152&amp;ssl=1 1536w, https:\/\/i0.wp.com\/carniaflex.com\/wp-content\/uploads\/2024\/07\/DSCN8024-scaled.jpg?resize=2048%2C1536&amp;ssl=1 2048w\" sizes=\"auto, (max-width: 1000px) 100vw, 1000px\" \/><\/figure>\n\n\n\n<figure class=\"wp-block-image size-large\"><img data-recalc-dims=\"1\" loading=\"lazy\" decoding=\"async\" width=\"1024\" height=\"489\" data-id=\"4446\" src=\"https:\/\/i0.wp.com\/carniaflex.com\/wp-content\/uploads\/2024\/06\/img-1-1024x489-1.jpg?resize=1024%2C489&#038;ssl=1\" alt=\"\" class=\"wp-image-4446\" srcset=\"https:\/\/i0.wp.com\/carniaflex.com\/wp-content\/uploads\/2024\/06\/img-1-1024x489-1.jpg?w=1024&amp;ssl=1 1024w, https:\/\/i0.wp.com\/carniaflex.com\/wp-content\/uploads\/2024\/06\/img-1-1024x489-1.jpg?resize=300%2C143&amp;ssl=1 300w, https:\/\/i0.wp.com\/carniaflex.com\/wp-content\/uploads\/2024\/06\/img-1-1024x489-1.jpg?resize=768%2C367&amp;ssl=1 768w, https:\/\/i0.wp.com\/carniaflex.com\/wp-content\/uploads\/2024\/06\/img-1-1024x489-1.jpg?resize=50%2C24&amp;ssl=1 50w\" sizes=\"auto, (max-width: 1000px) 100vw, 1000px\" \/><\/figure>\n<\/figure>\n<\/div>\n","protected":false},"excerpt":{"rendered":"<p>500mq spazio produttivo 30 torni ad alta precisione 40 metrica 15 metrica Carniaflex befindet sich im Herzen der Carnia, einer Region, die Tradition und Innovation vereint. Unser Firmensitz umfasst zwei Produktionshallen, die mit modernster Technologie ausgestattet sind, um h\u00f6chste Pr\u00e4zision und Qualit\u00e4t zu gew\u00e4hrleisten. Unser Werk beherbergt Dutzende hochpr\u00e4ziser Drehmaschinen, mit denen wir innovative Produkte [&hellip;]<\/p>\n","protected":false},"author":1,"featured_media":0,"parent":6457,"menu_order":0,"comment_status":"closed","ping_status":"closed","template":"","meta":{"_coblocks_attr":"","_coblocks_dimensions":"","_coblocks_responsive_height":"","_coblocks_accordion_ie_support":"","footnotes":""},"class_list":["post-6479","page","type-page","status-publish","hentry"],"yoast_head":"<!-- This site is optimized with the Yoast SEO plugin v24.5 - https:\/\/yoast.com\/wordpress\/plugins\/seo\/ -->\n<title>Der Hauptsitz - Carniaflex<\/title>\n<meta name=\"robots\" content=\"index, follow, max-snippet:-1, max-image-preview:large, max-video-preview:-1\" \/>\n<link rel=\"canonical\" href=\"https:\/\/carniaflex.com\/de\/corporate\/der-hauptsitz\" \/>\n<meta property=\"og:locale\" content=\"de_DE\" \/>\n<meta property=\"og:type\" content=\"article\" \/>\n<meta property=\"og:title\" content=\"Der Hauptsitz - Carniaflex\" \/>\n<meta property=\"og:description\" content=\"500mq spazio produttivo 30 torni ad alta precisione 40 metrica 15 metrica Carniaflex befindet sich im Herzen der Carnia, einer Region, die Tradition und Innovation vereint. Unser Firmensitz umfasst zwei Produktionshallen, die mit modernster Technologie ausgestattet sind, um h\u00f6chste Pr\u00e4zision und Qualit\u00e4t zu gew\u00e4hrleisten. Unser Werk beherbergt Dutzende hochpr\u00e4ziser Drehmaschinen, mit denen wir innovative Produkte [&hellip;]\" \/>\n<meta property=\"og:url\" content=\"https:\/\/carniaflex.com\/de\/corporate\/der-hauptsitz\" \/>\n<meta property=\"og:site_name\" content=\"Carniaflex\" \/>\n<meta property=\"article:modified_time\" content=\"2025-02-19T15:30:31+00:00\" \/>\n<meta property=\"og:image\" content=\"https:\/\/carniaflex.com\/wp-content\/uploads\/2024\/07\/DSCN7999-1024x768.jpg\" \/>\n<meta name=\"twitter:card\" content=\"summary_large_image\" \/>\n<script type=\"application\/ld+json\" class=\"yoast-schema-graph\">{\"@context\":\"https:\/\/schema.org\",\"@graph\":[{\"@type\":\"WebPage\",\"@id\":\"https:\/\/carniaflex.com\/de\/corporate\/der-hauptsitz\",\"url\":\"https:\/\/carniaflex.com\/de\/corporate\/der-hauptsitz\",\"name\":\"Der Hauptsitz - Carniaflex\",\"isPartOf\":{\"@id\":\"https:\/\/carniaflex.com\/de#website\"},\"primaryImageOfPage\":{\"@id\":\"https:\/\/carniaflex.com\/de\/corporate\/der-hauptsitz#primaryimage\"},\"image\":{\"@id\":\"https:\/\/carniaflex.com\/de\/corporate\/der-hauptsitz#primaryimage\"},\"thumbnailUrl\":\"https:\/\/carniaflex.com\/wp-content\/uploads\/2024\/07\/DSCN7999-1024x768.jpg\",\"datePublished\":\"2024-05-31T15:54:09+00:00\",\"dateModified\":\"2025-02-19T15:30:31+00:00\",\"breadcrumb\":{\"@id\":\"https:\/\/carniaflex.com\/de\/corporate\/der-hauptsitz#breadcrumb\"},\"inLanguage\":\"de\",\"potentialAction\":[{\"@type\":\"ReadAction\",\"target\":[\"https:\/\/carniaflex.com\/de\/corporate\/der-hauptsitz\"]}]},{\"@type\":\"ImageObject\",\"inLanguage\":\"de\",\"@id\":\"https:\/\/carniaflex.com\/de\/corporate\/der-hauptsitz#primaryimage\",\"url\":\"https:\/\/carniaflex.com\/wp-content\/uploads\/2024\/07\/DSCN7999-1024x768.jpg\",\"contentUrl\":\"https:\/\/carniaflex.com\/wp-content\/uploads\/2024\/07\/DSCN7999-1024x768.jpg\"},{\"@type\":\"BreadcrumbList\",\"@id\":\"https:\/\/carniaflex.com\/de\/corporate\/der-hauptsitz#breadcrumb\",\"itemListElement\":[{\"@type\":\"ListItem\",\"position\":1,\"name\":\"Home\",\"item\":\"https:\/\/carniaflex.com\/de\"},{\"@type\":\"ListItem\",\"position\":2,\"name\":\"Corporate\",\"item\":\"https:\/\/carniaflex.com\/de\/corporate\"},{\"@type\":\"ListItem\",\"position\":3,\"name\":\"Der Hauptsitz\"}]},{\"@type\":\"WebSite\",\"@id\":\"https:\/\/carniaflex.com\/de#website\",\"url\":\"https:\/\/carniaflex.com\/de\",\"name\":\"Carniaflex\",\"description\":\"\",\"publisher\":{\"@id\":\"https:\/\/carniaflex.com\/de#organization\"},\"potentialAction\":[{\"@type\":\"SearchAction\",\"target\":{\"@type\":\"EntryPoint\",\"urlTemplate\":\"https:\/\/carniaflex.com\/de?s={search_term_string}\"},\"query-input\":{\"@type\":\"PropertyValueSpecification\",\"valueRequired\":true,\"valueName\":\"search_term_string\"}}],\"inLanguage\":\"de\"},{\"@type\":\"Organization\",\"@id\":\"https:\/\/carniaflex.com\/de#organization\",\"name\":\"Carniaflex\",\"url\":\"https:\/\/carniaflex.com\/de\",\"logo\":{\"@type\":\"ImageObject\",\"inLanguage\":\"de\",\"@id\":\"https:\/\/carniaflex.com\/de#\/schema\/logo\/image\/\",\"url\":\"https:\/\/carniaflex.com\/wp-content\/uploads\/2023\/05\/carniaflex_logo.svg\",\"contentUrl\":\"https:\/\/carniaflex.com\/wp-content\/uploads\/2023\/05\/carniaflex_logo.svg\",\"width\":1132,\"height\":279,\"caption\":\"Carniaflex\"},\"image\":{\"@id\":\"https:\/\/carniaflex.com\/de#\/schema\/logo\/image\/\"}}]}<\/script>\n<!-- \/ Yoast SEO plugin. -->","yoast_head_json":{"title":"Der Hauptsitz - Carniaflex","robots":{"index":"index","follow":"follow","max-snippet":"max-snippet:-1","max-image-preview":"max-image-preview:large","max-video-preview":"max-video-preview:-1"},"canonical":"https:\/\/carniaflex.com\/de\/corporate\/der-hauptsitz","og_locale":"de_DE","og_type":"article","og_title":"Der Hauptsitz - Carniaflex","og_description":"500mq spazio produttivo 30 torni ad alta precisione 40 metrica 15 metrica Carniaflex befindet sich im Herzen der Carnia, einer Region, die Tradition und Innovation vereint. Unser Firmensitz umfasst zwei Produktionshallen, die mit modernster Technologie ausgestattet sind, um h\u00f6chste Pr\u00e4zision und Qualit\u00e4t zu gew\u00e4hrleisten. Unser Werk beherbergt Dutzende hochpr\u00e4ziser Drehmaschinen, mit denen wir innovative Produkte [&hellip;]","og_url":"https:\/\/carniaflex.com\/de\/corporate\/der-hauptsitz","og_site_name":"Carniaflex","article_modified_time":"2025-02-19T15:30:31+00:00","og_image":[{"url":"https:\/\/carniaflex.com\/wp-content\/uploads\/2024\/07\/DSCN7999-1024x768.jpg","type":"","width":"","height":""}],"twitter_card":"summary_large_image","schema":{"@context":"https:\/\/schema.org","@graph":[{"@type":"WebPage","@id":"https:\/\/carniaflex.com\/de\/corporate\/der-hauptsitz","url":"https:\/\/carniaflex.com\/de\/corporate\/der-hauptsitz","name":"Der Hauptsitz - Carniaflex","isPartOf":{"@id":"https:\/\/carniaflex.com\/de#website"},"primaryImageOfPage":{"@id":"https:\/\/carniaflex.com\/de\/corporate\/der-hauptsitz#primaryimage"},"image":{"@id":"https:\/\/carniaflex.com\/de\/corporate\/der-hauptsitz#primaryimage"},"thumbnailUrl":"https:\/\/carniaflex.com\/wp-content\/uploads\/2024\/07\/DSCN7999-1024x768.jpg","datePublished":"2024-05-31T15:54:09+00:00","dateModified":"2025-02-19T15:30:31+00:00","breadcrumb":{"@id":"https:\/\/carniaflex.com\/de\/corporate\/der-hauptsitz#breadcrumb"},"inLanguage":"de","potentialAction":[{"@type":"ReadAction","target":["https:\/\/carniaflex.com\/de\/corporate\/der-hauptsitz"]}]},{"@type":"ImageObject","inLanguage":"de","@id":"https:\/\/carniaflex.com\/de\/corporate\/der-hauptsitz#primaryimage","url":"https:\/\/carniaflex.com\/wp-content\/uploads\/2024\/07\/DSCN7999-1024x768.jpg","contentUrl":"https:\/\/carniaflex.com\/wp-content\/uploads\/2024\/07\/DSCN7999-1024x768.jpg"},{"@type":"BreadcrumbList","@id":"https:\/\/carniaflex.com\/de\/corporate\/der-hauptsitz#breadcrumb","itemListElement":[{"@type":"ListItem","position":1,"name":"Home","item":"https:\/\/carniaflex.com\/de"},{"@type":"ListItem","position":2,"name":"Corporate","item":"https:\/\/carniaflex.com\/de\/corporate"},{"@type":"ListItem","position":3,"name":"Der Hauptsitz"}]},{"@type":"WebSite","@id":"https:\/\/carniaflex.com\/de#website","url":"https:\/\/carniaflex.com\/de","name":"Carniaflex","description":"","publisher":{"@id":"https:\/\/carniaflex.com\/de#organization"},"potentialAction":[{"@type":"SearchAction","target":{"@type":"EntryPoint","urlTemplate":"https:\/\/carniaflex.com\/de?s={search_term_string}"},"query-input":{"@type":"PropertyValueSpecification","valueRequired":true,"valueName":"search_term_string"}}],"inLanguage":"de"},{"@type":"Organization","@id":"https:\/\/carniaflex.com\/de#organization","name":"Carniaflex","url":"https:\/\/carniaflex.com\/de","logo":{"@type":"ImageObject","inLanguage":"de","@id":"https:\/\/carniaflex.com\/de#\/schema\/logo\/image\/","url":"https:\/\/carniaflex.com\/wp-content\/uploads\/2023\/05\/carniaflex_logo.svg","contentUrl":"https:\/\/carniaflex.com\/wp-content\/uploads\/2023\/05\/carniaflex_logo.svg","width":1132,"height":279,"caption":"Carniaflex"},"image":{"@id":"https:\/\/carniaflex.com\/de#\/schema\/logo\/image\/"}}]}},"jetpack_sharing_enabled":true,"mfb_rest_fields":["yoast_head","yoast_head_json","jetpack_sharing_enabled"],"_links":{"self":[{"href":"https:\/\/carniaflex.com\/de\/wp-json\/wp\/v2\/pages\/6479","targetHints":{"allow":["GET"]}}],"collection":[{"href":"https:\/\/carniaflex.com\/de\/wp-json\/wp\/v2\/pages"}],"about":[{"href":"https:\/\/carniaflex.com\/de\/wp-json\/wp\/v2\/types\/page"}],"author":[{"embeddable":true,"href":"https:\/\/carniaflex.com\/de\/wp-json\/wp\/v2\/users\/1"}],"replies":[{"embeddable":true,"href":"https:\/\/carniaflex.com\/de\/wp-json\/wp\/v2\/comments?post=6479"}],"version-history":[{"count":1,"href":"https:\/\/carniaflex.com\/de\/wp-json\/wp\/v2\/pages\/6479\/revisions"}],"predecessor-version":[{"id":6480,"href":"https:\/\/carniaflex.com\/de\/wp-json\/wp\/v2\/pages\/6479\/revisions\/6480"}],"up":[{"embeddable":true,"href":"https:\/\/carniaflex.com\/de\/wp-json\/wp\/v2\/pages\/6457"}],"wp:attachment":[{"href":"https:\/\/carniaflex.com\/de\/wp-json\/wp\/v2\/media?parent=6479"}],"curies":[{"name":"wp","href":"https:\/\/api.w.org\/{rel}","templated":true}]}}