{"id":6482,"date":"2024-05-31T18:05:30","date_gmt":"2024-05-31T16:05:30","guid":{"rendered":"https:\/\/carniaflex.com\/dokumentation"},"modified":"2026-02-17T14:53:43","modified_gmt":"2026-02-17T13:53:43","slug":"dokumentation","status":"publish","type":"page","link":"https:\/\/carniaflex.com\/de\/flexible-schlaeuche\/dokumentation","title":{"rendered":"Dokumentation"},"content":{"rendered":"\n<div class=\"wp-block-group alignfull has-base-color has-contrast-2-background-color has-text-color has-background has-link-color wp-elements-59b68db4f584f9b84b9a756fb1aa300a has-global-padding is-layout-constrained wp-container-core-group-is-layout-1 wp-block-group-is-layout-constrained\" style=\"margin-top:0;margin-bottom:0;padding-top:4rem;padding-right:2rem;padding-bottom:4rem;padding-left:2rem\">\n<div class=\"wp-block-columns alignwide is-layout-flex wp-container-core-columns-is-layout-1 wp-block-columns-is-layout-flex\">\n<div class=\"wp-block-column is-layout-flow wp-block-column-is-layout-flow\" style=\"--col-width:60%;flex-basis:60%\">\n<p class=\"has-large-font-size tw-block-animation tw-animation-fade-in\" style=\"line-height:1.2\">Carniaflex stellt eine umfassende Auswahl an technischen Ressourcen zur Verf\u00fcgung, um Kunden bei der Nutzung und dem Verst\u00e4ndnis unserer hochpr\u00e4zisen Produkte zu unterst\u00fctzen.<\/p>\n<\/div>\n\n\n\n<div class=\"wp-block-column is-layout-flow wp-block-column-is-layout-flow\" style=\"--col-width:40%;flex-basis:40%\"><\/div>\n<\/div>\n<\/div>\n\n\n\n<div class=\"wp-block-group alignfull has-accent-2-background-color has-background has-global-padding is-layout-constrained wp-container-core-group-is-layout-2 wp-block-group-is-layout-constrained tw-block-animation tw-animation-fade-in\" style=\"margin-top:0;margin-bottom:0;padding-top:4rem;padding-right:2rem;padding-bottom:4rem;padding-left:2rem\">\n<div class=\"wp-block-columns alignwide is-layout-flex wp-container-core-columns-is-layout-2 wp-block-columns-is-layout-flex\">\n<div class=\"wp-block-column is-layout-flow wp-block-column-is-layout-flow\" style=\"--col-width:40%;flex-basis:40%\">\n<h2 class=\"wp-block-heading\" style=\"padding-bottom:var(--wp--preset--spacing--20)\">Technische Handb\u00fccher<br><br><\/h2>\n<\/div>\n\n\n\n<div class=\"wp-block-column is-layout-flow wp-block-column-is-layout-flow\" style=\"--col-width:60%;flex-basis:60%\">\n<p class=\"has-medium-font-size\" style=\"line-height:1.4\">Die technischen Handb\u00fccher von Carniaflex enthalten detaillierte Informationen zu den Spezifikationen unserer flexiblen Schl\u00e4uche, einschlie\u00dflich Materialeigenschaften, verf\u00fcgbaren Abmessungen, Oberfl\u00e4chenveredelungen sowie Installations- und Wartungsrichtlinien. Diese Dokumente sind essenziell, um eine optimale und sichere Nutzung unserer Produkte zu gew\u00e4hrleisten. <\/p>\n<\/div>\n<\/div>\n<\/div>\n\n\n\n<div class=\"wp-block-group alignfull has-base-2-background-color has-background has-global-padding is-layout-constrained wp-container-core-group-is-layout-3 wp-block-group-is-layout-constrained tw-block-animation tw-animation-fade-in\" style=\"margin-top:0;margin-bottom:0;padding-top:4rem;padding-right:2rem;padding-bottom:4rem;padding-left:2rem\">\n<div class=\"wp-block-columns alignwide is-layout-flex wp-container-core-columns-is-layout-3 wp-block-columns-is-layout-flex\">\n<div class=\"wp-block-column is-layout-flow wp-block-column-is-layout-flow\" style=\"--col-width:40%;flex-basis:40%\">\n<h2 class=\"wp-block-heading\" style=\"margin-bottom:var(--wp--preset--spacing--20)\">Technische Datenbl\u00e4tter<\/h2>\n<\/div>\n\n\n\n<div class=\"wp-block-column is-layout-flow wp-container-core-column-is-layout-6 wp-block-column-is-layout-flow\" style=\"--col-width:60%;flex-basis:60%\">\n<p class=\"has-medium-font-size\" style=\"margin-bottom:var(--wp--preset--spacing--20);line-height:1.4\">Die technischen Datenbl\u00e4tter bieten eine umfassende \u00dcbersicht \u00fcber die Leistung unserer flexiblen Schl\u00e4uche. Sie enthalten spezifische Informationen zu Steifigkeit, Zugfestigkeit, Biegekapazit\u00e4t und weiteren mechanischen Eigenschaften. Diese Daten helfen unseren Kunden, das am besten geeignete Produkt f\u00fcr ihre spezifischen Anforderungen auszuw\u00e4hlen und erleichtern den Entscheidungsprozess. <\/p>\n\n\n\n<div class=\"wp-block-buttons is-vertical is-layout-flex wp-container-core-buttons-is-layout-1 wp-block-buttons-is-layout-flex\">\n<div class=\"wp-block-button is-style-outline is-style-outline--1\"><a class=\"wp-block-button__link wp-element-button\" href=\"https:\/\/carniaflex.com\/wp-content\/uploads\/2024\/07\/utilizzo_ita-eng-nuovo-2020.pdf\" target=\"_blank\" rel=\"noreferrer noopener nofollow\">\u2193 Laden Sie die Richtlinien f\u00fcr den sicheren und korrekten Gebrauch herunter<\/a><\/div>\n\n\n\n<div class=\"wp-block-button is-style-outline is-style-outline--2\"><a class=\"wp-block-button__link wp-element-button\" href=\"https:\/\/carniaflex.com\/wp-content\/uploads\/2026\/02\/Flex-ID-en2023.pdf\" target=\"_blank\" rel=\"noreferrer noopener nofollow\">\u2193 Laden Sie die Codes und Eigenschaften herunter.<\/a><\/div>\n\n\n\n<div class=\"wp-block-button is-style-outline is-style-outline--3\"><a class=\"wp-block-button__link wp-element-button\" href=\"https:\/\/carniaflex.com\/wp-content\/uploads\/2024\/07\/schemi.pdf\" target=\"_blank\" rel=\"noreferrer noopener nofollow\">\u2193 Laden Sie die technischen Zeichnungen herunter<\/a><\/div>\n\n\n\n<div class=\"wp-block-button is-style-outline is-style-outline--4\"><a class=\"wp-block-button__link wp-element-button\" href=\"https:\/\/carniaflex.com\/wp-content\/uploads\/2024\/07\/grafici.pdf\" target=\"_blank\" rel=\"noreferrer noopener nofollow\">\u2193 Laden Sie die Diagramme und Belastungsgrenzen herunter.<\/a><\/div>\n<\/div>\n<\/div>\n<\/div>\n<\/div>\n\n\n\n<div class=\"wp-block-group alignfull has-accent-2-background-color has-background has-global-padding is-layout-constrained wp-container-core-group-is-layout-4 wp-block-group-is-layout-constrained tw-block-animation tw-animation-fade-in\" style=\"margin-top:0;margin-bottom:0;padding-top:4rem;padding-right:2rem;padding-bottom:4rem;padding-left:2rem\">\n<div class=\"wp-block-columns alignwide is-layout-flex wp-container-core-columns-is-layout-4 wp-block-columns-is-layout-flex\">\n<div class=\"wp-block-column is-layout-flow wp-block-column-is-layout-flow\" style=\"--col-width:40%;flex-basis:40%\">\n<h2 class=\"wp-block-heading\" style=\"margin-bottom:var(--wp--preset--spacing--20)\"><strong>Zertifizierungen<\/strong><\/h2>\n<\/div>\n\n\n\n<div class=\"wp-block-column is-layout-flow wp-container-core-column-is-layout-8 wp-block-column-is-layout-flow\" style=\"--col-width:60%;flex-basis:60%\">\n<p class=\"has-medium-font-size\" style=\"margin-bottom:var(--wp--preset--spacing--20);line-height:1.4\">Carniaflex ist stolz darauf, die h\u00f6chsten Standards f\u00fcr Qualit\u00e4t und Sicherheit einzuhalten. In der Dokumentationssektion finden Sie alle Zertifizierungen, die die Konformit\u00e4t unserer Produkte mit internationalen Vorschriften best\u00e4tigen. Dazu geh\u00f6ren ISO-Zertifizierungen sowie weitere Konformit\u00e4tsbescheinigungen, die die Qualit\u00e4t und Zuverl\u00e4ssigkeit unserer flexiblen Schl\u00e4uche garantieren.  <\/p>\n\n\n\n<div class=\"wp-block-buttons is-layout-flex wp-block-buttons-is-layout-flex\">\n<div class=\"wp-block-button is-style-outline is-style-outline--5\"><a class=\"wp-block-button__link wp-element-button\" href=\"https:\/\/carniaflex.com\/de\/corporate\/zertifizierungen\">Zertifizierungen ansehen \u2192<\/a><\/div>\n<\/div>\n<\/div>\n<\/div>\n<\/div>\n\n\n\n<div class=\"wp-block-group alignfull tw-lg-hidden tw-sm-hidden tw-md-hidden has-contrast-background-color has-background has-global-padding is-layout-constrained wp-container-core-group-is-layout-5 wp-block-group-is-layout-constrained\" style=\"margin-top:0;margin-bottom:0;padding-top:4rem;padding-right:2rem;padding-bottom:4rem;padding-left:2rem\">\n<div class=\"wp-block-columns alignwide is-layout-flex wp-container-core-columns-is-layout-5 wp-block-columns-is-layout-flex\">\n<div class=\"wp-block-column is-layout-flow wp-block-column-is-layout-flow\" style=\"--col-width:40%;flex-basis:40%\">\n<h2 class=\"wp-block-heading has-base-color has-text-color has-link-color wp-elements-64ec1235223b56a7f560f11f97af30c1\"><strong>Case studies<\/strong><\/h2>\n<\/div>\n\n\n\n<div class=\"wp-block-column is-layout-flow wp-block-column-is-layout-flow\" style=\"--col-width:60%;flex-basis:60%\">\n<p class=\"has-base-color has-text-color has-link-color wp-elements-42cf84bfe204ec16bb5eb4bd53862d6b\" style=\"font-size:clamp(1.125rem, 1.125rem + ((1vw - 0.2rem) * 0.208), 1.25rem);line-height:1.2\">Erfahren Sie, wie unsere flexiblen Schl\u00e4uche erfolgreich in verschiedenen Branchen eingesetzt wurden. Unsere Case Studies bieten eine detaillierte Analyse realer Projekte und zeigen die innovativen L\u00f6sungen, die Carniaflex entwickelt hat, um spezifische Kundenanforderungen zu erf\u00fcllen. <\/p>\n<\/div>\n<\/div>\n<\/div>\n","protected":false},"excerpt":{"rendered":"<p>Carniaflex stellt eine umfassende Auswahl an technischen Ressourcen zur Verf\u00fcgung, um Kunden bei der Nutzung und dem Verst\u00e4ndnis unserer hochpr\u00e4zisen Produkte zu unterst\u00fctzen. Technische Handb\u00fccher Die technischen Handb\u00fccher von Carniaflex enthalten detaillierte Informationen zu den Spezifikationen unserer flexiblen Schl\u00e4uche, einschlie\u00dflich Materialeigenschaften, verf\u00fcgbaren Abmessungen, Oberfl\u00e4chenveredelungen sowie Installations- und Wartungsrichtlinien. Diese Dokumente sind essenziell, um eine optimale [&hellip;]<\/p>\n","protected":false},"author":1,"featured_media":0,"parent":6497,"menu_order":0,"comment_status":"closed","ping_status":"closed","template":"","meta":{"_coblocks_attr":"","_coblocks_dimensions":"","_coblocks_responsive_height":"","_coblocks_accordion_ie_support":"","footnotes":""},"class_list":["post-6482","page","type-page","status-publish","hentry"],"yoast_head":"<!-- This site is optimized with the Yoast SEO plugin v24.5 - https:\/\/yoast.com\/wordpress\/plugins\/seo\/ -->\n<title>Dokumentation - Carniaflex<\/title>\n<meta name=\"robots\" content=\"index, follow, max-snippet:-1, max-image-preview:large, max-video-preview:-1\" \/>\n<link rel=\"canonical\" href=\"https:\/\/carniaflex.com\/de\/flexible-schlaeuche\/dokumentation\" \/>\n<meta property=\"og:locale\" content=\"de_DE\" \/>\n<meta property=\"og:type\" content=\"article\" \/>\n<meta property=\"og:title\" content=\"Dokumentation - Carniaflex\" \/>\n<meta property=\"og:description\" content=\"Carniaflex stellt eine umfassende Auswahl an technischen Ressourcen zur Verf\u00fcgung, um Kunden bei der Nutzung und dem Verst\u00e4ndnis unserer hochpr\u00e4zisen Produkte zu unterst\u00fctzen. Technische Handb\u00fccher Die technischen Handb\u00fccher von Carniaflex enthalten detaillierte Informationen zu den Spezifikationen unserer flexiblen Schl\u00e4uche, einschlie\u00dflich Materialeigenschaften, verf\u00fcgbaren Abmessungen, Oberfl\u00e4chenveredelungen sowie Installations- und Wartungsrichtlinien. Diese Dokumente sind essenziell, um eine optimale [&hellip;]\" \/>\n<meta property=\"og:url\" content=\"https:\/\/carniaflex.com\/de\/flexible-schlaeuche\/dokumentation\" \/>\n<meta property=\"og:site_name\" content=\"Carniaflex\" \/>\n<meta property=\"article:modified_time\" content=\"2026-02-17T13:53:43+00:00\" \/>\n<meta name=\"twitter:card\" content=\"summary_large_image\" \/>\n<meta name=\"twitter:label1\" content=\"Gesch\u00e4tzte Lesezeit\" \/>\n\t<meta name=\"twitter:data1\" content=\"2\u00a0Minuten\" \/>\n<script type=\"application\/ld+json\" class=\"yoast-schema-graph\">{\"@context\":\"https:\/\/schema.org\",\"@graph\":[{\"@type\":\"WebPage\",\"@id\":\"https:\/\/carniaflex.com\/de\/flexible-schlaeuche\/dokumentation\",\"url\":\"https:\/\/carniaflex.com\/de\/flexible-schlaeuche\/dokumentation\",\"name\":\"Dokumentation - Carniaflex\",\"isPartOf\":{\"@id\":\"https:\/\/carniaflex.com\/de#website\"},\"datePublished\":\"2024-05-31T16:05:30+00:00\",\"dateModified\":\"2026-02-17T13:53:43+00:00\",\"breadcrumb\":{\"@id\":\"https:\/\/carniaflex.com\/de\/flexible-schlaeuche\/dokumentation#breadcrumb\"},\"inLanguage\":\"de\",\"potentialAction\":[{\"@type\":\"ReadAction\",\"target\":[\"https:\/\/carniaflex.com\/de\/flexible-schlaeuche\/dokumentation\"]}]},{\"@type\":\"BreadcrumbList\",\"@id\":\"https:\/\/carniaflex.com\/de\/flexible-schlaeuche\/dokumentation#breadcrumb\",\"itemListElement\":[{\"@type\":\"ListItem\",\"position\":1,\"name\":\"Home\",\"item\":\"https:\/\/carniaflex.com\/de\"},{\"@type\":\"ListItem\",\"position\":2,\"name\":\"Flexible Metallschl\u00e4uche\",\"item\":\"https:\/\/carniaflex.com\/de\/flexible-schlaeuche\"},{\"@type\":\"ListItem\",\"position\":3,\"name\":\"Dokumentation\"}]},{\"@type\":\"WebSite\",\"@id\":\"https:\/\/carniaflex.com\/de#website\",\"url\":\"https:\/\/carniaflex.com\/de\",\"name\":\"Carniaflex\",\"description\":\"\",\"publisher\":{\"@id\":\"https:\/\/carniaflex.com\/de#organization\"},\"potentialAction\":[{\"@type\":\"SearchAction\",\"target\":{\"@type\":\"EntryPoint\",\"urlTemplate\":\"https:\/\/carniaflex.com\/de?s={search_term_string}\"},\"query-input\":{\"@type\":\"PropertyValueSpecification\",\"valueRequired\":true,\"valueName\":\"search_term_string\"}}],\"inLanguage\":\"de\"},{\"@type\":\"Organization\",\"@id\":\"https:\/\/carniaflex.com\/de#organization\",\"name\":\"Carniaflex\",\"url\":\"https:\/\/carniaflex.com\/de\",\"logo\":{\"@type\":\"ImageObject\",\"inLanguage\":\"de\",\"@id\":\"https:\/\/carniaflex.com\/de#\/schema\/logo\/image\/\",\"url\":\"https:\/\/carniaflex.com\/wp-content\/uploads\/2023\/05\/carniaflex_logo.svg\",\"contentUrl\":\"https:\/\/carniaflex.com\/wp-content\/uploads\/2023\/05\/carniaflex_logo.svg\",\"width\":1132,\"height\":279,\"caption\":\"Carniaflex\"},\"image\":{\"@id\":\"https:\/\/carniaflex.com\/de#\/schema\/logo\/image\/\"}}]}<\/script>\n<!-- \/ Yoast SEO plugin. -->","yoast_head_json":{"title":"Dokumentation - Carniaflex","robots":{"index":"index","follow":"follow","max-snippet":"max-snippet:-1","max-image-preview":"max-image-preview:large","max-video-preview":"max-video-preview:-1"},"canonical":"https:\/\/carniaflex.com\/de\/flexible-schlaeuche\/dokumentation","og_locale":"de_DE","og_type":"article","og_title":"Dokumentation - Carniaflex","og_description":"Carniaflex stellt eine umfassende Auswahl an technischen Ressourcen zur Verf\u00fcgung, um Kunden bei der Nutzung und dem Verst\u00e4ndnis unserer hochpr\u00e4zisen Produkte zu unterst\u00fctzen. Technische Handb\u00fccher Die technischen Handb\u00fccher von Carniaflex enthalten detaillierte Informationen zu den Spezifikationen unserer flexiblen Schl\u00e4uche, einschlie\u00dflich Materialeigenschaften, verf\u00fcgbaren Abmessungen, Oberfl\u00e4chenveredelungen sowie Installations- und Wartungsrichtlinien. Diese Dokumente sind essenziell, um eine optimale [&hellip;]","og_url":"https:\/\/carniaflex.com\/de\/flexible-schlaeuche\/dokumentation","og_site_name":"Carniaflex","article_modified_time":"2026-02-17T13:53:43+00:00","twitter_card":"summary_large_image","twitter_misc":{"Gesch\u00e4tzte Lesezeit":"2\u00a0Minuten"},"schema":{"@context":"https:\/\/schema.org","@graph":[{"@type":"WebPage","@id":"https:\/\/carniaflex.com\/de\/flexible-schlaeuche\/dokumentation","url":"https:\/\/carniaflex.com\/de\/flexible-schlaeuche\/dokumentation","name":"Dokumentation - Carniaflex","isPartOf":{"@id":"https:\/\/carniaflex.com\/de#website"},"datePublished":"2024-05-31T16:05:30+00:00","dateModified":"2026-02-17T13:53:43+00:00","breadcrumb":{"@id":"https:\/\/carniaflex.com\/de\/flexible-schlaeuche\/dokumentation#breadcrumb"},"inLanguage":"de","potentialAction":[{"@type":"ReadAction","target":["https:\/\/carniaflex.com\/de\/flexible-schlaeuche\/dokumentation"]}]},{"@type":"BreadcrumbList","@id":"https:\/\/carniaflex.com\/de\/flexible-schlaeuche\/dokumentation#breadcrumb","itemListElement":[{"@type":"ListItem","position":1,"name":"Home","item":"https:\/\/carniaflex.com\/de"},{"@type":"ListItem","position":2,"name":"Flexible Metallschl\u00e4uche","item":"https:\/\/carniaflex.com\/de\/flexible-schlaeuche"},{"@type":"ListItem","position":3,"name":"Dokumentation"}]},{"@type":"WebSite","@id":"https:\/\/carniaflex.com\/de#website","url":"https:\/\/carniaflex.com\/de","name":"Carniaflex","description":"","publisher":{"@id":"https:\/\/carniaflex.com\/de#organization"},"potentialAction":[{"@type":"SearchAction","target":{"@type":"EntryPoint","urlTemplate":"https:\/\/carniaflex.com\/de?s={search_term_string}"},"query-input":{"@type":"PropertyValueSpecification","valueRequired":true,"valueName":"search_term_string"}}],"inLanguage":"de"},{"@type":"Organization","@id":"https:\/\/carniaflex.com\/de#organization","name":"Carniaflex","url":"https:\/\/carniaflex.com\/de","logo":{"@type":"ImageObject","inLanguage":"de","@id":"https:\/\/carniaflex.com\/de#\/schema\/logo\/image\/","url":"https:\/\/carniaflex.com\/wp-content\/uploads\/2023\/05\/carniaflex_logo.svg","contentUrl":"https:\/\/carniaflex.com\/wp-content\/uploads\/2023\/05\/carniaflex_logo.svg","width":1132,"height":279,"caption":"Carniaflex"},"image":{"@id":"https:\/\/carniaflex.com\/de#\/schema\/logo\/image\/"}}]}},"jetpack_sharing_enabled":true,"mfb_rest_fields":["yoast_head","yoast_head_json","jetpack_sharing_enabled"],"_links":{"self":[{"href":"https:\/\/carniaflex.com\/de\/wp-json\/wp\/v2\/pages\/6482","targetHints":{"allow":["GET"]}}],"collection":[{"href":"https:\/\/carniaflex.com\/de\/wp-json\/wp\/v2\/pages"}],"about":[{"href":"https:\/\/carniaflex.com\/de\/wp-json\/wp\/v2\/types\/page"}],"author":[{"embeddable":true,"href":"https:\/\/carniaflex.com\/de\/wp-json\/wp\/v2\/users\/1"}],"replies":[{"embeddable":true,"href":"https:\/\/carniaflex.com\/de\/wp-json\/wp\/v2\/comments?post=6482"}],"version-history":[{"count":3,"href":"https:\/\/carniaflex.com\/de\/wp-json\/wp\/v2\/pages\/6482\/revisions"}],"predecessor-version":[{"id":6974,"href":"https:\/\/carniaflex.com\/de\/wp-json\/wp\/v2\/pages\/6482\/revisions\/6974"}],"up":[{"embeddable":true,"href":"https:\/\/carniaflex.com\/de\/wp-json\/wp\/v2\/pages\/6497"}],"wp:attachment":[{"href":"https:\/\/carniaflex.com\/de\/wp-json\/wp\/v2\/media?parent=6482"}],"curies":[{"name":"wp","href":"https:\/\/api.w.org\/{rel}","templated":true}]}}