{"id":6484,"date":"2024-05-31T17:56:15","date_gmt":"2024-05-31T15:56:15","guid":{"rendered":"https:\/\/carniaflex.com\/corporate\/forschung-und-entwicklung"},"modified":"2026-02-17T15:10:07","modified_gmt":"2026-02-17T14:10:07","slug":"forschung-und-entwicklung","status":"publish","type":"page","link":"https:\/\/carniaflex.com\/de\/corporate\/forschung-und-entwicklung","title":{"rendered":"Forschung und Entwicklung"},"content":{"rendered":"\n<div class=\"wp-block-group alignfull has-accent-2-background-color has-background has-global-padding is-layout-constrained wp-container-core-group-is-layout-5 wp-block-group-is-layout-constrained\" style=\"margin-top:0;margin-bottom:0;padding-top:0;padding-right:var(--wp--preset--spacing--50);padding-bottom:var(--wp--preset--spacing--50);padding-left:var(--wp--preset--spacing--50)\">\n<div class=\"wp-block-columns alignwide is-layout-flex wp-container-core-columns-is-layout-1 wp-block-columns-is-layout-flex tw-block-animation tw-animation-fade-in-up\">\n<div class=\"wp-block-column is-layout-flow wp-block-column-is-layout-flow\" style=\"--col-width:40%;flex-basis:40%\">\n<p class=\"wp-container-content-1\"><\/p>\n<\/div>\n\n\n\n<div class=\"wp-block-column is-layout-flow wp-block-column-is-layout-flow\" style=\"--col-width:60%;flex-basis:60%\">\n<p class=\"has-medium-font-size\" style=\"font-style:normal;font-weight:400;line-height:1.4\">Bei Carniaflex bildet Forschung und Entwicklung (F&amp;E) <mark style=\"background-color:rgba(0, 0, 0, 0);color:#212121\" class=\"has-inline-color\">das Herzst\u00fcck unserer Innovation<\/mark>. Wir sind st\u00e4ndig auf der Suche nach neuen Technologien und L\u00f6sungen, um unsere Produkte zu verbessern und die Anforderungen unserer Kunden in einem sich st\u00e4ndig weiterentwickelnden Markt zu erf\u00fcllen. Unser R&amp;D-Team arbeitet unerm\u00fcdlich daran, <mark style=\"background-color:rgba(0, 0, 0, 0);color:#212121\" class=\"has-inline-color\">fortschrittliche Prozesse<\/mark> zu entwickeln, die h\u00f6chste Qualit\u00e4t und Zuverl\u00e4ssigkeit gew\u00e4hrleisten.<\/p>\n<\/div>\n<\/div>\n\n\n\n<div style=\"height:var(--wp--preset--spacing--40)\" aria-hidden=\"true\" class=\"wp-block-spacer\"><\/div>\n\n\n\n<figure class=\"wp-block-image alignwide size-large is-style-default wp-duotone-unset-1 tw-block-animation tw-animation-wipe-left\"><img data-recalc-dims=\"1\" loading=\"lazy\" decoding=\"async\" width=\"1024\" height=\"569\" src=\"https:\/\/i0.wp.com\/carniaflex.com\/wp-content\/uploads\/2024\/07\/Screenshot-2024-07-16-alle-22.40.50.png?resize=1024%2C569&#038;ssl=1\" alt=\"\" class=\"wp-image-5403\" srcset=\"https:\/\/i0.wp.com\/carniaflex.com\/wp-content\/uploads\/2024\/07\/Screenshot-2024-07-16-alle-22.40.50.png?resize=1024%2C569&amp;ssl=1 1024w, https:\/\/i0.wp.com\/carniaflex.com\/wp-content\/uploads\/2024\/07\/Screenshot-2024-07-16-alle-22.40.50.png?resize=300%2C167&amp;ssl=1 300w, https:\/\/i0.wp.com\/carniaflex.com\/wp-content\/uploads\/2024\/07\/Screenshot-2024-07-16-alle-22.40.50.png?resize=768%2C426&amp;ssl=1 768w, https:\/\/i0.wp.com\/carniaflex.com\/wp-content\/uploads\/2024\/07\/Screenshot-2024-07-16-alle-22.40.50.png?resize=1536%2C853&amp;ssl=1 1536w, https:\/\/i0.wp.com\/carniaflex.com\/wp-content\/uploads\/2024\/07\/Screenshot-2024-07-16-alle-22.40.50.png?w=1900&amp;ssl=1 1900w\" sizes=\"auto, (max-width: 1000px) 100vw, 1000px\" \/><\/figure>\n\n\n\n<div class=\"wp-block-group alignfull has-global-padding is-layout-constrained wp-container-core-group-is-layout-4 wp-block-group-is-layout-constrained\" style=\"margin-top:0;margin-bottom:0;padding-top:var(--wp--preset--spacing--50);padding-right:var(--wp--preset--spacing--50);padding-bottom:var(--wp--preset--spacing--50);padding-left:var(--wp--preset--spacing--50)\">\n<div class=\"wp-block-columns alignwide is-layout-flex wp-container-core-columns-is-layout-2 wp-block-columns-is-layout-flex\">\n<div class=\"wp-block-column is-vertically-aligned-stretch is-layout-flow wp-block-column-is-layout-flow\" style=\"--col-width:60%;padding-right:0;flex-basis:60%\">\n<div class=\"wp-block-group is-vertical is-content-justification-left is-layout-flex wp-container-core-group-is-layout-1 wp-block-group-is-layout-flex\" style=\"min-height:100%\">\n<figure class=\"wp-block-image size-large is-style-default tw-block-animation tw-animation-wipe-left\"><img data-recalc-dims=\"1\" loading=\"lazy\" decoding=\"async\" width=\"1024\" height=\"683\" src=\"https:\/\/i0.wp.com\/carniaflex.com\/wp-content\/uploads\/2024\/06\/hi-mec-3.jpg?resize=1024%2C683&#038;ssl=1\" alt=\"\" class=\"wp-image-4397\" style=\"aspect-ratio:0.5625;object-fit:cover\" srcset=\"https:\/\/i0.wp.com\/carniaflex.com\/wp-content\/uploads\/2024\/06\/hi-mec-3.jpg?resize=1024%2C683&amp;ssl=1 1024w, https:\/\/i0.wp.com\/carniaflex.com\/wp-content\/uploads\/2024\/06\/hi-mec-3.jpg?resize=300%2C200&amp;ssl=1 300w, https:\/\/i0.wp.com\/carniaflex.com\/wp-content\/uploads\/2024\/06\/hi-mec-3.jpg?resize=768%2C512&amp;ssl=1 768w, https:\/\/i0.wp.com\/carniaflex.com\/wp-content\/uploads\/2024\/06\/hi-mec-3.jpg?resize=50%2C33&amp;ssl=1 50w, https:\/\/i0.wp.com\/carniaflex.com\/wp-content\/uploads\/2024\/06\/hi-mec-3.jpg?w=1440&amp;ssl=1 1440w\" sizes=\"auto, (max-width: 1000px) 100vw, 1000px\" \/><\/figure>\n<\/div>\n<\/div>\n\n\n\n<div class=\"wp-block-column is-layout-flow wp-block-column-is-layout-flow\" style=\"--col-width:40%;flex-basis:40%\">\n<div class=\"wp-block-group has-global-padding is-layout-constrained wp-container-core-group-is-layout-3 wp-block-group-is-layout-constrained\">\n<p class=\"has-medium-font-size tw-block-animation tw-animation-fade-in-up\" style=\"font-style:normal;font-weight:400;line-height:1.4\">Wir kooperieren eng mit Universit\u00e4ten, Forschungszentren und Industriepartnern, um in unserem Sektor stets an der Spitze zu bleiben. Durch einen <mark style=\"background-color:rgba(0, 0, 0, 0);color:#212121\" class=\"has-inline-color\">proaktiven und zukunftsorientierten Ansatz<\/mark> sind wir in der Lage, Trends fr\u00fchzeitig zu erkennen und schnell auf neue Herausforderungen zu reagieren. Unser Engagement in der Forschung und Entwicklung erm\u00f6glicht es uns nicht nur, bestehende Produkte zu optimieren, sondern auch neue L\u00f6sungen zu schaffen, die die Branchenstandards neu definieren.<\/p>\n\n\n\n<p class=\"has-medium-font-size tw-block-animation tw-animation-fade-in-up\" style=\"font-style:normal;font-weight:400;line-height:1.4\">Bei Carniaflex ist Forschung und Entwicklung eine <mark style=\"background-color:rgba(0, 0, 0, 0);color:#212121\" class=\"has-inline-color\"><strong>strategische Priorit\u00e4t<\/strong><\/mark>, die uns hilft, unsere Position als technologischer Innovationsf\u00fchrer zu behaupten \u2013 damit wir unseren Kunden stets die besten L\u00f6sungen bieten k\u00f6nnen.<\/p>\n\n\n\n<div class=\"wp-block-group is-layout-flow wp-block-group-is-layout-flow\">\n<figure class=\"wp-block-image size-large is-style-default tw-block-animation tw-animation-wipe-left\"><img data-recalc-dims=\"1\" loading=\"lazy\" decoding=\"async\" width=\"1024\" height=\"574\" src=\"https:\/\/i0.wp.com\/carniaflex.com\/wp-content\/uploads\/2024\/07\/Screenshot-2024-07-02-alle-21.56.46.png?resize=1024%2C574&#038;ssl=1\" alt=\"\" class=\"wp-image-5181\" style=\"aspect-ratio:3\/4;object-fit:cover\" srcset=\"https:\/\/i0.wp.com\/carniaflex.com\/wp-content\/uploads\/2024\/07\/Screenshot-2024-07-02-alle-21.56.46.png?resize=1024%2C574&amp;ssl=1 1024w, https:\/\/i0.wp.com\/carniaflex.com\/wp-content\/uploads\/2024\/07\/Screenshot-2024-07-02-alle-21.56.46.png?resize=300%2C168&amp;ssl=1 300w, https:\/\/i0.wp.com\/carniaflex.com\/wp-content\/uploads\/2024\/07\/Screenshot-2024-07-02-alle-21.56.46.png?resize=768%2C430&amp;ssl=1 768w, https:\/\/i0.wp.com\/carniaflex.com\/wp-content\/uploads\/2024\/07\/Screenshot-2024-07-02-alle-21.56.46.png?resize=50%2C28&amp;ssl=1 50w, https:\/\/i0.wp.com\/carniaflex.com\/wp-content\/uploads\/2024\/07\/Screenshot-2024-07-02-alle-21.56.46.png?resize=1600%2C897&amp;ssl=1 1600w, https:\/\/i0.wp.com\/carniaflex.com\/wp-content\/uploads\/2024\/07\/Screenshot-2024-07-02-alle-21.56.46.png?resize=1536%2C861&amp;ssl=1 1536w, https:\/\/i0.wp.com\/carniaflex.com\/wp-content\/uploads\/2024\/07\/Screenshot-2024-07-02-alle-21.56.46.png?w=1911&amp;ssl=1 1911w\" sizes=\"auto, (max-width: 1000px) 100vw, 1000px\" \/><\/figure>\n<\/div>\n<\/div>\n<\/div>\n<\/div>\n<\/div>\n<\/div>\n","protected":false},"excerpt":{"rendered":"<p>Bei Carniaflex bildet Forschung und Entwicklung (F&amp;E) das Herzst\u00fcck unserer Innovation. Wir sind st\u00e4ndig auf der Suche nach neuen Technologien und L\u00f6sungen, um unsere Produkte zu verbessern und die Anforderungen unserer Kunden in einem sich st\u00e4ndig weiterentwickelnden Markt zu erf\u00fcllen. Unser R&amp;D-Team arbeitet unerm\u00fcdlich daran, fortschrittliche Prozesse zu entwickeln, die h\u00f6chste Qualit\u00e4t und Zuverl\u00e4ssigkeit gew\u00e4hrleisten. [&hellip;]<\/p>\n","protected":false},"author":1,"featured_media":0,"parent":6457,"menu_order":0,"comment_status":"closed","ping_status":"closed","template":"","meta":{"_coblocks_attr":"","_coblocks_dimensions":"","_coblocks_responsive_height":"","_coblocks_accordion_ie_support":"","footnotes":""},"class_list":["post-6484","page","type-page","status-publish","hentry"],"yoast_head":"<!-- This site is optimized with the Yoast SEO plugin v24.5 - https:\/\/yoast.com\/wordpress\/plugins\/seo\/ -->\n<title>Forschung und Entwicklung - Carniaflex<\/title>\n<meta name=\"robots\" content=\"index, follow, max-snippet:-1, max-image-preview:large, max-video-preview:-1\" \/>\n<link rel=\"canonical\" href=\"https:\/\/carniaflex.com\/de\/corporate\/forschung-und-entwicklung\" \/>\n<meta property=\"og:locale\" content=\"de_DE\" \/>\n<meta property=\"og:type\" content=\"article\" \/>\n<meta property=\"og:title\" content=\"Forschung und Entwicklung - Carniaflex\" \/>\n<meta property=\"og:description\" content=\"Bei Carniaflex bildet Forschung und Entwicklung (F&amp;E) das Herzst\u00fcck unserer Innovation. Wir sind st\u00e4ndig auf der Suche nach neuen Technologien und L\u00f6sungen, um unsere Produkte zu verbessern und die Anforderungen unserer Kunden in einem sich st\u00e4ndig weiterentwickelnden Markt zu erf\u00fcllen. Unser R&amp;D-Team arbeitet unerm\u00fcdlich daran, fortschrittliche Prozesse zu entwickeln, die h\u00f6chste Qualit\u00e4t und Zuverl\u00e4ssigkeit gew\u00e4hrleisten. [&hellip;]\" \/>\n<meta property=\"og:url\" content=\"https:\/\/carniaflex.com\/de\/corporate\/forschung-und-entwicklung\" \/>\n<meta property=\"og:site_name\" content=\"Carniaflex\" \/>\n<meta property=\"article:modified_time\" content=\"2026-02-17T14:10:07+00:00\" \/>\n<meta property=\"og:image\" content=\"https:\/\/carniaflex.com\/wp-content\/uploads\/2024\/07\/Screenshot-2024-07-16-alle-22.40.50-1024x569.png\" \/>\n<meta name=\"twitter:card\" content=\"summary_large_image\" \/>\n<meta name=\"twitter:label1\" content=\"Gesch\u00e4tzte Lesezeit\" \/>\n\t<meta name=\"twitter:data1\" content=\"2\u00a0Minuten\" \/>\n<script type=\"application\/ld+json\" class=\"yoast-schema-graph\">{\"@context\":\"https:\/\/schema.org\",\"@graph\":[{\"@type\":\"WebPage\",\"@id\":\"https:\/\/carniaflex.com\/de\/corporate\/forschung-und-entwicklung\",\"url\":\"https:\/\/carniaflex.com\/de\/corporate\/forschung-und-entwicklung\",\"name\":\"Forschung und Entwicklung - Carniaflex\",\"isPartOf\":{\"@id\":\"https:\/\/carniaflex.com\/de#website\"},\"primaryImageOfPage\":{\"@id\":\"https:\/\/carniaflex.com\/de\/corporate\/forschung-und-entwicklung#primaryimage\"},\"image\":{\"@id\":\"https:\/\/carniaflex.com\/de\/corporate\/forschung-und-entwicklung#primaryimage\"},\"thumbnailUrl\":\"https:\/\/carniaflex.com\/wp-content\/uploads\/2024\/07\/Screenshot-2024-07-16-alle-22.40.50-1024x569.png\",\"datePublished\":\"2024-05-31T15:56:15+00:00\",\"dateModified\":\"2026-02-17T14:10:07+00:00\",\"breadcrumb\":{\"@id\":\"https:\/\/carniaflex.com\/de\/corporate\/forschung-und-entwicklung#breadcrumb\"},\"inLanguage\":\"de\",\"potentialAction\":[{\"@type\":\"ReadAction\",\"target\":[\"https:\/\/carniaflex.com\/de\/corporate\/forschung-und-entwicklung\"]}]},{\"@type\":\"ImageObject\",\"inLanguage\":\"de\",\"@id\":\"https:\/\/carniaflex.com\/de\/corporate\/forschung-und-entwicklung#primaryimage\",\"url\":\"https:\/\/carniaflex.com\/wp-content\/uploads\/2024\/07\/Screenshot-2024-07-16-alle-22.40.50-1024x569.png\",\"contentUrl\":\"https:\/\/carniaflex.com\/wp-content\/uploads\/2024\/07\/Screenshot-2024-07-16-alle-22.40.50-1024x569.png\"},{\"@type\":\"BreadcrumbList\",\"@id\":\"https:\/\/carniaflex.com\/de\/corporate\/forschung-und-entwicklung#breadcrumb\",\"itemListElement\":[{\"@type\":\"ListItem\",\"position\":1,\"name\":\"Home\",\"item\":\"https:\/\/carniaflex.com\/de\"},{\"@type\":\"ListItem\",\"position\":2,\"name\":\"Corporate\",\"item\":\"https:\/\/carniaflex.com\/de\/corporate\"},{\"@type\":\"ListItem\",\"position\":3,\"name\":\"Forschung und Entwicklung\"}]},{\"@type\":\"WebSite\",\"@id\":\"https:\/\/carniaflex.com\/de#website\",\"url\":\"https:\/\/carniaflex.com\/de\",\"name\":\"Carniaflex\",\"description\":\"\",\"publisher\":{\"@id\":\"https:\/\/carniaflex.com\/de#organization\"},\"potentialAction\":[{\"@type\":\"SearchAction\",\"target\":{\"@type\":\"EntryPoint\",\"urlTemplate\":\"https:\/\/carniaflex.com\/de?s={search_term_string}\"},\"query-input\":{\"@type\":\"PropertyValueSpecification\",\"valueRequired\":true,\"valueName\":\"search_term_string\"}}],\"inLanguage\":\"de\"},{\"@type\":\"Organization\",\"@id\":\"https:\/\/carniaflex.com\/de#organization\",\"name\":\"Carniaflex\",\"url\":\"https:\/\/carniaflex.com\/de\",\"logo\":{\"@type\":\"ImageObject\",\"inLanguage\":\"de\",\"@id\":\"https:\/\/carniaflex.com\/de#\/schema\/logo\/image\/\",\"url\":\"https:\/\/carniaflex.com\/wp-content\/uploads\/2023\/05\/carniaflex_logo.svg\",\"contentUrl\":\"https:\/\/carniaflex.com\/wp-content\/uploads\/2023\/05\/carniaflex_logo.svg\",\"width\":1132,\"height\":279,\"caption\":\"Carniaflex\"},\"image\":{\"@id\":\"https:\/\/carniaflex.com\/de#\/schema\/logo\/image\/\"}}]}<\/script>\n<!-- \/ Yoast SEO plugin. -->","yoast_head_json":{"title":"Forschung und Entwicklung - Carniaflex","robots":{"index":"index","follow":"follow","max-snippet":"max-snippet:-1","max-image-preview":"max-image-preview:large","max-video-preview":"max-video-preview:-1"},"canonical":"https:\/\/carniaflex.com\/de\/corporate\/forschung-und-entwicklung","og_locale":"de_DE","og_type":"article","og_title":"Forschung und Entwicklung - Carniaflex","og_description":"Bei Carniaflex bildet Forschung und Entwicklung (F&amp;E) das Herzst\u00fcck unserer Innovation. Wir sind st\u00e4ndig auf der Suche nach neuen Technologien und L\u00f6sungen, um unsere Produkte zu verbessern und die Anforderungen unserer Kunden in einem sich st\u00e4ndig weiterentwickelnden Markt zu erf\u00fcllen. Unser R&amp;D-Team arbeitet unerm\u00fcdlich daran, fortschrittliche Prozesse zu entwickeln, die h\u00f6chste Qualit\u00e4t und Zuverl\u00e4ssigkeit gew\u00e4hrleisten. [&hellip;]","og_url":"https:\/\/carniaflex.com\/de\/corporate\/forschung-und-entwicklung","og_site_name":"Carniaflex","article_modified_time":"2026-02-17T14:10:07+00:00","og_image":[{"url":"https:\/\/carniaflex.com\/wp-content\/uploads\/2024\/07\/Screenshot-2024-07-16-alle-22.40.50-1024x569.png","type":"","width":"","height":""}],"twitter_card":"summary_large_image","twitter_misc":{"Gesch\u00e4tzte Lesezeit":"2\u00a0Minuten"},"schema":{"@context":"https:\/\/schema.org","@graph":[{"@type":"WebPage","@id":"https:\/\/carniaflex.com\/de\/corporate\/forschung-und-entwicklung","url":"https:\/\/carniaflex.com\/de\/corporate\/forschung-und-entwicklung","name":"Forschung und Entwicklung - Carniaflex","isPartOf":{"@id":"https:\/\/carniaflex.com\/de#website"},"primaryImageOfPage":{"@id":"https:\/\/carniaflex.com\/de\/corporate\/forschung-und-entwicklung#primaryimage"},"image":{"@id":"https:\/\/carniaflex.com\/de\/corporate\/forschung-und-entwicklung#primaryimage"},"thumbnailUrl":"https:\/\/carniaflex.com\/wp-content\/uploads\/2024\/07\/Screenshot-2024-07-16-alle-22.40.50-1024x569.png","datePublished":"2024-05-31T15:56:15+00:00","dateModified":"2026-02-17T14:10:07+00:00","breadcrumb":{"@id":"https:\/\/carniaflex.com\/de\/corporate\/forschung-und-entwicklung#breadcrumb"},"inLanguage":"de","potentialAction":[{"@type":"ReadAction","target":["https:\/\/carniaflex.com\/de\/corporate\/forschung-und-entwicklung"]}]},{"@type":"ImageObject","inLanguage":"de","@id":"https:\/\/carniaflex.com\/de\/corporate\/forschung-und-entwicklung#primaryimage","url":"https:\/\/carniaflex.com\/wp-content\/uploads\/2024\/07\/Screenshot-2024-07-16-alle-22.40.50-1024x569.png","contentUrl":"https:\/\/carniaflex.com\/wp-content\/uploads\/2024\/07\/Screenshot-2024-07-16-alle-22.40.50-1024x569.png"},{"@type":"BreadcrumbList","@id":"https:\/\/carniaflex.com\/de\/corporate\/forschung-und-entwicklung#breadcrumb","itemListElement":[{"@type":"ListItem","position":1,"name":"Home","item":"https:\/\/carniaflex.com\/de"},{"@type":"ListItem","position":2,"name":"Corporate","item":"https:\/\/carniaflex.com\/de\/corporate"},{"@type":"ListItem","position":3,"name":"Forschung und Entwicklung"}]},{"@type":"WebSite","@id":"https:\/\/carniaflex.com\/de#website","url":"https:\/\/carniaflex.com\/de","name":"Carniaflex","description":"","publisher":{"@id":"https:\/\/carniaflex.com\/de#organization"},"potentialAction":[{"@type":"SearchAction","target":{"@type":"EntryPoint","urlTemplate":"https:\/\/carniaflex.com\/de?s={search_term_string}"},"query-input":{"@type":"PropertyValueSpecification","valueRequired":true,"valueName":"search_term_string"}}],"inLanguage":"de"},{"@type":"Organization","@id":"https:\/\/carniaflex.com\/de#organization","name":"Carniaflex","url":"https:\/\/carniaflex.com\/de","logo":{"@type":"ImageObject","inLanguage":"de","@id":"https:\/\/carniaflex.com\/de#\/schema\/logo\/image\/","url":"https:\/\/carniaflex.com\/wp-content\/uploads\/2023\/05\/carniaflex_logo.svg","contentUrl":"https:\/\/carniaflex.com\/wp-content\/uploads\/2023\/05\/carniaflex_logo.svg","width":1132,"height":279,"caption":"Carniaflex"},"image":{"@id":"https:\/\/carniaflex.com\/de#\/schema\/logo\/image\/"}}]}},"jetpack_sharing_enabled":true,"mfb_rest_fields":["yoast_head","yoast_head_json","jetpack_sharing_enabled"],"_links":{"self":[{"href":"https:\/\/carniaflex.com\/de\/wp-json\/wp\/v2\/pages\/6484","targetHints":{"allow":["GET"]}}],"collection":[{"href":"https:\/\/carniaflex.com\/de\/wp-json\/wp\/v2\/pages"}],"about":[{"href":"https:\/\/carniaflex.com\/de\/wp-json\/wp\/v2\/types\/page"}],"author":[{"embeddable":true,"href":"https:\/\/carniaflex.com\/de\/wp-json\/wp\/v2\/users\/1"}],"replies":[{"embeddable":true,"href":"https:\/\/carniaflex.com\/de\/wp-json\/wp\/v2\/comments?post=6484"}],"version-history":[{"count":4,"href":"https:\/\/carniaflex.com\/de\/wp-json\/wp\/v2\/pages\/6484\/revisions"}],"predecessor-version":[{"id":6984,"href":"https:\/\/carniaflex.com\/de\/wp-json\/wp\/v2\/pages\/6484\/revisions\/6984"}],"up":[{"embeddable":true,"href":"https:\/\/carniaflex.com\/de\/wp-json\/wp\/v2\/pages\/6457"}],"wp:attachment":[{"href":"https:\/\/carniaflex.com\/de\/wp-json\/wp\/v2\/media?parent=6484"}],"curies":[{"name":"wp","href":"https:\/\/api.w.org\/{rel}","templated":true}]}}