{"id":6492,"date":"2024-05-31T17:55:45","date_gmt":"2024-05-31T15:55:45","guid":{"rendered":"https:\/\/carniaflex.com\/corporate\/unternehmenspolitik"},"modified":"2025-09-24T15:26:55","modified_gmt":"2025-09-24T13:26:55","slug":"unternehmenspolitik","status":"publish","type":"page","link":"https:\/\/carniaflex.com\/de\/corporate\/unternehmenspolitik","title":{"rendered":"Unternehmenspolitik"},"content":{"rendered":"\n<div class=\"wp-block-group alignfull has-contrast-2-background-color has-background has-global-padding is-layout-constrained wp-container-core-group-is-layout-6 wp-block-group-is-layout-constrained tw-block-animation tw-animation-fade-in-up\" style=\"margin-top:0;margin-bottom:0;padding-top:4rem;padding-right:2rem;padding-bottom:4rem;padding-left:2rem\">\n<div class=\"wp-block-columns alignwide is-layout-flex wp-container-core-columns-is-layout-1 wp-block-columns-is-layout-flex\">\n<div class=\"wp-block-column is-vertically-aligned-stretch is-layout-flow wp-block-column-is-layout-flow\" style=\"--col-width:50%;flex-basis:50%\">\n<p class=\"has-base-color has-text-color has-link-color has-medium-font-size wp-elements-20baeb5755657b8a15799c5fee355745\" style=\"font-style:normal;font-weight:500\">Die von Carniaflex angenommenen Unternehmensrichtlinien bilden die Grundlage f\u00fcr unsere t\u00e4gliche Arbeit. Dar\u00fcber hinaus verpflichtet uns unsere Mitgliedschaft in der Confindustria zur Einhaltung des von allen Mitgliedern geteilten \u201eEthik-Kodex\u201c, der ein verantwortungsvolles Verhalten garantiert, das den Standards der Integrit\u00e4t und Transparenz entspricht. Diese Richtlinien spiegeln das Engagement des Unternehmens und aller Mitarbeiter f\u00fcr Spitzenleistungen, Nachhaltigkeit, Sicherheit und ethische Integrit\u00e4t wider.<br>Wir sind der festen \u00dcberzeugung, dass langfristiges Wachstum und Erfolg das Ergebnis eines verantwortungsvollen und f\u00fcrsorglichen Managements in jedem Aspekt unserer Arbeit sind.<\/p>\n<\/div>\n\n\n\n<div class=\"wp-block-column is-vertically-aligned-top is-layout-flow wp-block-column-is-layout-flow\" style=\"--col-width:50%;flex-basis:50%\">\n<figure class=\"wp-block-image size-large is-style-default tw-block-animation tw-animation-wipe-right\"><img data-recalc-dims=\"1\" loading=\"lazy\" decoding=\"async\" width=\"1024\" height=\"682\" src=\"https:\/\/i0.wp.com\/carniaflex.com\/wp-content\/uploads\/2024\/06\/pannello2-azienda-2.jpg?resize=1024%2C682&#038;ssl=1\" alt=\"\" class=\"wp-image-4379\" srcset=\"https:\/\/i0.wp.com\/carniaflex.com\/wp-content\/uploads\/2024\/06\/pannello2-azienda-2.jpg?resize=1024%2C682&amp;ssl=1 1024w, https:\/\/i0.wp.com\/carniaflex.com\/wp-content\/uploads\/2024\/06\/pannello2-azienda-2.jpg?resize=300%2C200&amp;ssl=1 300w, https:\/\/i0.wp.com\/carniaflex.com\/wp-content\/uploads\/2024\/06\/pannello2-azienda-2.jpg?resize=768%2C512&amp;ssl=1 768w, https:\/\/i0.wp.com\/carniaflex.com\/wp-content\/uploads\/2024\/06\/pannello2-azienda-2.jpg?resize=50%2C33&amp;ssl=1 50w, https:\/\/i0.wp.com\/carniaflex.com\/wp-content\/uploads\/2024\/06\/pannello2-azienda-2.jpg?w=1339&amp;ssl=1 1339w\" sizes=\"auto, (max-width: 1000px) 100vw, 1000px\" \/><\/figure>\n<\/div>\n<\/div>\n\n\n\n<div class=\"wp-block-group alignwide is-content-justification-left is-layout-flex wp-container-core-group-is-layout-5 wp-block-group-is-layout-flex\" style=\"margin-top:var(--wp--preset--spacing--40)\">\n<div class=\"wp-block-group is-vertical is-content-justification-left is-layout-flex wp-container-core-group-is-layout-1 wp-block-group-is-layout-flex\">\n<p class=\"has-base-color has-text-color has-link-color wp-elements-3345e391590a78884df076b8731fa25e tw-block-animation tw-animation-fade-in\">Zertifizierungen<\/p>\n\n\n\n<div class=\"wp-block-buttons is-layout-flex wp-block-buttons-is-layout-flex\">\n<div class=\"wp-block-button is-style-fill\"><a class=\"wp-block-button__link has-contrast-2-color has-base-background-color has-text-color has-background has-link-color wp-element-button\" href=\"https:\/\/carniaflex.com\/de\/corporate\/zertifizierungen\">Alle Zertifikate anzeigen \u2192<\/a><\/div>\n<\/div>\n<\/div>\n\n\n\n<div class=\"wp-block-group is-vertical is-content-justification-left is-layout-flex wp-container-core-group-is-layout-2 wp-block-group-is-layout-flex\">\n<p class=\"has-base-color has-text-color has-link-color wp-elements-9ab27ee31f75614a3cd61da958f4ff6c tw-block-animation tw-animation-fade-in\">Qualit\u00e4tspolitik 2024<\/p>\n\n\n\n<div class=\"wp-block-buttons is-layout-flex wp-block-buttons-is-layout-flex\" style=\"margin-top:0\">\n<div class=\"wp-block-button tw-block-animation tw-animation-fade-in-up\"><a class=\"wp-block-button__link has-contrast-2-color has-base-background-color has-text-color has-background has-link-color wp-element-button\" href=\"https:\/\/carniaflex.com\/wp-content\/uploads\/2025\/09\/Politica-Qualit\ufffd-2024-del-04.04.2024-EN.pdf\" target=\"_blank\" rel=\"noreferrer noopener\">PDF herunterladen \u2192<\/a><\/div>\n<\/div>\n<\/div>\n\n\n\n<div class=\"wp-block-group is-vertical is-content-justification-left is-layout-flex wp-container-core-group-is-layout-3 wp-block-group-is-layout-flex\">\n<p class=\"has-base-color has-text-color has-link-color wp-elements-a2a2486ae3fc26ad0fb186b2d4aff9b5 tw-block-animation tw-animation-fade-in\">Umwelt- und Arbeitsschutzpolitik<\/p>\n\n\n\n<div class=\"wp-block-buttons is-layout-flex wp-block-buttons-is-layout-flex\" style=\"margin-top:0\">\n<div class=\"wp-block-button tw-block-animation tw-animation-fade-in-up\"><a class=\"wp-block-button__link has-contrast-2-color has-base-background-color has-text-color has-background has-link-color wp-element-button\" href=\"https:\/\/carniaflex.com\/wp-content\/uploads\/2025\/09\/POL-AMB-SSL_2025.07.22-EN.pdf\" target=\"_blank\" rel=\"noreferrer noopener\">PDF herunterladen \u2192<\/a><\/div>\n<\/div>\n<\/div>\n\n\n\n<div class=\"wp-block-group is-vertical is-content-justification-left is-layout-flex wp-container-core-group-is-layout-4 wp-block-group-is-layout-flex\">\n<p class=\"has-base-color has-text-color has-link-color wp-elements-7ca85c0f6c648fe88e097e7d584488ad tw-block-animation tw-animation-fade-in\">Confindustria-Ethikkodex<\/p>\n\n\n\n<div class=\"wp-block-buttons is-layout-flex wp-block-buttons-is-layout-flex\" style=\"margin-top:0\">\n<div class=\"wp-block-button tw-block-animation tw-animation-fade-in-up\"><a class=\"wp-block-button__link has-contrast-2-color has-base-background-color has-text-color has-background has-link-color wp-element-button\" href=\"https:\/\/www.confindustria.it\/home\/chi-siamo\/governance\/codice-etico\" target=\"_blank\" rel=\"noreferrer noopener\">Weiter zum Ethik-Kodex \u2192<\/a><\/div>\n<\/div>\n<\/div>\n<\/div>\n<\/div>\n\n\n\n<div class=\"wp-block-group alignfull has-base-background-color has-background is-vertical is-content-justification-center is-layout-flex wp-container-core-group-is-layout-21 wp-block-group-is-layout-flex\" style=\"padding-top:4rem;padding-right:2rem;padding-bottom:4rem;padding-left:2rem\">\n<div class=\"wp-block-group is-nowrap is-layout-flex wp-container-core-group-is-layout-8 wp-block-group-is-layout-flex\">\n<p class=\"has-contrast-2-color has-text-color has-link-color has-xx-large-font-size wp-elements-f337ea302a7e4380651caabe9eee93f1 wp-container-content-1 tw-block-animation tw-animation-fade-in-up\" style=\"--tw-animation-delay:0.3s;font-style:normal;font-weight:600;line-height:1\">1<\/p>\n\n\n\n<div class=\"wp-block-group has-global-padding is-layout-constrained wp-block-group-is-layout-constrained tw-block-animation tw-animation-fade-in-up\">\n<h2 class=\"wp-block-heading\" style=\"margin-bottom:2rem\"><strong>Qualit\u00e4t<\/strong><\/h2>\n\n\n\n<p>Unsere Priorit\u00e4t ist es, h\u00f6chste Qualit\u00e4t in jedem Produkt und jeder Dienstleistung, die wir anbieten, zu gew\u00e4hrleisten. Unsere Qualit\u00e4tspolitik basiert auf strengen Kontrollen, kontinuierlichen Verbesserungsprozessen und regelm\u00e4\u00dfiger Schulung unserer Mitarbeiter, um sicherzustellen, dass jedes Produkt den h\u00f6chsten Exzellenzstandards entspricht. <\/p>\n<\/div>\n<\/div>\n\n\n\n<hr style=\"width:100px; max-width:100%;height:1px;\" class=\"wp-block-separator has-text-color has-contrast-2-color has-alpha-channel-opacity has-contrast-2-background-color has-background tw-block-animation tw-animation-wipe-left\"\/>\n\n\n\n<div class=\"wp-block-group is-nowrap is-layout-flex wp-container-core-group-is-layout-10 wp-block-group-is-layout-flex\">\n<p class=\"has-contrast-2-color has-text-color has-link-color has-xx-large-font-size wp-elements-3da54a309ff1114445179cca3db621d9 wp-container-content-2 tw-block-animation tw-animation-fade-in-up\" style=\"--tw-animation-delay:0.3s;font-style:normal;font-weight:600;line-height:1\">2<\/p>\n\n\n\n<div class=\"wp-block-group has-global-padding is-layout-constrained wp-block-group-is-layout-constrained tw-block-animation tw-animation-fade-in-up\">\n<h2 class=\"wp-block-heading\" style=\"margin-bottom:2rem\"><strong>Umwelt<\/strong><\/h2>\n\n\n\n<p>Carniaflex ist tief in den Umweltschutz involviert. Wir setzen nachhaltige Praktiken um und streben st\u00e4ndig danach, unsere \u00f6kologischen Auswirkungen zu reduzieren. Wir verwenden umweltfreundliche Materialien und energiesparende Technologien, w\u00e4hrend wir gleichzeitig Recycling und verantwortungsvolle Abfallwirtschaft f\u00f6rdern.  <\/p>\n<\/div>\n<\/div>\n\n\n\n<hr style=\"width:100px; max-width:100%;height:1px;\" class=\"wp-block-separator has-text-color has-contrast-2-color has-alpha-channel-opacity has-contrast-2-background-color has-background tw-block-animation tw-animation-wipe-right\"\/>\n\n\n\n<div class=\"wp-block-group is-nowrap is-layout-flex wp-container-core-group-is-layout-12 wp-block-group-is-layout-flex\">\n<p class=\"has-contrast-2-color has-text-color has-link-color has-xx-large-font-size wp-elements-fe52bcd4aee85cb05e94ebd67f2af961 wp-container-content-3 tw-block-animation tw-animation-fade-in-up\" style=\"--tw-animation-delay:0.3s;font-style:normal;font-weight:600;line-height:1\">3<\/p>\n\n\n\n<div class=\"wp-block-group has-global-padding is-layout-constrained wp-block-group-is-layout-constrained tw-block-animation tw-animation-fade-in-up\">\n<h2 class=\"wp-block-heading\" style=\"margin-bottom:2rem\"><strong>Sicherheit<\/strong><\/h2>\n\n\n\n<p>Die Sicherheit unserer Mitarbeiter ist von zentraler Bedeutung. Wir implementieren strenge Sicherheitsprotokolle am Arbeitsplatz und f\u00f6rdern eine sichere und gesunde Arbeitsumgebung. Wir schulen unsere Mitarbeiter regelm\u00e4\u00dfig in den besten Sicherheitspraktiken und stellen sicher, dass alle Ger\u00e4te und Verfahren den geltenden Vorschriften entsprechen.  <\/p>\n<\/div>\n<\/div>\n\n\n\n<hr style=\"width:100px; max-width:100%;height:1px;\" class=\"wp-block-separator has-text-color has-contrast-2-color has-alpha-channel-opacity has-contrast-2-background-color has-background tw-block-animation tw-animation-wipe-left\"\/>\n\n\n\n<div class=\"wp-block-group is-nowrap is-layout-flex wp-container-core-group-is-layout-14 wp-block-group-is-layout-flex\">\n<p class=\"has-contrast-2-color has-text-color has-link-color has-xx-large-font-size wp-elements-ef53807378ee731cb73663ea368455f9 wp-container-content-4 tw-block-animation tw-animation-fade-in-up\" style=\"--tw-animation-delay:0.3s;font-style:normal;font-weight:600;line-height:1\">4<\/p>\n\n\n\n<div class=\"wp-block-group has-global-padding is-layout-constrained wp-block-group-is-layout-constrained tw-block-animation tw-animation-fade-in-up\">\n<h2 class=\"wp-block-heading\" style=\"margin-bottom:2rem\"><strong>Ethik<\/strong><\/h2>\n\n\n\n<p>Integrit\u00e4t und berufliche Ethik sind Kernwerte von Carniaflex. Wir handeln transparent, ehrlich und respektvoll in allen unseren Interaktionen, sowohl intern als auch extern. Wir verpflichten uns, in allen unseren Aktivit\u00e4ten ethisch zu handeln und Kunden, Lieferanten und Mitarbeiter fair und respektvoll zu behandeln.  <\/p>\n\n\n\n<p>Als Mitglied von Confindustria macht sich Carniaflex die im Ethikkodex des Verbands verankerten Werte und Grunds\u00e4tze zu eigen.<\/p>\n<\/div>\n<\/div>\n\n\n\n<hr style=\"width:100px; max-width:100%;height:1px;\" class=\"wp-block-separator has-text-color has-contrast-2-color has-alpha-channel-opacity has-contrast-2-background-color has-background tw-block-animation tw-animation-wipe-right\"\/>\n\n\n\n<div class=\"wp-block-group is-nowrap is-layout-flex wp-container-core-group-is-layout-16 wp-block-group-is-layout-flex\">\n<p class=\"has-contrast-2-color has-text-color has-link-color has-xx-large-font-size wp-elements-906f28cc7810740ff0363f4a8977fa0c wp-container-content-5 tw-block-animation tw-animation-fade-in-up\" style=\"--tw-animation-delay:0.3s;font-style:normal;font-weight:600;line-height:1\">5<\/p>\n\n\n\n<div class=\"wp-block-group has-global-padding is-layout-constrained wp-block-group-is-layout-constrained tw-block-animation tw-animation-fade-in-up\">\n<h2 class=\"wp-block-heading\" style=\"margin-bottom:2rem\"><strong>Inklusion und Vielfalt<\/strong><\/h2>\n\n\n\n<p>Wir f\u00f6rdern ein inklusives Arbeitsumfeld, in dem Vielfalt gesch\u00e4tzt und jeder Einzelne respektiert wird. Wir glauben, dass die Vielfalt von Erfahrungen, Ideen und Perspektiven unser Unternehmen bereichert und zu unserem Erfolg beitr\u00e4gt. <\/p>\n<\/div>\n<\/div>\n\n\n\n<hr style=\"width:100px; max-width:100%;height:1px;\" class=\"wp-block-separator has-text-color has-contrast-2-color has-alpha-channel-opacity has-contrast-2-background-color has-background tw-block-animation tw-animation-wipe-left\"\/>\n\n\n\n<div class=\"wp-block-group is-nowrap is-layout-flex wp-container-core-group-is-layout-18 wp-block-group-is-layout-flex\">\n<p class=\"has-contrast-2-color has-text-color has-link-color has-xx-large-font-size wp-elements-37dcd7619acf0d8b1aa6f69275b8bf5f wp-container-content-6 tw-block-animation tw-animation-fade-in-up\" style=\"--tw-animation-delay:0.3s;font-style:normal;font-weight:600;line-height:1\">6<\/p>\n\n\n\n<div class=\"wp-block-group has-global-padding is-layout-constrained wp-block-group-is-layout-constrained tw-block-animation tw-animation-fade-in-up\">\n<h2 class=\"wp-block-heading\" style=\"margin-bottom:2rem\"><strong>Soziale Verantwortung<\/strong><\/h2>\n\n\n\n<p>Wir sind uns unserer Rolle in der Gemeinschaft bewusst und verpflichten uns, positiv durch Initiativen zur sozialen Verantwortung beizutragen. Wir unterst\u00fctzen lokale Projekte, investieren in wohlt\u00e4tige Aktivit\u00e4ten und f\u00f6rdern das Wohlergehen der Gemeinschaft, in der wir t\u00e4tig sind. <\/p>\n<\/div>\n<\/div>\n\n\n\n<hr style=\"width:100px; max-width:100%;height:1px;\" class=\"wp-block-separator has-text-color has-contrast-2-color has-alpha-channel-opacity has-contrast-2-background-color has-background tw-block-animation tw-animation-wipe-right\"\/>\n\n\n\n<div class=\"wp-block-group is-nowrap is-layout-flex wp-container-core-group-is-layout-20 wp-block-group-is-layout-flex\">\n<p class=\"has-contrast-2-color has-text-color has-link-color has-xx-large-font-size wp-elements-6091aa7c8ac9a06d29212ce2da1483e5 wp-container-content-7 tw-block-animation tw-animation-fade-in-up\" style=\"--tw-animation-delay:0.3s;font-style:normal;font-weight:600;line-height:1\">7<\/p>\n\n\n\n<div class=\"wp-block-group has-global-padding is-layout-constrained wp-block-group-is-layout-constrained tw-block-animation tw-animation-fade-in-up\">\n<h2 class=\"wp-block-heading\" style=\"margin-bottom:2rem\"><strong>Verpflichtungen von Carniaflex<\/strong><\/h2>\n\n\n\n<p>Carniaflex verpflichtet sich, alle anwendbaren Gesetze und Vorschriften einzuhalten, unsere Gesch\u00e4ftspraktiken kontinuierlich zu verbessern und ein verantwortungsvoller und nachhaltiger Marktf\u00fchrer in unserer Branche zu bleiben. Unsere Unternehmensrichtlinien sind nicht nur Leitlinien, sondern echte Verpflichtungen, die jeden Aspekt unserer t\u00e4glichen Arbeit beeinflussen. <\/p>\n<\/div>\n<\/div>\n<\/div>\n","protected":false},"excerpt":{"rendered":"<p>Die von Carniaflex angenommenen Unternehmensrichtlinien bilden die Grundlage f\u00fcr unsere t\u00e4gliche Arbeit. Dar\u00fcber hinaus verpflichtet uns unsere Mitgliedschaft in der Confindustria zur Einhaltung des von allen Mitgliedern geteilten \u201eEthik-Kodex\u201c, der ein verantwortungsvolles Verhalten garantiert, das den Standards der Integrit\u00e4t und Transparenz entspricht. Diese Richtlinien spiegeln das Engagement des Unternehmens und aller Mitarbeiter f\u00fcr Spitzenleistungen, Nachhaltigkeit, [&hellip;]<\/p>\n","protected":false},"author":1,"featured_media":0,"parent":6457,"menu_order":0,"comment_status":"closed","ping_status":"closed","template":"","meta":{"_coblocks_attr":"","_coblocks_dimensions":"","_coblocks_responsive_height":"","_coblocks_accordion_ie_support":"","footnotes":""},"class_list":["post-6492","page","type-page","status-publish","hentry"],"yoast_head":"<!-- This site is optimized with the Yoast SEO plugin v24.5 - https:\/\/yoast.com\/wordpress\/plugins\/seo\/ -->\n<title>Unternehmenspolitik - Carniaflex<\/title>\n<meta name=\"robots\" content=\"index, follow, max-snippet:-1, max-image-preview:large, max-video-preview:-1\" \/>\n<link rel=\"canonical\" href=\"https:\/\/carniaflex.com\/de\/corporate\/unternehmenspolitik\" \/>\n<meta property=\"og:locale\" content=\"de_DE\" \/>\n<meta property=\"og:type\" content=\"article\" \/>\n<meta property=\"og:title\" content=\"Unternehmenspolitik - Carniaflex\" \/>\n<meta property=\"og:description\" content=\"Die von Carniaflex angenommenen Unternehmensrichtlinien bilden die Grundlage f\u00fcr unsere t\u00e4gliche Arbeit. Dar\u00fcber hinaus verpflichtet uns unsere Mitgliedschaft in der Confindustria zur Einhaltung des von allen Mitgliedern geteilten \u201eEthik-Kodex\u201c, der ein verantwortungsvolles Verhalten garantiert, das den Standards der Integrit\u00e4t und Transparenz entspricht. Diese Richtlinien spiegeln das Engagement des Unternehmens und aller Mitarbeiter f\u00fcr Spitzenleistungen, Nachhaltigkeit, [&hellip;]\" \/>\n<meta property=\"og:url\" content=\"https:\/\/carniaflex.com\/de\/corporate\/unternehmenspolitik\" \/>\n<meta property=\"og:site_name\" content=\"Carniaflex\" \/>\n<meta property=\"article:modified_time\" content=\"2025-09-24T13:26:55+00:00\" \/>\n<meta property=\"og:image\" content=\"https:\/\/carniaflex.com\/wp-content\/uploads\/2024\/06\/pannello2-azienda-2-1024x682.jpg\" \/>\n<meta name=\"twitter:card\" content=\"summary_large_image\" \/>\n<meta name=\"twitter:label1\" content=\"Gesch\u00e4tzte Lesezeit\" \/>\n\t<meta name=\"twitter:data1\" content=\"3\u00a0Minuten\" \/>\n<script type=\"application\/ld+json\" class=\"yoast-schema-graph\">{\"@context\":\"https:\/\/schema.org\",\"@graph\":[{\"@type\":\"WebPage\",\"@id\":\"https:\/\/carniaflex.com\/de\/corporate\/unternehmenspolitik\",\"url\":\"https:\/\/carniaflex.com\/de\/corporate\/unternehmenspolitik\",\"name\":\"Unternehmenspolitik - Carniaflex\",\"isPartOf\":{\"@id\":\"https:\/\/carniaflex.com\/de#website\"},\"primaryImageOfPage\":{\"@id\":\"https:\/\/carniaflex.com\/de\/corporate\/unternehmenspolitik#primaryimage\"},\"image\":{\"@id\":\"https:\/\/carniaflex.com\/de\/corporate\/unternehmenspolitik#primaryimage\"},\"thumbnailUrl\":\"https:\/\/carniaflex.com\/wp-content\/uploads\/2024\/06\/pannello2-azienda-2-1024x682.jpg\",\"datePublished\":\"2024-05-31T15:55:45+00:00\",\"dateModified\":\"2025-09-24T13:26:55+00:00\",\"breadcrumb\":{\"@id\":\"https:\/\/carniaflex.com\/de\/corporate\/unternehmenspolitik#breadcrumb\"},\"inLanguage\":\"de\",\"potentialAction\":[{\"@type\":\"ReadAction\",\"target\":[\"https:\/\/carniaflex.com\/de\/corporate\/unternehmenspolitik\"]}]},{\"@type\":\"ImageObject\",\"inLanguage\":\"de\",\"@id\":\"https:\/\/carniaflex.com\/de\/corporate\/unternehmenspolitik#primaryimage\",\"url\":\"https:\/\/carniaflex.com\/wp-content\/uploads\/2024\/06\/pannello2-azienda-2-1024x682.jpg\",\"contentUrl\":\"https:\/\/carniaflex.com\/wp-content\/uploads\/2024\/06\/pannello2-azienda-2-1024x682.jpg\"},{\"@type\":\"BreadcrumbList\",\"@id\":\"https:\/\/carniaflex.com\/de\/corporate\/unternehmenspolitik#breadcrumb\",\"itemListElement\":[{\"@type\":\"ListItem\",\"position\":1,\"name\":\"Home\",\"item\":\"https:\/\/carniaflex.com\/de\"},{\"@type\":\"ListItem\",\"position\":2,\"name\":\"Corporate\",\"item\":\"https:\/\/carniaflex.com\/de\/corporate\"},{\"@type\":\"ListItem\",\"position\":3,\"name\":\"Unternehmenspolitik\"}]},{\"@type\":\"WebSite\",\"@id\":\"https:\/\/carniaflex.com\/de#website\",\"url\":\"https:\/\/carniaflex.com\/de\",\"name\":\"Carniaflex\",\"description\":\"\",\"publisher\":{\"@id\":\"https:\/\/carniaflex.com\/de#organization\"},\"potentialAction\":[{\"@type\":\"SearchAction\",\"target\":{\"@type\":\"EntryPoint\",\"urlTemplate\":\"https:\/\/carniaflex.com\/de?s={search_term_string}\"},\"query-input\":{\"@type\":\"PropertyValueSpecification\",\"valueRequired\":true,\"valueName\":\"search_term_string\"}}],\"inLanguage\":\"de\"},{\"@type\":\"Organization\",\"@id\":\"https:\/\/carniaflex.com\/de#organization\",\"name\":\"Carniaflex\",\"url\":\"https:\/\/carniaflex.com\/de\",\"logo\":{\"@type\":\"ImageObject\",\"inLanguage\":\"de\",\"@id\":\"https:\/\/carniaflex.com\/de#\/schema\/logo\/image\/\",\"url\":\"https:\/\/carniaflex.com\/wp-content\/uploads\/2023\/05\/carniaflex_logo.svg\",\"contentUrl\":\"https:\/\/carniaflex.com\/wp-content\/uploads\/2023\/05\/carniaflex_logo.svg\",\"width\":1132,\"height\":279,\"caption\":\"Carniaflex\"},\"image\":{\"@id\":\"https:\/\/carniaflex.com\/de#\/schema\/logo\/image\/\"}}]}<\/script>\n<!-- \/ Yoast SEO plugin. -->","yoast_head_json":{"title":"Unternehmenspolitik - Carniaflex","robots":{"index":"index","follow":"follow","max-snippet":"max-snippet:-1","max-image-preview":"max-image-preview:large","max-video-preview":"max-video-preview:-1"},"canonical":"https:\/\/carniaflex.com\/de\/corporate\/unternehmenspolitik","og_locale":"de_DE","og_type":"article","og_title":"Unternehmenspolitik - Carniaflex","og_description":"Die von Carniaflex angenommenen Unternehmensrichtlinien bilden die Grundlage f\u00fcr unsere t\u00e4gliche Arbeit. Dar\u00fcber hinaus verpflichtet uns unsere Mitgliedschaft in der Confindustria zur Einhaltung des von allen Mitgliedern geteilten \u201eEthik-Kodex\u201c, der ein verantwortungsvolles Verhalten garantiert, das den Standards der Integrit\u00e4t und Transparenz entspricht. Diese Richtlinien spiegeln das Engagement des Unternehmens und aller Mitarbeiter f\u00fcr Spitzenleistungen, Nachhaltigkeit, [&hellip;]","og_url":"https:\/\/carniaflex.com\/de\/corporate\/unternehmenspolitik","og_site_name":"Carniaflex","article_modified_time":"2025-09-24T13:26:55+00:00","og_image":[{"url":"https:\/\/carniaflex.com\/wp-content\/uploads\/2024\/06\/pannello2-azienda-2-1024x682.jpg","type":"","width":"","height":""}],"twitter_card":"summary_large_image","twitter_misc":{"Gesch\u00e4tzte Lesezeit":"3\u00a0Minuten"},"schema":{"@context":"https:\/\/schema.org","@graph":[{"@type":"WebPage","@id":"https:\/\/carniaflex.com\/de\/corporate\/unternehmenspolitik","url":"https:\/\/carniaflex.com\/de\/corporate\/unternehmenspolitik","name":"Unternehmenspolitik - Carniaflex","isPartOf":{"@id":"https:\/\/carniaflex.com\/de#website"},"primaryImageOfPage":{"@id":"https:\/\/carniaflex.com\/de\/corporate\/unternehmenspolitik#primaryimage"},"image":{"@id":"https:\/\/carniaflex.com\/de\/corporate\/unternehmenspolitik#primaryimage"},"thumbnailUrl":"https:\/\/carniaflex.com\/wp-content\/uploads\/2024\/06\/pannello2-azienda-2-1024x682.jpg","datePublished":"2024-05-31T15:55:45+00:00","dateModified":"2025-09-24T13:26:55+00:00","breadcrumb":{"@id":"https:\/\/carniaflex.com\/de\/corporate\/unternehmenspolitik#breadcrumb"},"inLanguage":"de","potentialAction":[{"@type":"ReadAction","target":["https:\/\/carniaflex.com\/de\/corporate\/unternehmenspolitik"]}]},{"@type":"ImageObject","inLanguage":"de","@id":"https:\/\/carniaflex.com\/de\/corporate\/unternehmenspolitik#primaryimage","url":"https:\/\/carniaflex.com\/wp-content\/uploads\/2024\/06\/pannello2-azienda-2-1024x682.jpg","contentUrl":"https:\/\/carniaflex.com\/wp-content\/uploads\/2024\/06\/pannello2-azienda-2-1024x682.jpg"},{"@type":"BreadcrumbList","@id":"https:\/\/carniaflex.com\/de\/corporate\/unternehmenspolitik#breadcrumb","itemListElement":[{"@type":"ListItem","position":1,"name":"Home","item":"https:\/\/carniaflex.com\/de"},{"@type":"ListItem","position":2,"name":"Corporate","item":"https:\/\/carniaflex.com\/de\/corporate"},{"@type":"ListItem","position":3,"name":"Unternehmenspolitik"}]},{"@type":"WebSite","@id":"https:\/\/carniaflex.com\/de#website","url":"https:\/\/carniaflex.com\/de","name":"Carniaflex","description":"","publisher":{"@id":"https:\/\/carniaflex.com\/de#organization"},"potentialAction":[{"@type":"SearchAction","target":{"@type":"EntryPoint","urlTemplate":"https:\/\/carniaflex.com\/de?s={search_term_string}"},"query-input":{"@type":"PropertyValueSpecification","valueRequired":true,"valueName":"search_term_string"}}],"inLanguage":"de"},{"@type":"Organization","@id":"https:\/\/carniaflex.com\/de#organization","name":"Carniaflex","url":"https:\/\/carniaflex.com\/de","logo":{"@type":"ImageObject","inLanguage":"de","@id":"https:\/\/carniaflex.com\/de#\/schema\/logo\/image\/","url":"https:\/\/carniaflex.com\/wp-content\/uploads\/2023\/05\/carniaflex_logo.svg","contentUrl":"https:\/\/carniaflex.com\/wp-content\/uploads\/2023\/05\/carniaflex_logo.svg","width":1132,"height":279,"caption":"Carniaflex"},"image":{"@id":"https:\/\/carniaflex.com\/de#\/schema\/logo\/image\/"}}]}},"jetpack_sharing_enabled":true,"mfb_rest_fields":["yoast_head","yoast_head_json","jetpack_sharing_enabled"],"_links":{"self":[{"href":"https:\/\/carniaflex.com\/de\/wp-json\/wp\/v2\/pages\/6492","targetHints":{"allow":["GET"]}}],"collection":[{"href":"https:\/\/carniaflex.com\/de\/wp-json\/wp\/v2\/pages"}],"about":[{"href":"https:\/\/carniaflex.com\/de\/wp-json\/wp\/v2\/types\/page"}],"author":[{"embeddable":true,"href":"https:\/\/carniaflex.com\/de\/wp-json\/wp\/v2\/users\/1"}],"replies":[{"embeddable":true,"href":"https:\/\/carniaflex.com\/de\/wp-json\/wp\/v2\/comments?post=6492"}],"version-history":[{"count":10,"href":"https:\/\/carniaflex.com\/de\/wp-json\/wp\/v2\/pages\/6492\/revisions"}],"predecessor-version":[{"id":6920,"href":"https:\/\/carniaflex.com\/de\/wp-json\/wp\/v2\/pages\/6492\/revisions\/6920"}],"up":[{"embeddable":true,"href":"https:\/\/carniaflex.com\/de\/wp-json\/wp\/v2\/pages\/6457"}],"wp:attachment":[{"href":"https:\/\/carniaflex.com\/de\/wp-json\/wp\/v2\/media?parent=6492"}],"curies":[{"name":"wp","href":"https:\/\/api.w.org\/{rel}","templated":true}]}}