{"id":6499,"date":"2024-07-16T12:34:59","date_gmt":"2024-07-16T10:34:59","guid":{"rendered":"https:\/\/carniaflex.com\/kontakt"},"modified":"2025-03-20T00:11:27","modified_gmt":"2025-03-19T23:11:27","slug":"kontakt","status":"publish","type":"page","link":"https:\/\/carniaflex.com\/de\/kontakt","title":{"rendered":"Kontakt"},"content":{"rendered":"\n<div class=\"wp-block-group alignfull has-base-color has-contrast-2-background-color has-text-color has-background has-link-color wp-elements-dbe44d1040a90e2cc57c64de2bd5f670 has-global-padding is-layout-constrained wp-container-core-group-is-layout-1 wp-block-group-is-layout-constrained tw-block-animation tw-animation-fade-in\" style=\"padding-top:4rem;padding-right:2rem;padding-bottom:4rem;padding-left:2rem\">\n<div class=\"wp-block-columns alignwide is-layout-flex wp-container-core-columns-is-layout-1 wp-block-columns-is-layout-flex tw-block-animation tw-animation-fade-in-up\">\n<div class=\"wp-block-column is-layout-flow wp-container-core-column-is-layout-1 wp-block-column-is-layout-flow\" style=\"--col-width:50%;padding-top:0;padding-right:0;padding-bottom:0;padding-left:0;flex-basis:50%\">\n<p style=\"font-size:clamp(1.125rem, 1.125rem + ((1vw - 0.2rem) * 0.208), 1.25rem);\">Wir sind jederzeit f\u00fcr Sie da, um Ihre Fragen zu beantworten oder Ihnen weitere Informationen bereitzustellen. Z\u00f6gern Sie nicht, uns \u00fcber die folgenden Kan\u00e4le zu kontaktieren. <\/p>\n<\/div>\n\n\n\n<div class=\"wp-block-column is-layout-flow wp-block-column-is-layout-flow\" style=\"--col-width:50%;flex-basis:50%\"><\/div>\n<\/div>\n<\/div>\n\n\n\n<div class=\"wp-block-group alignfull has-global-padding is-layout-constrained wp-container-core-group-is-layout-3 wp-block-group-is-layout-constrained tw-block-animation tw-animation-fade-in\" style=\"padding-top:4rem;padding-right:2rem;padding-bottom:4rem;padding-left:2rem\">\n<div class=\"wp-block-columns alignwide is-layout-flex wp-container-core-columns-is-layout-2 wp-block-columns-is-layout-flex tw-block-animation tw-animation-fade-in-up\">\n<div class=\"wp-block-column is-layout-flow wp-container-core-column-is-layout-3 wp-block-column-is-layout-flow\" style=\"--col-width:50%;padding-top:0;padding-right:0;padding-bottom:0;padding-left:0;flex-basis:50%\">\n<h3 class=\"wp-block-heading tw-block-animation tw-animation-fade-in\" style=\"text-transform:uppercase\">Kontaktformular<\/h3>\n\n\n\n<p class=\"tw-block-animation tw-animation-fade-in\" style=\"--tw-animation-delay:0.3s;\">F\u00fcllen Sie das untenstehende Formular aus, um uns eine direkte Nachricht zu senden. Wir werden Ihnen so schnell wie m\u00f6glich antworten. <\/p>\n<\/div>\n\n\n\n<div class=\"wp-block-column is-layout-flow wp-block-column-is-layout-flow\" style=\"--col-width:50%;flex-basis:50%\">\n<div style=\"--tw-animation-delay:0.6s;\" class=\"wp-block-group has-global-padding is-layout-constrained wp-block-group-is-layout-constrained tw-block-animation tw-animation-fade-in\">\n<div class=\"wp-block-contact-form-7-contact-form-selector\"><p class=\"wpcf7-contact-form-not-found\"><strong>Fehler:<\/strong> Kontaktformular wurde nicht gefunden.<\/p><\/div>\n<\/div>\n<\/div>\n<\/div>\n<\/div>\n\n\n\n<hr style=\"height:2px;\" class=\"wp-block-separator has-text-color has-contrast-2-color has-alpha-channel-opacity has-contrast-2-background-color has-background tw-block-animation tw-animation-wipe-left\"\/>\n\n\n\n<div class=\"wp-block-group alignfull has-global-padding is-layout-constrained wp-container-core-group-is-layout-7 wp-block-group-is-layout-constrained tw-block-animation tw-animation-fade-in\" style=\"padding-top:4rem;padding-right:2rem;padding-bottom:4rem;padding-left:2rem\">\n<div class=\"wp-block-media-text alignwide is-stacked-on-mobile is-vertically-aligned-center tw-block-animation tw-animation-fade-in\"><figure class=\"wp-block-media-text__media\"><img data-recalc-dims=\"1\" loading=\"lazy\" decoding=\"async\" width=\"1024\" height=\"768\" src=\"https:\/\/i0.wp.com\/carniaflex.com\/wp-content\/uploads\/2024\/07\/DSCN8007-1.jpg?resize=1024%2C768&#038;ssl=1\" alt=\"\" class=\"wp-image-5277 size-full\" srcset=\"https:\/\/i0.wp.com\/carniaflex.com\/wp-content\/uploads\/2024\/07\/DSCN8007-1-scaled.jpg?resize=1024%2C768&amp;ssl=1 1024w, https:\/\/i0.wp.com\/carniaflex.com\/wp-content\/uploads\/2024\/07\/DSCN8007-1-scaled.jpg?resize=300%2C225&amp;ssl=1 300w, https:\/\/i0.wp.com\/carniaflex.com\/wp-content\/uploads\/2024\/07\/DSCN8007-1-scaled.jpg?resize=768%2C576&amp;ssl=1 768w, https:\/\/i0.wp.com\/carniaflex.com\/wp-content\/uploads\/2024\/07\/DSCN8007-1-scaled.jpg?resize=50%2C38&amp;ssl=1 50w, https:\/\/i0.wp.com\/carniaflex.com\/wp-content\/uploads\/2024\/07\/DSCN8007-1-scaled.jpg?resize=1600%2C1200&amp;ssl=1 1600w, https:\/\/i0.wp.com\/carniaflex.com\/wp-content\/uploads\/2024\/07\/DSCN8007-1-scaled.jpg?resize=1536%2C1152&amp;ssl=1 1536w, https:\/\/i0.wp.com\/carniaflex.com\/wp-content\/uploads\/2024\/07\/DSCN8007-1-scaled.jpg?resize=2048%2C1536&amp;ssl=1 2048w\" sizes=\"auto, (max-width: 1000px) 100vw, 1000px\" \/><\/figure><div class=\"wp-block-media-text__content\">\n<div class=\"wp-block-group is-vertical is-layout-flex wp-container-core-group-is-layout-6 wp-block-group-is-layout-flex\">\n<h3 class=\"wp-block-heading\" style=\"text-transform:uppercase\">Hauptsitz<\/h3>\n\n\n\n<div class=\"wp-block-group has-global-padding is-layout-constrained wp-block-group-is-layout-constrained\">\n<div class=\"wp-block-group is-vertical is-layout-flex wp-container-core-group-is-layout-4 wp-block-group-is-layout-flex\">\n<p style=\"font-size:clamp(1.125rem, 1.125rem + ((1vw - 0.2rem) * 0.208), 1.25rem);\">Via Nazionale, 8<\/p>\n\n\n\n<p style=\"font-size:clamp(1.125rem, 1.125rem + ((1vw - 0.2rem) * 0.208), 1.25rem);\">33026 Paluzza (UD)<br>Italien<\/p>\n\n\n\n<p style=\"font-size:clamp(1.125rem, 1.125rem + ((1vw - 0.2rem) * 0.208), 1.25rem);\">+ 39 0433 775164<\/p>\n\n\n\n<p style=\"font-size:clamp(1.125rem, 1.125rem + ((1vw - 0.2rem) * 0.208), 1.25rem);\"><a href=\"mailto:carniaflex@carniaflex.com\">carniaflex@carniaflex.com<\/a><\/p>\n<\/div>\n<\/div>\n\n\n\n<div class=\"wp-block-buttons is-layout-flex wp-block-buttons-is-layout-flex\">\n<div class=\"wp-block-button is-style-outline is-style-outline--1\"><a class=\"wp-block-button__link wp-element-button\">Kontaktieren Sie einen unserer Vertreter<\/a><\/div>\n<\/div>\n<\/div>\n<\/div><\/div>\n<\/div>\n\n\n\n<hr style=\"height:2px;\" class=\"wp-block-separator has-text-color has-contrast-2-color has-alpha-channel-opacity has-contrast-2-background-color has-background tw-block-animation tw-animation-wipe-right\"\/>\n\n\n\n<div class=\"wp-block-group alignfull has-global-padding is-layout-constrained wp-container-core-group-is-layout-9 wp-block-group-is-layout-constrained tw-block-animation tw-animation-fade-in\" style=\"padding-top:4rem;padding-right:2rem;padding-bottom:4rem;padding-left:2rem\">\n<div class=\"wp-block-group is-vertical is-content-justification-center is-layout-flex wp-container-core-group-is-layout-8 wp-block-group-is-layout-flex\">\n<h2 class=\"wp-block-heading\" style=\"text-transform:uppercase\">Social Media<\/h2>\n\n\n\n<p class=\"has-medium-font-size\">Bleiben Sie auf dem Laufenden \u00fcber die neuesten Neuigkeiten von Carniaflex, indem Sie uns auf unseren Social-Media-Kan\u00e4len folgen.<\/p>\n\n\n\n<ul class=\"wp-block-social-links has-visible-labels is-style-tw-rounded is-content-justification-center is-layout-flex wp-container-core-social-links-is-layout-1 wp-block-social-links-is-layout-flex\"><li class=\"wp-social-link wp-social-link-linkedin  wp-block-social-link\"><a rel=\"noopener nofollow\" target=\"_blank\" href=\"https:\/\/www.linkedin.com\/company\/24723524\" class=\"wp-block-social-link-anchor\"><svg width=\"24\" height=\"24\" viewBox=\"0 0 24 24\" version=\"1.1\" xmlns=\"http:\/\/www.w3.org\/2000\/svg\" aria-hidden=\"true\" focusable=\"false\"><path d=\"M19.7,3H4.3C3.582,3,3,3.582,3,4.3v15.4C3,20.418,3.582,21,4.3,21h15.4c0.718,0,1.3-0.582,1.3-1.3V4.3 C21,3.582,20.418,3,19.7,3z M8.339,18.338H5.667v-8.59h2.672V18.338z M7.004,8.574c-0.857,0-1.549-0.694-1.549-1.548 c0-0.855,0.691-1.548,1.549-1.548c0.854,0,1.547,0.694,1.547,1.548C8.551,7.881,7.858,8.574,7.004,8.574z M18.339,18.338h-2.669 v-4.177c0-0.996-0.017-2.278-1.387-2.278c-1.389,0-1.601,1.086-1.601,2.206v4.249h-2.667v-8.59h2.559v1.174h0.037 c0.356-0.675,1.227-1.387,2.526-1.387c2.703,0,3.203,1.779,3.203,4.092V18.338z\"><\/path><\/svg><span class=\"wp-block-social-link-label\">Linkedin<\/span><\/a><\/li>\n\n<li class=\"wp-social-link wp-social-link-facebook  wp-block-social-link\"><a rel=\"noopener nofollow\" target=\"_blank\" href=\"https:\/\/www.facebook.com\/Carniaflex\/?locale=it_IT\" class=\"wp-block-social-link-anchor\"><svg width=\"24\" height=\"24\" viewBox=\"0 0 24 24\" version=\"1.1\" xmlns=\"http:\/\/www.w3.org\/2000\/svg\" aria-hidden=\"true\" focusable=\"false\"><path d=\"M12 2C6.5 2 2 6.5 2 12c0 5 3.7 9.1 8.4 9.9v-7H7.9V12h2.5V9.8c0-2.5 1.5-3.9 3.8-3.9 1.1 0 2.2.2 2.2.2v2.5h-1.3c-1.2 0-1.6.8-1.6 1.6V12h2.8l-.4 2.9h-2.3v7C18.3 21.1 22 17 22 12c0-5.5-4.5-10-10-10z\"><\/path><\/svg><span class=\"wp-block-social-link-label\">Facebook<\/span><\/a><\/li><\/ul>\n<\/div>\n<\/div>\n","protected":false},"excerpt":{"rendered":"<p>Wir sind jederzeit f\u00fcr Sie da, um Ihre Fragen zu beantworten oder Ihnen weitere Informationen bereitzustellen. Z\u00f6gern Sie nicht, uns \u00fcber die folgenden Kan\u00e4le zu kontaktieren. Kontaktformular F\u00fcllen Sie das untenstehende Formular aus, um uns eine direkte Nachricht zu senden. Wir werden Ihnen so schnell wie m\u00f6glich antworten. Hauptsitz Via Nazionale, 8 33026 Paluzza (UD)Italien [&hellip;]<\/p>\n","protected":false},"author":1,"featured_media":0,"parent":0,"menu_order":0,"comment_status":"closed","ping_status":"closed","template":"","meta":{"_coblocks_attr":"","_coblocks_dimensions":"","_coblocks_responsive_height":"","_coblocks_accordion_ie_support":"","footnotes":""},"class_list":["post-6499","page","type-page","status-publish","hentry"],"yoast_head":"<!-- This site is optimized with the Yoast SEO plugin v24.5 - https:\/\/yoast.com\/wordpress\/plugins\/seo\/ -->\n<title>Kontakt - Carniaflex<\/title>\n<meta name=\"robots\" content=\"index, follow, max-snippet:-1, max-image-preview:large, max-video-preview:-1\" \/>\n<link rel=\"canonical\" href=\"https:\/\/carniaflex.com\/de\/kontakt\" \/>\n<meta property=\"og:locale\" content=\"de_DE\" \/>\n<meta property=\"og:type\" content=\"article\" \/>\n<meta property=\"og:title\" content=\"Kontakt - Carniaflex\" \/>\n<meta property=\"og:description\" content=\"Wir sind jederzeit f\u00fcr Sie da, um Ihre Fragen zu beantworten oder Ihnen weitere Informationen bereitzustellen. Z\u00f6gern Sie nicht, uns \u00fcber die folgenden Kan\u00e4le zu kontaktieren. Kontaktformular F\u00fcllen Sie das untenstehende Formular aus, um uns eine direkte Nachricht zu senden. Wir werden Ihnen so schnell wie m\u00f6glich antworten. Hauptsitz Via Nazionale, 8 33026 Paluzza (UD)Italien [&hellip;]\" \/>\n<meta property=\"og:url\" content=\"https:\/\/carniaflex.com\/de\/kontakt\" \/>\n<meta property=\"og:site_name\" content=\"Carniaflex\" \/>\n<meta property=\"article:modified_time\" content=\"2025-03-19T23:11:27+00:00\" \/>\n<meta property=\"og:image\" content=\"https:\/\/carniaflex.com\/wp-content\/uploads\/2024\/07\/DSCN8007-1-1024x768.jpg\" \/>\n<meta name=\"twitter:card\" content=\"summary_large_image\" \/>\n<meta name=\"twitter:label1\" content=\"Gesch\u00e4tzte Lesezeit\" \/>\n\t<meta name=\"twitter:data1\" content=\"1\u00a0Minute\" \/>\n<script type=\"application\/ld+json\" class=\"yoast-schema-graph\">{\"@context\":\"https:\/\/schema.org\",\"@graph\":[{\"@type\":\"WebPage\",\"@id\":\"https:\/\/carniaflex.com\/de\/kontakt\",\"url\":\"https:\/\/carniaflex.com\/de\/kontakt\",\"name\":\"Kontakt - Carniaflex\",\"isPartOf\":{\"@id\":\"https:\/\/carniaflex.com\/de#website\"},\"primaryImageOfPage\":{\"@id\":\"https:\/\/carniaflex.com\/de\/kontakt#primaryimage\"},\"image\":{\"@id\":\"https:\/\/carniaflex.com\/de\/kontakt#primaryimage\"},\"thumbnailUrl\":\"https:\/\/carniaflex.com\/wp-content\/uploads\/2024\/07\/DSCN8007-1-1024x768.jpg\",\"datePublished\":\"2024-07-16T10:34:59+00:00\",\"dateModified\":\"2025-03-19T23:11:27+00:00\",\"breadcrumb\":{\"@id\":\"https:\/\/carniaflex.com\/de\/kontakt#breadcrumb\"},\"inLanguage\":\"de\",\"potentialAction\":[{\"@type\":\"ReadAction\",\"target\":[\"https:\/\/carniaflex.com\/de\/kontakt\"]}]},{\"@type\":\"ImageObject\",\"inLanguage\":\"de\",\"@id\":\"https:\/\/carniaflex.com\/de\/kontakt#primaryimage\",\"url\":\"https:\/\/carniaflex.com\/wp-content\/uploads\/2024\/07\/DSCN8007-1-1024x768.jpg\",\"contentUrl\":\"https:\/\/carniaflex.com\/wp-content\/uploads\/2024\/07\/DSCN8007-1-1024x768.jpg\"},{\"@type\":\"BreadcrumbList\",\"@id\":\"https:\/\/carniaflex.com\/de\/kontakt#breadcrumb\",\"itemListElement\":[{\"@type\":\"ListItem\",\"position\":1,\"name\":\"Home\",\"item\":\"https:\/\/carniaflex.com\/de\"},{\"@type\":\"ListItem\",\"position\":2,\"name\":\"Kontakt\"}]},{\"@type\":\"WebSite\",\"@id\":\"https:\/\/carniaflex.com\/de#website\",\"url\":\"https:\/\/carniaflex.com\/de\",\"name\":\"Carniaflex\",\"description\":\"\",\"publisher\":{\"@id\":\"https:\/\/carniaflex.com\/de#organization\"},\"potentialAction\":[{\"@type\":\"SearchAction\",\"target\":{\"@type\":\"EntryPoint\",\"urlTemplate\":\"https:\/\/carniaflex.com\/de?s={search_term_string}\"},\"query-input\":{\"@type\":\"PropertyValueSpecification\",\"valueRequired\":true,\"valueName\":\"search_term_string\"}}],\"inLanguage\":\"de\"},{\"@type\":\"Organization\",\"@id\":\"https:\/\/carniaflex.com\/de#organization\",\"name\":\"Carniaflex\",\"url\":\"https:\/\/carniaflex.com\/de\",\"logo\":{\"@type\":\"ImageObject\",\"inLanguage\":\"de\",\"@id\":\"https:\/\/carniaflex.com\/de#\/schema\/logo\/image\/\",\"url\":\"https:\/\/carniaflex.com\/wp-content\/uploads\/2023\/05\/carniaflex_logo.svg\",\"contentUrl\":\"https:\/\/carniaflex.com\/wp-content\/uploads\/2023\/05\/carniaflex_logo.svg\",\"width\":1132,\"height\":279,\"caption\":\"Carniaflex\"},\"image\":{\"@id\":\"https:\/\/carniaflex.com\/de#\/schema\/logo\/image\/\"}}]}<\/script>\n<!-- \/ Yoast SEO plugin. -->","yoast_head_json":{"title":"Kontakt - Carniaflex","robots":{"index":"index","follow":"follow","max-snippet":"max-snippet:-1","max-image-preview":"max-image-preview:large","max-video-preview":"max-video-preview:-1"},"canonical":"https:\/\/carniaflex.com\/de\/kontakt","og_locale":"de_DE","og_type":"article","og_title":"Kontakt - Carniaflex","og_description":"Wir sind jederzeit f\u00fcr Sie da, um Ihre Fragen zu beantworten oder Ihnen weitere Informationen bereitzustellen. Z\u00f6gern Sie nicht, uns \u00fcber die folgenden Kan\u00e4le zu kontaktieren. Kontaktformular F\u00fcllen Sie das untenstehende Formular aus, um uns eine direkte Nachricht zu senden. Wir werden Ihnen so schnell wie m\u00f6glich antworten. Hauptsitz Via Nazionale, 8 33026 Paluzza (UD)Italien [&hellip;]","og_url":"https:\/\/carniaflex.com\/de\/kontakt","og_site_name":"Carniaflex","article_modified_time":"2025-03-19T23:11:27+00:00","og_image":[{"url":"https:\/\/carniaflex.com\/wp-content\/uploads\/2024\/07\/DSCN8007-1-1024x768.jpg","type":"","width":"","height":""}],"twitter_card":"summary_large_image","twitter_misc":{"Gesch\u00e4tzte Lesezeit":"1\u00a0Minute"},"schema":{"@context":"https:\/\/schema.org","@graph":[{"@type":"WebPage","@id":"https:\/\/carniaflex.com\/de\/kontakt","url":"https:\/\/carniaflex.com\/de\/kontakt","name":"Kontakt - Carniaflex","isPartOf":{"@id":"https:\/\/carniaflex.com\/de#website"},"primaryImageOfPage":{"@id":"https:\/\/carniaflex.com\/de\/kontakt#primaryimage"},"image":{"@id":"https:\/\/carniaflex.com\/de\/kontakt#primaryimage"},"thumbnailUrl":"https:\/\/carniaflex.com\/wp-content\/uploads\/2024\/07\/DSCN8007-1-1024x768.jpg","datePublished":"2024-07-16T10:34:59+00:00","dateModified":"2025-03-19T23:11:27+00:00","breadcrumb":{"@id":"https:\/\/carniaflex.com\/de\/kontakt#breadcrumb"},"inLanguage":"de","potentialAction":[{"@type":"ReadAction","target":["https:\/\/carniaflex.com\/de\/kontakt"]}]},{"@type":"ImageObject","inLanguage":"de","@id":"https:\/\/carniaflex.com\/de\/kontakt#primaryimage","url":"https:\/\/carniaflex.com\/wp-content\/uploads\/2024\/07\/DSCN8007-1-1024x768.jpg","contentUrl":"https:\/\/carniaflex.com\/wp-content\/uploads\/2024\/07\/DSCN8007-1-1024x768.jpg"},{"@type":"BreadcrumbList","@id":"https:\/\/carniaflex.com\/de\/kontakt#breadcrumb","itemListElement":[{"@type":"ListItem","position":1,"name":"Home","item":"https:\/\/carniaflex.com\/de"},{"@type":"ListItem","position":2,"name":"Kontakt"}]},{"@type":"WebSite","@id":"https:\/\/carniaflex.com\/de#website","url":"https:\/\/carniaflex.com\/de","name":"Carniaflex","description":"","publisher":{"@id":"https:\/\/carniaflex.com\/de#organization"},"potentialAction":[{"@type":"SearchAction","target":{"@type":"EntryPoint","urlTemplate":"https:\/\/carniaflex.com\/de?s={search_term_string}"},"query-input":{"@type":"PropertyValueSpecification","valueRequired":true,"valueName":"search_term_string"}}],"inLanguage":"de"},{"@type":"Organization","@id":"https:\/\/carniaflex.com\/de#organization","name":"Carniaflex","url":"https:\/\/carniaflex.com\/de","logo":{"@type":"ImageObject","inLanguage":"de","@id":"https:\/\/carniaflex.com\/de#\/schema\/logo\/image\/","url":"https:\/\/carniaflex.com\/wp-content\/uploads\/2023\/05\/carniaflex_logo.svg","contentUrl":"https:\/\/carniaflex.com\/wp-content\/uploads\/2023\/05\/carniaflex_logo.svg","width":1132,"height":279,"caption":"Carniaflex"},"image":{"@id":"https:\/\/carniaflex.com\/de#\/schema\/logo\/image\/"}}]}},"jetpack_sharing_enabled":true,"mfb_rest_fields":["yoast_head","yoast_head_json","jetpack_sharing_enabled"],"_links":{"self":[{"href":"https:\/\/carniaflex.com\/de\/wp-json\/wp\/v2\/pages\/6499","targetHints":{"allow":["GET"]}}],"collection":[{"href":"https:\/\/carniaflex.com\/de\/wp-json\/wp\/v2\/pages"}],"about":[{"href":"https:\/\/carniaflex.com\/de\/wp-json\/wp\/v2\/types\/page"}],"author":[{"embeddable":true,"href":"https:\/\/carniaflex.com\/de\/wp-json\/wp\/v2\/users\/1"}],"replies":[{"embeddable":true,"href":"https:\/\/carniaflex.com\/de\/wp-json\/wp\/v2\/comments?post=6499"}],"version-history":[{"count":5,"href":"https:\/\/carniaflex.com\/de\/wp-json\/wp\/v2\/pages\/6499\/revisions"}],"predecessor-version":[{"id":6705,"href":"https:\/\/carniaflex.com\/de\/wp-json\/wp\/v2\/pages\/6499\/revisions\/6705"}],"wp:attachment":[{"href":"https:\/\/carniaflex.com\/de\/wp-json\/wp\/v2\/media?parent=6499"}],"curies":[{"name":"wp","href":"https:\/\/api.w.org\/{rel}","templated":true}]}}