{"id":6504,"date":"2024-07-17T01:04:32","date_gmt":"2024-07-16T23:04:32","guid":{"rendered":"https:\/\/carniaflex.com\/nachhaltige-produktion"},"modified":"2025-02-19T18:00:27","modified_gmt":"2025-02-19T17:00:27","slug":"nachhaltige-produktion","status":"publish","type":"page","link":"https:\/\/carniaflex.com\/de\/nachhaltige-produktion","title":{"rendered":"Nachhaltige Produktion"},"content":{"rendered":"\n<figure class=\"wp-block-image alignwide size-large\"><img data-recalc-dims=\"1\" loading=\"lazy\" decoding=\"async\" width=\"1024\" height=\"556\" src=\"https:\/\/i0.wp.com\/carniaflex.com\/wp-content\/uploads\/2024\/07\/Screenshot-2024-07-02-alle-22.24.09-3.png?resize=1024%2C556&#038;ssl=1\" alt=\"\" class=\"wp-image-5283\" srcset=\"https:\/\/i0.wp.com\/carniaflex.com\/wp-content\/uploads\/2024\/07\/Screenshot-2024-07-02-alle-22.24.09-3.png?resize=1024%2C556&amp;ssl=1 1024w, https:\/\/i0.wp.com\/carniaflex.com\/wp-content\/uploads\/2024\/07\/Screenshot-2024-07-02-alle-22.24.09-3.png?resize=300%2C163&amp;ssl=1 300w, https:\/\/i0.wp.com\/carniaflex.com\/wp-content\/uploads\/2024\/07\/Screenshot-2024-07-02-alle-22.24.09-3.png?resize=768%2C417&amp;ssl=1 768w, https:\/\/i0.wp.com\/carniaflex.com\/wp-content\/uploads\/2024\/07\/Screenshot-2024-07-02-alle-22.24.09-3.png?resize=50%2C27&amp;ssl=1 50w, https:\/\/i0.wp.com\/carniaflex.com\/wp-content\/uploads\/2024\/07\/Screenshot-2024-07-02-alle-22.24.09-3.png?resize=1600%2C869&amp;ssl=1 1600w, https:\/\/i0.wp.com\/carniaflex.com\/wp-content\/uploads\/2024\/07\/Screenshot-2024-07-02-alle-22.24.09-3.png?resize=1536%2C834&amp;ssl=1 1536w, https:\/\/i0.wp.com\/carniaflex.com\/wp-content\/uploads\/2024\/07\/Screenshot-2024-07-02-alle-22.24.09-3.png?w=1903&amp;ssl=1 1903w\" sizes=\"auto, (max-width: 1000px) 100vw, 1000px\" \/><\/figure>\n\n<p class=\"has-medium-font-size tw-block-animation tw-animation-fade-in-up\">Wir glauben, dass die Qualit\u00e4t unserer Produkte Hand in Hand mit der Verantwortung gegen\u00fcber der Umwelt und der Gesellschaft gehen muss. Jede Phase des Produktionsprozesses wird sorgf\u00e4ltig analysiert, um die \u00f6kologischen Auswirkungen zu minimieren, ohne Kompromisse bei Pr\u00e4zision und Effizienz einzugehen. <br\/><\/p>\n\n<p class=\"has-medium-font-size tw-block-animation tw-animation-fade-in-up\">Wir arbeiten kontinuierlich daran, unsere Produktionstechnologien zu optimieren, indem wir innovative L\u00f6sungen einsetzen, die es uns erm\u00f6glichen, Abf\u00e4lle zu reduzieren und die Energieeffizienz zu verbessern. Wir verwenden nachhaltige Materialien und setzen uns daf\u00fcr ein, Recycling und Wiederverwendung immer dann umzusetzen, wenn es m\u00f6glich ist. Dar\u00fcber hinaus setzen wir uns daf\u00fcr ein, dass unsere Lieferanten dieselben Nachhaltigkeitswerte teilen, und arbeiten nur mit Partnern zusammen, die hohe Umwelt- und Sozialstandards einhalten. <\/p>\n\n<div style=\"height:4rem\" aria-hidden=\"true\" class=\"wp-block-spacer\"><\/div>\n","protected":false},"excerpt":{"rendered":"<p>Wir glauben, dass die Qualit\u00e4t unserer Produkte Hand in Hand mit der Verantwortung gegen\u00fcber der Umwelt und der Gesellschaft gehen muss. Jede Phase des Produktionsprozesses wird sorgf\u00e4ltig analysiert, um die \u00f6kologischen Auswirkungen zu minimieren, ohne Kompromisse bei Pr\u00e4zision und Effizienz einzugehen. Wir arbeiten kontinuierlich daran, unsere Produktionstechnologien zu optimieren, indem wir innovative L\u00f6sungen einsetzen, die [&hellip;]<\/p>\n","protected":false},"author":1,"featured_media":0,"parent":0,"menu_order":0,"comment_status":"closed","ping_status":"closed","template":"","meta":{"_coblocks_attr":"","_coblocks_dimensions":"","_coblocks_responsive_height":"","_coblocks_accordion_ie_support":"","footnotes":""},"class_list":["post-6504","page","type-page","status-publish","hentry"],"yoast_head":"<!-- This site is optimized with the Yoast SEO plugin v24.5 - https:\/\/yoast.com\/wordpress\/plugins\/seo\/ -->\n<title>Nachhaltige Produktion - Carniaflex<\/title>\n<meta name=\"robots\" content=\"index, follow, max-snippet:-1, max-image-preview:large, max-video-preview:-1\" \/>\n<link rel=\"canonical\" href=\"https:\/\/carniaflex.com\/de\/nachhaltige-produktion\" \/>\n<meta property=\"og:locale\" content=\"de_DE\" \/>\n<meta property=\"og:type\" content=\"article\" \/>\n<meta property=\"og:title\" content=\"Nachhaltige Produktion - Carniaflex\" \/>\n<meta property=\"og:description\" content=\"Wir glauben, dass die Qualit\u00e4t unserer Produkte Hand in Hand mit der Verantwortung gegen\u00fcber der Umwelt und der Gesellschaft gehen muss. Jede Phase des Produktionsprozesses wird sorgf\u00e4ltig analysiert, um die \u00f6kologischen Auswirkungen zu minimieren, ohne Kompromisse bei Pr\u00e4zision und Effizienz einzugehen. Wir arbeiten kontinuierlich daran, unsere Produktionstechnologien zu optimieren, indem wir innovative L\u00f6sungen einsetzen, die [&hellip;]\" \/>\n<meta property=\"og:url\" content=\"https:\/\/carniaflex.com\/de\/nachhaltige-produktion\" \/>\n<meta property=\"og:site_name\" content=\"Carniaflex\" \/>\n<meta property=\"article:modified_time\" content=\"2025-02-19T17:00:27+00:00\" \/>\n<meta property=\"og:image\" content=\"https:\/\/carniaflex.com\/wp-content\/uploads\/2024\/07\/Screenshot-2024-07-02-alle-22.24.09-3-1024x556.png\" \/>\n<meta name=\"twitter:card\" content=\"summary_large_image\" \/>\n<meta name=\"twitter:label1\" content=\"Gesch\u00e4tzte Lesezeit\" \/>\n\t<meta name=\"twitter:data1\" content=\"1\u00a0Minute\" \/>\n<script type=\"application\/ld+json\" class=\"yoast-schema-graph\">{\"@context\":\"https:\/\/schema.org\",\"@graph\":[{\"@type\":\"WebPage\",\"@id\":\"https:\/\/carniaflex.com\/de\/nachhaltige-produktion\",\"url\":\"https:\/\/carniaflex.com\/de\/nachhaltige-produktion\",\"name\":\"Nachhaltige Produktion - Carniaflex\",\"isPartOf\":{\"@id\":\"https:\/\/carniaflex.com\/de#website\"},\"primaryImageOfPage\":{\"@id\":\"https:\/\/carniaflex.com\/de\/nachhaltige-produktion#primaryimage\"},\"image\":{\"@id\":\"https:\/\/carniaflex.com\/de\/nachhaltige-produktion#primaryimage\"},\"thumbnailUrl\":\"https:\/\/carniaflex.com\/wp-content\/uploads\/2024\/07\/Screenshot-2024-07-02-alle-22.24.09-3-1024x556.png\",\"datePublished\":\"2024-07-16T23:04:32+00:00\",\"dateModified\":\"2025-02-19T17:00:27+00:00\",\"breadcrumb\":{\"@id\":\"https:\/\/carniaflex.com\/de\/nachhaltige-produktion#breadcrumb\"},\"inLanguage\":\"de\",\"potentialAction\":[{\"@type\":\"ReadAction\",\"target\":[\"https:\/\/carniaflex.com\/de\/nachhaltige-produktion\"]}]},{\"@type\":\"ImageObject\",\"inLanguage\":\"de\",\"@id\":\"https:\/\/carniaflex.com\/de\/nachhaltige-produktion#primaryimage\",\"url\":\"https:\/\/carniaflex.com\/wp-content\/uploads\/2024\/07\/Screenshot-2024-07-02-alle-22.24.09-3-1024x556.png\",\"contentUrl\":\"https:\/\/carniaflex.com\/wp-content\/uploads\/2024\/07\/Screenshot-2024-07-02-alle-22.24.09-3-1024x556.png\"},{\"@type\":\"BreadcrumbList\",\"@id\":\"https:\/\/carniaflex.com\/de\/nachhaltige-produktion#breadcrumb\",\"itemListElement\":[{\"@type\":\"ListItem\",\"position\":1,\"name\":\"Home\",\"item\":\"https:\/\/carniaflex.com\/de\"},{\"@type\":\"ListItem\",\"position\":2,\"name\":\"Nachhaltige Produktion\"}]},{\"@type\":\"WebSite\",\"@id\":\"https:\/\/carniaflex.com\/de#website\",\"url\":\"https:\/\/carniaflex.com\/de\",\"name\":\"Carniaflex\",\"description\":\"\",\"publisher\":{\"@id\":\"https:\/\/carniaflex.com\/de#organization\"},\"potentialAction\":[{\"@type\":\"SearchAction\",\"target\":{\"@type\":\"EntryPoint\",\"urlTemplate\":\"https:\/\/carniaflex.com\/de?s={search_term_string}\"},\"query-input\":{\"@type\":\"PropertyValueSpecification\",\"valueRequired\":true,\"valueName\":\"search_term_string\"}}],\"inLanguage\":\"de\"},{\"@type\":\"Organization\",\"@id\":\"https:\/\/carniaflex.com\/de#organization\",\"name\":\"Carniaflex\",\"url\":\"https:\/\/carniaflex.com\/de\",\"logo\":{\"@type\":\"ImageObject\",\"inLanguage\":\"de\",\"@id\":\"https:\/\/carniaflex.com\/de#\/schema\/logo\/image\/\",\"url\":\"https:\/\/carniaflex.com\/wp-content\/uploads\/2023\/05\/carniaflex_logo.svg\",\"contentUrl\":\"https:\/\/carniaflex.com\/wp-content\/uploads\/2023\/05\/carniaflex_logo.svg\",\"width\":1132,\"height\":279,\"caption\":\"Carniaflex\"},\"image\":{\"@id\":\"https:\/\/carniaflex.com\/de#\/schema\/logo\/image\/\"}}]}<\/script>\n<!-- \/ Yoast SEO plugin. -->","yoast_head_json":{"title":"Nachhaltige Produktion - Carniaflex","robots":{"index":"index","follow":"follow","max-snippet":"max-snippet:-1","max-image-preview":"max-image-preview:large","max-video-preview":"max-video-preview:-1"},"canonical":"https:\/\/carniaflex.com\/de\/nachhaltige-produktion","og_locale":"de_DE","og_type":"article","og_title":"Nachhaltige Produktion - Carniaflex","og_description":"Wir glauben, dass die Qualit\u00e4t unserer Produkte Hand in Hand mit der Verantwortung gegen\u00fcber der Umwelt und der Gesellschaft gehen muss. Jede Phase des Produktionsprozesses wird sorgf\u00e4ltig analysiert, um die \u00f6kologischen Auswirkungen zu minimieren, ohne Kompromisse bei Pr\u00e4zision und Effizienz einzugehen. Wir arbeiten kontinuierlich daran, unsere Produktionstechnologien zu optimieren, indem wir innovative L\u00f6sungen einsetzen, die [&hellip;]","og_url":"https:\/\/carniaflex.com\/de\/nachhaltige-produktion","og_site_name":"Carniaflex","article_modified_time":"2025-02-19T17:00:27+00:00","og_image":[{"url":"https:\/\/carniaflex.com\/wp-content\/uploads\/2024\/07\/Screenshot-2024-07-02-alle-22.24.09-3-1024x556.png","type":"","width":"","height":""}],"twitter_card":"summary_large_image","twitter_misc":{"Gesch\u00e4tzte Lesezeit":"1\u00a0Minute"},"schema":{"@context":"https:\/\/schema.org","@graph":[{"@type":"WebPage","@id":"https:\/\/carniaflex.com\/de\/nachhaltige-produktion","url":"https:\/\/carniaflex.com\/de\/nachhaltige-produktion","name":"Nachhaltige Produktion - Carniaflex","isPartOf":{"@id":"https:\/\/carniaflex.com\/de#website"},"primaryImageOfPage":{"@id":"https:\/\/carniaflex.com\/de\/nachhaltige-produktion#primaryimage"},"image":{"@id":"https:\/\/carniaflex.com\/de\/nachhaltige-produktion#primaryimage"},"thumbnailUrl":"https:\/\/carniaflex.com\/wp-content\/uploads\/2024\/07\/Screenshot-2024-07-02-alle-22.24.09-3-1024x556.png","datePublished":"2024-07-16T23:04:32+00:00","dateModified":"2025-02-19T17:00:27+00:00","breadcrumb":{"@id":"https:\/\/carniaflex.com\/de\/nachhaltige-produktion#breadcrumb"},"inLanguage":"de","potentialAction":[{"@type":"ReadAction","target":["https:\/\/carniaflex.com\/de\/nachhaltige-produktion"]}]},{"@type":"ImageObject","inLanguage":"de","@id":"https:\/\/carniaflex.com\/de\/nachhaltige-produktion#primaryimage","url":"https:\/\/carniaflex.com\/wp-content\/uploads\/2024\/07\/Screenshot-2024-07-02-alle-22.24.09-3-1024x556.png","contentUrl":"https:\/\/carniaflex.com\/wp-content\/uploads\/2024\/07\/Screenshot-2024-07-02-alle-22.24.09-3-1024x556.png"},{"@type":"BreadcrumbList","@id":"https:\/\/carniaflex.com\/de\/nachhaltige-produktion#breadcrumb","itemListElement":[{"@type":"ListItem","position":1,"name":"Home","item":"https:\/\/carniaflex.com\/de"},{"@type":"ListItem","position":2,"name":"Nachhaltige Produktion"}]},{"@type":"WebSite","@id":"https:\/\/carniaflex.com\/de#website","url":"https:\/\/carniaflex.com\/de","name":"Carniaflex","description":"","publisher":{"@id":"https:\/\/carniaflex.com\/de#organization"},"potentialAction":[{"@type":"SearchAction","target":{"@type":"EntryPoint","urlTemplate":"https:\/\/carniaflex.com\/de?s={search_term_string}"},"query-input":{"@type":"PropertyValueSpecification","valueRequired":true,"valueName":"search_term_string"}}],"inLanguage":"de"},{"@type":"Organization","@id":"https:\/\/carniaflex.com\/de#organization","name":"Carniaflex","url":"https:\/\/carniaflex.com\/de","logo":{"@type":"ImageObject","inLanguage":"de","@id":"https:\/\/carniaflex.com\/de#\/schema\/logo\/image\/","url":"https:\/\/carniaflex.com\/wp-content\/uploads\/2023\/05\/carniaflex_logo.svg","contentUrl":"https:\/\/carniaflex.com\/wp-content\/uploads\/2023\/05\/carniaflex_logo.svg","width":1132,"height":279,"caption":"Carniaflex"},"image":{"@id":"https:\/\/carniaflex.com\/de#\/schema\/logo\/image\/"}}]}},"jetpack_sharing_enabled":true,"mfb_rest_fields":["yoast_head","yoast_head_json","jetpack_sharing_enabled"],"_links":{"self":[{"href":"https:\/\/carniaflex.com\/de\/wp-json\/wp\/v2\/pages\/6504","targetHints":{"allow":["GET"]}}],"collection":[{"href":"https:\/\/carniaflex.com\/de\/wp-json\/wp\/v2\/pages"}],"about":[{"href":"https:\/\/carniaflex.com\/de\/wp-json\/wp\/v2\/types\/page"}],"author":[{"embeddable":true,"href":"https:\/\/carniaflex.com\/de\/wp-json\/wp\/v2\/users\/1"}],"replies":[{"embeddable":true,"href":"https:\/\/carniaflex.com\/de\/wp-json\/wp\/v2\/comments?post=6504"}],"version-history":[{"count":1,"href":"https:\/\/carniaflex.com\/de\/wp-json\/wp\/v2\/pages\/6504\/revisions"}],"predecessor-version":[{"id":6505,"href":"https:\/\/carniaflex.com\/de\/wp-json\/wp\/v2\/pages\/6504\/revisions\/6505"}],"wp:attachment":[{"href":"https:\/\/carniaflex.com\/de\/wp-json\/wp\/v2\/media?parent=6504"}],"curies":[{"name":"wp","href":"https:\/\/api.w.org\/{rel}","templated":true}]}}