{"id":6552,"date":"2024-05-31T18:05:36","date_gmt":"2024-05-31T16:05:36","guid":{"rendered":"https:\/\/carniaflex.com\/dokumentation"},"modified":"2025-03-18T23:03:08","modified_gmt":"2025-03-18T22:03:08","slug":"dokumentation","status":"publish","type":"page","link":"https:\/\/carniaflex.com\/de\/hi-mec\/dokumentation","title":{"rendered":"Dokumentation"},"content":{"rendered":"\n<div class=\"wp-block-group alignfull has-accent-2-background-color has-background has-global-padding is-layout-constrained wp-container-core-group-is-layout-1 wp-block-group-is-layout-constrained tw-block-animation tw-animation-fade-in\" style=\"margin-top:0;margin-bottom:0;padding-top:4rem;padding-right:2rem;padding-bottom:4rem;padding-left:2rem\">\n<div class=\"wp-block-columns alignwide is-layout-flex wp-container-core-columns-is-layout-1 wp-block-columns-is-layout-flex\">\n<div class=\"wp-block-column is-layout-flow wp-block-column-is-layout-flow\" style=\"--col-width:40%;flex-basis:40%\">\n<h2 class=\"wp-block-heading\"><strong>Pr\u00e4sentation<\/strong><\/h2>\n<\/div>\n\n\n\n<div class=\"wp-block-column is-layout-flow wp-container-core-column-is-layout-2 wp-block-column-is-layout-flow\" style=\"--col-width:60%;flex-basis:60%\">\n<p>Carniaflex stellt eine umfassende Palette technischer Ressourcen zur Verf\u00fcgung, um Kunden bei der Nutzung und dem Verst\u00e4ndnis unserer hochpr\u00e4zisen Produkte zu unterst\u00fctzen.<\/p>\n\n\n\n<div class=\"wp-block-buttons is-layout-flex wp-block-buttons-is-layout-flex\">\n<div class=\"wp-block-button is-style-outline is-style-outline--1\"><a class=\"wp-block-button__link wp-element-button\" href=\"https:\/\/carniaflex.com\/wp-content\/uploads\/2024\/07\/CFLEX_Depliant-Hi-Mec-2022-low.pdf\">\u2193 Pr\u00e4sentation herunterladen<\/a><\/div>\n<\/div>\n<\/div>\n<\/div>\n<\/div>\n\n\n\n<hr style=\"height:2px;\" class=\"wp-block-separator has-text-color has-contrast-2-color has-alpha-channel-opacity has-contrast-2-background-color has-background tw-block-animation tw-animation-wipe-left\"\/>\n\n\n\n<div class=\"wp-block-group alignfull has-accent-2-background-color has-background has-global-padding is-layout-constrained wp-container-core-group-is-layout-2 wp-block-group-is-layout-constrained tw-block-animation tw-animation-fade-in\" style=\"margin-top:0;margin-bottom:0;padding-top:4rem;padding-right:2rem;padding-bottom:4rem;padding-left:2rem\">\n<div class=\"wp-block-columns alignwide is-layout-flex wp-container-core-columns-is-layout-2 wp-block-columns-is-layout-flex\">\n<div class=\"wp-block-column is-layout-flow wp-block-column-is-layout-flow\" style=\"--col-width:40%;flex-basis:40%\">\n<h2 class=\"wp-block-heading\"><strong>Zertifizierungen<\/strong><\/h2>\n<\/div>\n\n\n\n<div class=\"wp-block-column is-layout-flow wp-container-core-column-is-layout-4 wp-block-column-is-layout-flow\" style=\"--col-width:60%;flex-basis:60%\">\n<p>Hi-Mec ist bestrebt, h\u00f6chste Qualit\u00e4ts- und Sicherheitsstandards zu gew\u00e4hrleisten. In diesem Bereich k\u00f6nnen Kunden alle Zertifizierungen einsehen, die die Konformit\u00e4t unserer Produkte mit internationalen Normen best\u00e4tigen. Die Zertifizierungen umfassen ISO und weitere Konformit\u00e4tsbescheinigungen, die die Zuverl\u00e4ssigkeit und Qualit\u00e4t unserer Pr\u00e4zisionsprodukte sicherstellen.  <\/p>\n\n\n\n<div class=\"wp-block-buttons is-layout-flex wp-block-buttons-is-layout-flex\">\n<div class=\"wp-block-button is-style-outline is-style-outline--2\"><a class=\"wp-block-button__link wp-element-button\" href=\"https:\/\/carniaflex.com\/de\/corporate\/zertifizierungen\">Zertifizierungen anzeigen \u2192<\/a><\/div>\n<\/div>\n<\/div>\n<\/div>\n<\/div>\n\n\n\n<div class=\"wp-block-group alignfull tw-lg-hidden tw-sm-hidden tw-md-hidden has-contrast-background-color has-background has-global-padding is-layout-constrained wp-container-core-group-is-layout-3 wp-block-group-is-layout-constrained\" style=\"margin-top:0;margin-bottom:0;padding-top:4rem;padding-right:2rem;padding-bottom:4rem;padding-left:2rem\">\n<div class=\"wp-block-columns alignwide is-layout-flex wp-container-core-columns-is-layout-3 wp-block-columns-is-layout-flex\">\n<div class=\"wp-block-column is-layout-flow wp-block-column-is-layout-flow\" style=\"--col-width:40%;flex-basis:40%\">\n<h2 class=\"wp-block-heading has-base-color has-text-color has-link-color wp-elements-f4950a3d7da378542700e022ef1e6aab\"><strong>Case Studies<\/strong><\/h2>\n<\/div>\n\n\n\n<div class=\"wp-block-column is-layout-flow wp-block-column-is-layout-flow\" style=\"--col-width:60%;flex-basis:60%\">\n<p class=\"has-base-color has-text-color has-link-color wp-elements-95599737409449431f4e5b7594ebda2a\" style=\"font-size:clamp(1.125rem, 1.125rem + ((1vw - 0.2rem) * 0.208), 1.25rem);line-height:1.2\">Entdecken Sie, wie unsere flexiblen Schl\u00e4uche erfolgreich in verschiedenen Branchen eingesetzt wurden, durch unsere Fallstudien. Diese Dokumente bieten eine detaillierte Analyse realer Projekte und zeigen die innovativen L\u00f6sungen, die Carniaflex entwickelt hat, um die spezifischen Anforderungen unserer Kunden zu erf\u00fcllen. <\/p>\n<\/div>\n<\/div>\n<\/div>\n","protected":false},"excerpt":{"rendered":"<p>Pr\u00e4sentation Carniaflex stellt eine umfassende Palette technischer Ressourcen zur Verf\u00fcgung, um Kunden bei der Nutzung und dem Verst\u00e4ndnis unserer hochpr\u00e4zisen Produkte zu unterst\u00fctzen. Zertifizierungen Hi-Mec ist bestrebt, h\u00f6chste Qualit\u00e4ts- und Sicherheitsstandards zu gew\u00e4hrleisten. In diesem Bereich k\u00f6nnen Kunden alle Zertifizierungen einsehen, die die Konformit\u00e4t unserer Produkte mit internationalen Normen best\u00e4tigen. Die Zertifizierungen umfassen ISO und [&hellip;]<\/p>\n","protected":false},"author":1,"featured_media":0,"parent":6593,"menu_order":0,"comment_status":"closed","ping_status":"closed","template":"","meta":{"_coblocks_attr":"","_coblocks_dimensions":"","_coblocks_responsive_height":"","_coblocks_accordion_ie_support":"","footnotes":""},"class_list":["post-6552","page","type-page","status-publish","hentry"],"yoast_head":"<!-- This site is optimized with the Yoast SEO plugin v24.5 - https:\/\/yoast.com\/wordpress\/plugins\/seo\/ -->\n<title>Dokumentation - Carniaflex<\/title>\n<meta name=\"robots\" content=\"index, follow, max-snippet:-1, max-image-preview:large, max-video-preview:-1\" \/>\n<link rel=\"canonical\" href=\"https:\/\/carniaflex.com\/de\/hi-mec\/dokumentation\" \/>\n<meta property=\"og:locale\" content=\"de_DE\" \/>\n<meta property=\"og:type\" content=\"article\" \/>\n<meta property=\"og:title\" content=\"Dokumentation - Carniaflex\" \/>\n<meta property=\"og:description\" content=\"Pr\u00e4sentation Carniaflex stellt eine umfassende Palette technischer Ressourcen zur Verf\u00fcgung, um Kunden bei der Nutzung und dem Verst\u00e4ndnis unserer hochpr\u00e4zisen Produkte zu unterst\u00fctzen. Zertifizierungen Hi-Mec ist bestrebt, h\u00f6chste Qualit\u00e4ts- und Sicherheitsstandards zu gew\u00e4hrleisten. In diesem Bereich k\u00f6nnen Kunden alle Zertifizierungen einsehen, die die Konformit\u00e4t unserer Produkte mit internationalen Normen best\u00e4tigen. Die Zertifizierungen umfassen ISO und [&hellip;]\" \/>\n<meta property=\"og:url\" content=\"https:\/\/carniaflex.com\/de\/hi-mec\/dokumentation\" \/>\n<meta property=\"og:site_name\" content=\"Carniaflex\" \/>\n<meta property=\"article:modified_time\" content=\"2025-03-18T22:03:08+00:00\" \/>\n<meta name=\"twitter:card\" content=\"summary_large_image\" \/>\n<meta name=\"twitter:label1\" content=\"Gesch\u00e4tzte Lesezeit\" \/>\n\t<meta name=\"twitter:data1\" content=\"1\u00a0Minute\" \/>\n<script type=\"application\/ld+json\" class=\"yoast-schema-graph\">{\"@context\":\"https:\/\/schema.org\",\"@graph\":[{\"@type\":\"WebPage\",\"@id\":\"https:\/\/carniaflex.com\/de\/hi-mec\/dokumentation\",\"url\":\"https:\/\/carniaflex.com\/de\/hi-mec\/dokumentation\",\"name\":\"Dokumentation - Carniaflex\",\"isPartOf\":{\"@id\":\"https:\/\/carniaflex.com\/de#website\"},\"datePublished\":\"2024-05-31T16:05:36+00:00\",\"dateModified\":\"2025-03-18T22:03:08+00:00\",\"breadcrumb\":{\"@id\":\"https:\/\/carniaflex.com\/de\/hi-mec\/dokumentation#breadcrumb\"},\"inLanguage\":\"de\",\"potentialAction\":[{\"@type\":\"ReadAction\",\"target\":[\"https:\/\/carniaflex.com\/de\/hi-mec\/dokumentation\"]}]},{\"@type\":\"BreadcrumbList\",\"@id\":\"https:\/\/carniaflex.com\/de\/hi-mec\/dokumentation#breadcrumb\",\"itemListElement\":[{\"@type\":\"ListItem\",\"position\":1,\"name\":\"Home\",\"item\":\"https:\/\/carniaflex.com\/de\"},{\"@type\":\"ListItem\",\"position\":2,\"name\":\"Hi-MEC\",\"item\":\"https:\/\/carniaflex.com\/de\/hi-mec\"},{\"@type\":\"ListItem\",\"position\":3,\"name\":\"Dokumentation\"}]},{\"@type\":\"WebSite\",\"@id\":\"https:\/\/carniaflex.com\/de#website\",\"url\":\"https:\/\/carniaflex.com\/de\",\"name\":\"Carniaflex\",\"description\":\"\",\"publisher\":{\"@id\":\"https:\/\/carniaflex.com\/de#organization\"},\"potentialAction\":[{\"@type\":\"SearchAction\",\"target\":{\"@type\":\"EntryPoint\",\"urlTemplate\":\"https:\/\/carniaflex.com\/de?s={search_term_string}\"},\"query-input\":{\"@type\":\"PropertyValueSpecification\",\"valueRequired\":true,\"valueName\":\"search_term_string\"}}],\"inLanguage\":\"de\"},{\"@type\":\"Organization\",\"@id\":\"https:\/\/carniaflex.com\/de#organization\",\"name\":\"Carniaflex\",\"url\":\"https:\/\/carniaflex.com\/de\",\"logo\":{\"@type\":\"ImageObject\",\"inLanguage\":\"de\",\"@id\":\"https:\/\/carniaflex.com\/de#\/schema\/logo\/image\/\",\"url\":\"https:\/\/carniaflex.com\/wp-content\/uploads\/2023\/05\/carniaflex_logo.svg\",\"contentUrl\":\"https:\/\/carniaflex.com\/wp-content\/uploads\/2023\/05\/carniaflex_logo.svg\",\"width\":1132,\"height\":279,\"caption\":\"Carniaflex\"},\"image\":{\"@id\":\"https:\/\/carniaflex.com\/de#\/schema\/logo\/image\/\"}}]}<\/script>\n<!-- \/ Yoast SEO plugin. -->","yoast_head_json":{"title":"Dokumentation - Carniaflex","robots":{"index":"index","follow":"follow","max-snippet":"max-snippet:-1","max-image-preview":"max-image-preview:large","max-video-preview":"max-video-preview:-1"},"canonical":"https:\/\/carniaflex.com\/de\/hi-mec\/dokumentation","og_locale":"de_DE","og_type":"article","og_title":"Dokumentation - Carniaflex","og_description":"Pr\u00e4sentation Carniaflex stellt eine umfassende Palette technischer Ressourcen zur Verf\u00fcgung, um Kunden bei der Nutzung und dem Verst\u00e4ndnis unserer hochpr\u00e4zisen Produkte zu unterst\u00fctzen. Zertifizierungen Hi-Mec ist bestrebt, h\u00f6chste Qualit\u00e4ts- und Sicherheitsstandards zu gew\u00e4hrleisten. In diesem Bereich k\u00f6nnen Kunden alle Zertifizierungen einsehen, die die Konformit\u00e4t unserer Produkte mit internationalen Normen best\u00e4tigen. Die Zertifizierungen umfassen ISO und [&hellip;]","og_url":"https:\/\/carniaflex.com\/de\/hi-mec\/dokumentation","og_site_name":"Carniaflex","article_modified_time":"2025-03-18T22:03:08+00:00","twitter_card":"summary_large_image","twitter_misc":{"Gesch\u00e4tzte Lesezeit":"1\u00a0Minute"},"schema":{"@context":"https:\/\/schema.org","@graph":[{"@type":"WebPage","@id":"https:\/\/carniaflex.com\/de\/hi-mec\/dokumentation","url":"https:\/\/carniaflex.com\/de\/hi-mec\/dokumentation","name":"Dokumentation - Carniaflex","isPartOf":{"@id":"https:\/\/carniaflex.com\/de#website"},"datePublished":"2024-05-31T16:05:36+00:00","dateModified":"2025-03-18T22:03:08+00:00","breadcrumb":{"@id":"https:\/\/carniaflex.com\/de\/hi-mec\/dokumentation#breadcrumb"},"inLanguage":"de","potentialAction":[{"@type":"ReadAction","target":["https:\/\/carniaflex.com\/de\/hi-mec\/dokumentation"]}]},{"@type":"BreadcrumbList","@id":"https:\/\/carniaflex.com\/de\/hi-mec\/dokumentation#breadcrumb","itemListElement":[{"@type":"ListItem","position":1,"name":"Home","item":"https:\/\/carniaflex.com\/de"},{"@type":"ListItem","position":2,"name":"Hi-MEC","item":"https:\/\/carniaflex.com\/de\/hi-mec"},{"@type":"ListItem","position":3,"name":"Dokumentation"}]},{"@type":"WebSite","@id":"https:\/\/carniaflex.com\/de#website","url":"https:\/\/carniaflex.com\/de","name":"Carniaflex","description":"","publisher":{"@id":"https:\/\/carniaflex.com\/de#organization"},"potentialAction":[{"@type":"SearchAction","target":{"@type":"EntryPoint","urlTemplate":"https:\/\/carniaflex.com\/de?s={search_term_string}"},"query-input":{"@type":"PropertyValueSpecification","valueRequired":true,"valueName":"search_term_string"}}],"inLanguage":"de"},{"@type":"Organization","@id":"https:\/\/carniaflex.com\/de#organization","name":"Carniaflex","url":"https:\/\/carniaflex.com\/de","logo":{"@type":"ImageObject","inLanguage":"de","@id":"https:\/\/carniaflex.com\/de#\/schema\/logo\/image\/","url":"https:\/\/carniaflex.com\/wp-content\/uploads\/2023\/05\/carniaflex_logo.svg","contentUrl":"https:\/\/carniaflex.com\/wp-content\/uploads\/2023\/05\/carniaflex_logo.svg","width":1132,"height":279,"caption":"Carniaflex"},"image":{"@id":"https:\/\/carniaflex.com\/de#\/schema\/logo\/image\/"}}]}},"jetpack_sharing_enabled":true,"mfb_rest_fields":["yoast_head","yoast_head_json","jetpack_sharing_enabled"],"_links":{"self":[{"href":"https:\/\/carniaflex.com\/de\/wp-json\/wp\/v2\/pages\/6552","targetHints":{"allow":["GET"]}}],"collection":[{"href":"https:\/\/carniaflex.com\/de\/wp-json\/wp\/v2\/pages"}],"about":[{"href":"https:\/\/carniaflex.com\/de\/wp-json\/wp\/v2\/types\/page"}],"author":[{"embeddable":true,"href":"https:\/\/carniaflex.com\/de\/wp-json\/wp\/v2\/users\/1"}],"replies":[{"embeddable":true,"href":"https:\/\/carniaflex.com\/de\/wp-json\/wp\/v2\/comments?post=6552"}],"version-history":[{"count":3,"href":"https:\/\/carniaflex.com\/de\/wp-json\/wp\/v2\/pages\/6552\/revisions"}],"predecessor-version":[{"id":6661,"href":"https:\/\/carniaflex.com\/de\/wp-json\/wp\/v2\/pages\/6552\/revisions\/6661"}],"up":[{"embeddable":true,"href":"https:\/\/carniaflex.com\/de\/wp-json\/wp\/v2\/pages\/6593"}],"wp:attachment":[{"href":"https:\/\/carniaflex.com\/de\/wp-json\/wp\/v2\/media?parent=6552"}],"curies":[{"name":"wp","href":"https:\/\/api.w.org\/{rel}","templated":true}]}}